{"id":2571,"date":"2024-01-17T13:35:51","date_gmt":"2024-01-17T12:35:51","guid":{"rendered":"https:\/\/www.foozos.hr\/hr\/?page_id=2571"},"modified":"2026-02-03T10:43:27","modified_gmt":"2026-02-03T09:43:27","slug":"tijela-fakulteta-2","status":"publish","type":"page","link":"https:\/\/www.foozos.hr\/en\/tijela-fakulteta-2\/","title":{"rendered":"Faculty bodies"},"content":{"rendered":"<p><\/p>\n\n\n\n<figure class=\"wp-block-table is-style-regular\"><table class=\"has-fixed-layout\"><tbody><tr><td class=\"has-text-align-center\" data-align=\"center\"><strong>Emina Berbi\u0107 Kolar, Full Professor, Ph.D.<\/strong><br>Dean<br><a href=\"mailto:eberbic@foozos.hr\">eberbic@foozos.hr<\/a><\/td><\/tr><\/tbody><\/table><\/figure>\n\n\n\n<figure class=\"wp-block-table is-style-regular\"><table class=\"has-fixed-layout\"><tbody><tr><td class=\"has-text-align-center\" data-align=\"center\"><strong>Lidija Bakota, Associate Professor, Ph.D.<\/strong><br>Vice dean for teaching<br><a href=\"mailto:lbakota@foozos.hr\">lbakota@foozos.hr<\/a><\/td><td class=\"has-text-align-center\" data-align=\"center\"><strong>Maja Brust Nemet, Associate Professor, Ph.D.<\/strong><br>Vice dean for science<br><a href=\"mailto:mbrust@foozos.hr\">mbrust@foozos.hr<\/a><\/td><td class=\"has-text-align-center\" data-align=\"center\"><strong>Pavao Nuji\u0107, Assistant Professor, Ph.D.<\/strong><br>Vice dean for study programmes and development<br><a href=\"mailto:pnujic@foozos.hr\">pnujic@foozos.hr<\/a><br><\/td><td class=\"has-text-align-center\" data-align=\"center\"><strong>Vjekoslav Galzina, Associate Professor, Ph.D.<\/strong><br>Vice dean for business relations and international cooperation<br><a href=\"mailto:vgalzina@foozos.hr\">vgalzina@foozos.hr<\/a><\/td><\/tr><\/tbody><\/table><\/figure>\n\n\n\n<figure class=\"wp-block-table is-style-regular\"><table><tbody><tr><td class=\"has-text-align-center\" data-align=\"center\"><strong>Biljana Gra\u0161a<\/strong><br>Secretary<br><a href=\"mailto:bgrasa@foozos.hr\" target=\"_blank\" rel=\"noreferrer noopener\">bgrasa@foozos.hr<\/a><\/td><\/tr><\/tbody><\/table><\/figure>\n\n\n\n<p class=\"has-text-align-center has-large-font-size\"><strong>Faculty council<\/strong><\/p>\n\n\n\n<p class=\"has-text-align-center\">Emina Berbi\u0107 Kolar, Full Professor, Ph.D., Dean<\/p>\n\n\n\n<p class=\"has-text-align-center\">Lidija Bakota, Associate Professor, Ph.D., Vice dean<\/p>\n\n\n\n<p class=\"has-text-align-center\">Maja Brust Nemet, Associate Professor, Ph.D., Vice dean<\/p>\n\n\n\n<p class=\"has-text-align-center\">Vjekoslav Galzina, Associate Professor, Ph.D., Vice dean<\/p>\n\n\n\n<p class=\"has-text-align-center\">Pavao Nuji\u0107, Assistant Professor, Ph.D., Vice dean<\/p>\n\n\n\n<p class=\"has-text-align-center\">Irella Bogut, Full Professor, Ph.D.<\/p>\n\n\n\n<p class=\"has-text-align-center\">Edita Bori\u0107, Full Professor with tenure, Ph.D.<\/p>\n\n\n\n<p class=\"has-text-align-center\">Zdenka Kolar-Begovi\u0107, Full Professor with tenure, Ph.D.<\/p>\n\n\n\n<p class=\"has-text-align-center\">Damir Matanovi\u0107, Full Professor, Ph.D.<\/p>\n\n\n\n<p class=\"has-text-align-center\">Mira Peri\u0107, Full Professor with tenure, Ph. D. in Art<\/p>\n\n\n\n<p class=\"has-text-align-center\">Ivana \u0110ur\u0111evi\u0107 Babi\u0107, Full Professor, Ph.D.<\/p>\n\n\n\n<p class=\"has-text-align-center\">Ru\u017eica Kolar-\u0160uper, Full Professor, Ph.D.<\/p>\n\n\n\n<p class=\"has-text-align-center\">Goran Kujund\u017ei\u0107, Full Professor, Ph.D. in Art<\/p>\n\n\n\n<p class=\"has-text-align-center\">Zvonimir U\u017earevi\u0107, Full Professor, Ph.D.<\/p>\n\n\n\n<p class=\"has-text-align-center\">Tena Velki, Full Professor, Ph.D.<\/p>\n\n\n\n<p class=\"has-text-align-center\">Tijana Borovac, Associate Professor, Ph.D.<\/p>\n\n\n\n<p class=\"has-text-align-center\">Snje\u017eana Dubovicki, Associate Professor, Ph.D.<\/p>\n\n\n\n<p class=\"has-text-align-center\">Ivica Kelam, Associate Professor, Ph.D.<\/p>\n\n\n\n<p class=\"has-text-align-center\">Jelena Kova\u010devi\u0107, Ph.D. in Art<\/p>\n\n\n\n<p class=\"has-text-align-center\">Gordana Lesinger, Associate Professor, Ph.D.<\/p>\n\n\n\n<p class=\"has-text-align-center\">Nina Mance, Associate Professor, Ph.D.<\/p>\n\n\n\n<p class=\"has-text-align-center\">Valentina Majdeni\u0107, Associate Professor, Ph.D.<\/p>\n\n\n\n<p class=\"has-text-align-center\">Ivana Marini\u0107, Associate Professor, Ph.D.<\/p>\n\n\n\n<p class=\"has-text-align-center\">Jadranka Mlikota, Associate Professor, Ph.D.<\/p>\n\n\n\n<p class=\"has-text-align-center\">Ivana Moritz, Associate Professor, Ph.D.<\/p>\n\n\n\n<p class=\"has-text-align-center\">Ivana Moritz, Associate Professor, Ph.D.<\/p>\n\n\n\n<p class=\"has-text-align-center\">Zvjezdana Penava Brekalo, Associate Professor, Ph.D.<\/p>\n\n\n\n<p class=\"has-text-align-center\">Dubravka Smaji\u0107, Associate Professor, Ph.D.<\/p>\n\n\n\n<p class=\"has-text-align-center\">Vesna Svalina, Associate Professor, Ph.D.<\/p>\n\n\n\n<p class=\"has-text-align-center\">Alma \u0160kugor, Associate Professor, Ph.D.<\/p>\n\n\n\n<p class=\"has-text-align-center\">Marko \u0160o\u0161i\u0107, Associate Professor, Ph.D. in Art<\/p>\n\n\n\n<p class=\"has-text-align-center\">Ivana Trtanj, Associate Professor, Ph.D.<\/p>\n\n\n\n<p class=\"has-text-align-center\">Rahaela Varga, Associate Professor, Ph.D.<\/p>\n\n\n\n<p class=\"has-text-align-center\">Vedrana \u017divkovi\u0107 Zebec, Associate Professor, Ph.D.<\/p>\n\n\n\n<p class=\"has-text-align-center\">Karolina Dobi Bari\u0161i\u0107, Assistant Professor, Ph.D.<\/p>\n\n\n\n<p class=\"has-text-align-center\">Mirna Erk, Assistant Professor, Ph.D.<\/p>\n\n\n\n<p class=\"has-text-align-center\">Blanka Gigi\u0107 Karl, Assistant Professor, Ph.D.<\/p>\n\n\n\n<p class=\"has-text-align-center\">Antonija Huljev, Assistant Professor, Ph.D.<\/p>\n\n\n\n<p class=\"has-text-align-center\">Dunja Juri\u0107 Vukeli\u0107, Assistant Professor, Ph.D.<\/p>\n\n\n\n<p class=\"has-text-align-center\">Ana Kataleni\u0107, Assistant Professor, Ph.D.<\/p>\n\n\n\n<p class=\"has-text-align-center\">Aleksandra Krampa\u010d-Grlju\u0161i\u0107, Assistant Professor, Ph.D.<\/p>\n\n\n\n<p class=\"has-text-align-center\">Darija Kuhari\u0107, Assistant Professor, Ph.D.<\/p>\n\n\n\n<p class=\"has-text-align-center\">Dragana Mami\u0107, Assistant Professor, Ph.D.<\/p>\n\n\n\n<p class=\"has-text-align-center\">Ana Mirkovi\u0107 Mogu\u0161, Assistant Professor, Ph.D.<\/p>\n\n\n\n<p class=\"has-text-align-center\">Ana Popovi\u0107, Assistant Professor, Ph.D.<\/p>\n\n\n\n<p class=\"has-text-align-center\">\u017deljko Ra\u010dki, Assistant Professor, Ph.D.<\/p>\n\n\n\n<p class=\"has-text-align-center\">Dra\u017een Rastovski, Assistant Professor, Ph.D.<\/p>\n\n\n\n<p class=\"has-text-align-center\">Marinela Rosso, Assistant Professor, Ph.D.<\/p>\n\n\n\n<p class=\"has-text-align-center\">Ida Somolanji Toki\u0107, Assistant Professor, Ph.D.<\/p>\n\n\n\n<p class=\"has-text-align-center\">Ljiljana \u0160iri\u0107, Assistant Professor, Ph.D.<\/p>\n\n\n\n<p class=\"has-text-align-center\">Ru\u017eica Toki\u0107 Zec, Assistant Professor, Ph.D.<\/p>\n\n\n\n<p class=\"has-text-align-center\">Damir Tomi\u0107, Assistant Professor, Ph.D.<\/p>\n\n\n\n<p class=\"has-text-align-center\">Vi\u0161nja Veki\u0107-Kljai\u0107, Assistant Professor, Ph.D.<\/p>\n\n\n\n<p class=\"has-text-align-center\">Tamara \u017divkovi\u0107 Ivanovi\u0107, Assistant Professor, Ph.D.<\/p>\n\n\n\n<p class=\"has-text-align-center\">Daria \u017dupan Tadijanov, Assistant Professor, Ph.D.<\/p>\n\n\n\n<p class=\"has-text-align-center\">Jurica Lovrin\u010devi\u0107, Senior Lecturer<\/p>\n\n\n\n<p class=\"has-text-align-center\">Jurica Lovrin\u010devi\u0107, Senior Lecturer<\/p>\n\n\n\n<p class=\"has-text-align-center\">Ana \u010colakovi\u0107, Assistant<\/p>\n\n\n\n<p class=\"has-text-align-center\">Sara Ba\u010dmaga, Assistant<\/p>\n\n\n\n<p class=\"has-text-align-center\">Vedrana Vei\u0107, Assistant<\/p>\n\n\n\n<p class=\"has-text-align-center\">Ivana \u0160enk Gergori\u0107, Assistant<\/p>\n\n\n\n<p class=\"has-text-align-center\">Ljubica Nedi\u0107<\/p>\n\n\n\n<p class=\"has-text-align-center\">Andrej Bojani\u0107<\/p>\n\n\n\n<p class=\"has-text-align-center\">Rita Mutzhaus, student<\/p>\n\n\n\n<p class=\"has-text-align-center\">Ema \u010cmelak, student<\/p>\n\n\n\n<p class=\"has-text-align-center\">Lejla Jerab, student<\/p>\n\n\n\n<p class=\"has-text-align-center\">An\u0111ela Mi\u0161kovi\u0107, student<\/p>\n\n\n\n<p class=\"has-text-align-center\">Hanna Pavlic, student<\/p>\n\n\n\n<p class=\"has-text-align-center\">Iva Srbi\u0161, student<\/p>\n\n\n\n<p class=\"has-text-align-center\">Asja \u0160talmajer, student<\/p>\n\n\n\n<p class=\"has-text-align-center\">Kristina Zeli\u0107, student<\/p>","protected":false},"excerpt":{"rendered":"<p>Emina Berbi\u0107 Kolar, Full Professor, Ph.D.Deaneberbic@foozos.hr Lidija Bakota, Associate Professor, Ph.D.Vice dean for teachinglbakota@foozos.hr Maja Brust Nemet, Associate Professor, Ph.D.Vice dean for sciencembrust@foozos.hr Pavao Nuji\u0107, Assistant Professor, Ph.D.Vice dean for study programmes and developmentpnujic@foozos.hr Vjekoslav Galzina, Associate Professor, Ph.D.Vice dean &hellip; <\/p>","protected":false},"author":3,"featured_media":0,"parent":0,"menu_order":0,"comment_status":"closed","ping_status":"closed","template":"","meta":{"footnotes":""},"class_list":["post-2571","page","type-page","status-publish","hentry"],"_links":{"self":[{"href":"https:\/\/www.foozos.hr\/en\/wp-json\/wp\/v2\/pages\/2571","targetHints":{"allow":["GET"]}}],"collection":[{"href":"https:\/\/www.foozos.hr\/en\/wp-json\/wp\/v2\/pages"}],"about":[{"href":"https:\/\/www.foozos.hr\/en\/wp-json\/wp\/v2\/types\/page"}],"author":[{"embeddable":true,"href":"https:\/\/www.foozos.hr\/en\/wp-json\/wp\/v2\/users\/3"}],"replies":[{"embeddable":true,"href":"https:\/\/www.foozos.hr\/en\/wp-json\/wp\/v2\/comments?post=2571"}],"version-history":[{"count":0,"href":"https:\/\/www.foozos.hr\/en\/wp-json\/wp\/v2\/pages\/2571\/revisions"}],"wp:attachment":[{"href":"https:\/\/www.foozos.hr\/en\/wp-json\/wp\/v2\/media?parent=2571"}],"curies":[{"name":"wp","href":"https:\/\/api.w.org\/{rel}","templated":true}]}}