{"id":5825,"date":"2024-12-04T14:55:49","date_gmt":"2024-12-04T13:55:49","guid":{"rendered":"https:\/\/www.foozos.hr\/?page_id=5825"},"modified":"2026-03-18T10:44:12","modified_gmt":"2026-03-18T09:44:12","slug":"scientific","status":"publish","type":"page","link":"https:\/\/www.foozos.hr\/en\/scientific\/","title":{"rendered":"Scientific"},"content":{"rendered":"<p><strong>SI\u010cANSKI GOVOR <em>\u2013 <\/em>DOPUNJENA LEKSI\u010cKA ISTRA\u017dIVANJA<\/strong><br><strong>(1. 3. 2026. <em>\u2013<\/em> 1. 12. 2026.). FOOZOS je nositelj.<\/strong><br>Voditeljica je projekta prof. dr. sc. Emina Berbi\u0107 Kolar<br>Vi\u0161e na poveznici: <a href=\"https:\/\/www.croris.hr\/projekti\/projekt\/17285\">https:\/\/www.croris.hr\/projekti\/projekt\/17285<\/a><\/p>\n\n\n\n<p><strong>STAROPERKOVA\u010cKI GOVOR <em>\u2013<\/em>&nbsp;SUVREMENA LEKSI\u010cKA ISTRA\u017dIVANJA<\/strong><br><strong>(1. 3. 2026. <em>\u2013<\/em> 1. 12. 2026.). FOOZOS je nositelj.<\/strong><br>Voditeljica je projekta prof. dr. sc. Emina Berbi\u0107 Kolar<br>Vi\u0161e na poveznici: <a href=\"https:\/\/www.croris.hr\/projekti\/projekt\/17286\">https:\/\/www.croris.hr\/projekti\/projekt\/17286<\/a><\/p>\n\n\n\n<p><strong>CA23105 <em>\u2013<\/em> Language Plurality in Europe\u2019s Changing Media Sphere (PLURILINGMEDIA)<\/strong><br><strong>(1. 10. 2024. <em>\u2013<\/em> 1. 10. 2028.). FOOZOS je povezani subjekt.<\/strong><br>Suradnica je na projektu prof. dr. sc. Emina Berbi\u0107 Kolar<br>Vi\u0161e na poveznici: <a href=\"https:\/\/www.croris.hr\/projekti\/projekt\/17290\">https:\/\/www.croris.hr\/projekti\/projekt\/17290<\/a><\/p>\n\n\n\n<p><strong>OBRAZOVANJE ZA BUDU\u0106E GENERACIJE: ISKORI\u0160TAVANJE POTENCIJALA INFORMACIJSKIH I KOMUNIKACIJSKIH TEHNOLOGIJA TE METODA UMJETNE INTELIGENCIJE (4.11.2024. \u2013 4.11.2026.). FOOZOS je nositelj.<\/strong><br>Voditeljica projekta je prof. dr. sc. Ivana \u0110ur\u0111evi\u0107 Babi\u0107<br>Vi\u0161e na poveznici: <a href=\"https:\/\/www.croris.hr\/projekti\/projekt\/11803\">https:\/\/www.croris.hr\/projekti\/projekt\/11803<\/a><\/p>\n\n\n\n<p><strong>KAUZALNA INDUKCIJA III: POVEZANOST PRENATALNIH I PERINATALNIH \u010cIMBENIKA RIZIKA S POREME\u0106AJEM IZ SPEKTRA AUTIZMA I TE\u0160KO\u0106AMA JEZI\u010cNO-GOVORNOG RAZVOJA<\/strong> <strong>(1.9.2024. \u2013 30.9.2025.). FOOZOS je nositelj.<\/strong><br>Voditeljice projekta su izv. prof. dr. sc. Ksenija Romstein i doc. dr. sc. Ljiljana \u0160iri\u0107<br>Vi\u0161e na poveznici: <a href=\"https:\/\/www.croris.hr\/projekti\/projekt\/11652\">https:\/\/www.croris.hr\/projekti\/projekt\/11652<\/a><\/p>\n\n\n\n<p><br><strong>SI\u010cE, SI\u010cANSKI GOVOR \u2013 SUVREMENA LINGVISTI\u010cKA ISTRA\u017dIVANJA (1.4.2024.-10.11.2024.). FOOZOS je nositelj.<\/strong><br>Voditeljica projekta je prof. dr. sc. Emina Berbi\u0107 Kolar<br>Vi\u0161e na poveznici: <a href=\"https:\/\/www.croris.hr\/projekti\/projekt\/10024\">https:\/\/www.croris.hr\/projekti\/projekt\/10024<\/a><br><br><strong>STARI PERKOVCI \u2013 \u017dIVA BA\u0160TINA STAROPERKOVA\u010cKOGA GOVORA (1.4.2024.-10.11.2024.). FOOZOS je nositelj.<\/strong><br>Voditeljica projekta je prof. dr. sc. Emina Berbi\u0107 Kolar<br>Vi\u0161e na poveznici: <a href=\"https:\/\/www.croris.hr\/projekti\/projekt\/10025\">https:\/\/www.croris.hr\/projekti\/projekt\/10025<\/a><\/p>\n\n\n\n<p><strong>INICIJATIVA I UMJETNOST: (ISTRA\u017dIVANJE) DOPRINOSA \u010cLANOVA ODSJEKA ZA UMJETNI\u010cKA PODRU\u010cJA I STUDENATA FOOZOS-A UMJETNOSTI ZAJEDNICE<\/strong> <strong>(18.3.2024. \u2013 18.3.2027.). FOOZOS je nositelj.<\/strong><br>Voditeljica projekta je doc. dr. sc. Ana Popovi\u0107<br>Vi\u0161e na poveznici: <a href=\"https:\/\/www.croris.hr\/projekti\/projekt\/9811\">https:\/\/www.croris.hr\/projekti\/projekt\/9811<\/a><\/p>\n\n\n\n<p><strong>O\u010cUVANJE JEZI\u010cNOGA IDENTITETA I TRADICIJSKE KULTURE U BOSANSKOJ POSAVINI (1.4.2023.-31.1.2024.). FOOZOS je nositelj.<br><\/strong>Voditeljica projekta je prof. dr. sc. Emina Berbi\u0107 KolarVi\u0161e na poveznici: <a href=\"https:\/\/www.croris.hr\/projekti\/projekt\/9126\"><u>https:\/\/www.croris.hr\/projekti\/projekt\/9126<\/u><\/a><\/p>\n\n\n\n<p><strong>SI\u010cE, POPULARIZACIJA SI\u010cANSKOG GOVORA (1.1.2023.-31.12.2023.). FOOZOS je nositelj.<\/strong><br>Voditeljica projekta je prof. dr. sc. Emina Berbi\u0107 Kolar<br>Vi\u0161e na poveznici: <a href=\"https:\/\/www.croris.hr\/projekti\/projekt\/8985\">https:\/\/www.croris.hr\/projekti\/projekt\/8985<\/a><\/p>\n\n\n\n<p><strong>STARI PERKOVCI, RJE\u010cNI\u010cKO OBLIKOVANJE LEKSI\u010cKE GRA\u0110E ZA RJE\u010cNIK STAROPERKOVA\u010cKOG GOVORA (1.1.2023.-31.12.2023.). FOOZOS je nositelj.<\/strong><br>Voditeljica projekta je prof. dr. sc. Emina Berbi\u0107 Kolar<br>Vi\u0161e na poveznici: <a href=\"https:\/\/www.croris.hr\/projekti\/projekt\/8986\">https:\/\/www.croris.hr\/projekti\/projekt\/8986<\/a><\/p>\n\n\n\n<p><strong>ULOGA INFORMALNOG KONTAKTA S ENGLESKIM JEZIKOM U PROCESU OVLADAVANJA ENGLESKIM KAO STRANIM JEZIKOM&nbsp; (1.4.2023.-1.12.2024.). FOOZOS je nositelj.<br><\/strong>Voditeljica projekta je doc. dr. sc. Mirna Erk.<\/p>\n\n\n\n<p>Vi\u0161e na poveznici: <a href=\"https:\/\/www.croris.hr\/projekti\/projekt\/8590\">https:\/\/www.croris.hr\/projekti\/projekt\/8590<\/a><\/p>\n\n\n\n<p><strong>IVAN FILIPOVI\u0106- ORGANIZATOR HRVATSKOG U\u010cITELJSTVA I REFORMATOR HRVATSKOG \u0160KOLSTVA<\/strong> <strong>(2.10.2022.-2.3.2025.). FOOZOS je nositelj.<\/strong><\/p>\n\n\n\n<p>Voditeljica projekta je izv. prof. dr. sc. Snje\u017eana Dubovicki.<\/p>\n\n\n\n<p>Vi\u0161e na poveznici: <a href=\"https:\/\/www.croris.hr\/projekti\/projekt\/8480\">https:\/\/www.croris.hr\/projekti\/projekt\/8480<\/a><\/p>\n\n\n\n<p><strong>STARI PERKOVCI, STAROPERKOVA\u010cKI GOVOR \u2013 ISTRA\u017dIVANJA (1.6.2022. \u2013 15.12.2022.). FOOZOS je nositelj.<\/strong><br>Voditeljica projekta je prof. dr. sc. Emina Berbi\u0107 Kolar<br>Vi\u0161e na poveznici: <a href=\"https:\/\/www.croris.hr\/projekti\/projekt\/8081\">https:\/\/www.croris.hr\/projekti\/projekt\/8081<\/a><\/p>\n\n\n\n<p><strong>O\u010cUVANJE JEZI\u010cNOGA I KULTUROLO\u0160KOGA IDENTITETA \u0160OKACA NA TROME\u0110I HRVATSKE, SRBIJE I BOSNE I HERCEGOVINE<\/strong> <strong>&nbsp;(1.1.2022. \u2013 31.7.2022.). FOOZOS&nbsp; je nositelj.<\/strong><\/p>\n\n\n\n<p>Voditeljica projekta je prof.dr.sc. Emina Berbi\u0107 Kolar<\/p>\n\n\n\n<p>Vi\u0161e na poveznici: <a href=\"https:\/\/www.croris.hr\/projekti\/projekt\/6308\">https:\/\/www.croris.hr\/projekti\/projekt\/6308<\/a><\/p>\n\n\n\n<p><strong>HRVATI U TUZLANSKOM KANTONU \u2013 POVIJESNI I SUVREMENI KONTEKST HRVATSKOGA IDENTITETA (1.5.2021. \u2013 30.4.2022.). FOOZOS je nositelj.<\/strong><\/p>\n\n\n\n<p>Voditelj projekta je prof. dr. sc. Damir Matanovi\u0107<\/p>\n\n\n\n<p>Vi\u0161e na poveznici: <a href=\"https:\/\/pdb.irb.hr\/project\/irb:007395\">https:\/\/pdb.irb.hr\/project\/irb:007395<\/a><\/p>\n\n\n\n<p><strong>LINGVISTI\u010cKA ISTRA\u017dIVANJA HRVATSKIH NARODNIH GOVORA U VOJVODINI S NAGLASKOM NA MJESTA U KOJIMA SE GOVORI SLAVONSKIM DIJALEKTOM&nbsp;(1.3.2021. \u2013 1.3. 2022.). FOOZOS je nositelj.<\/strong><\/p>\n\n\n\n<p>Voditeljica projekta je prof.dr.sc. Emina Berbi\u0107 Kolar<\/p>\n\n\n\n<p>Vi\u0161e na poveznici: <a href=\"https:\/\/www.croris.hr\/projekti\/projekt\/5921\">https:\/\/www.croris.hr\/projekti\/projekt\/5921<\/a><\/p>\n\n\n\n<p><strong>VREDNOVANJE U\u010cENJA NA DALJINU NA VISOKO\u0160KOLSKIM USTANOVAMA U SRBIJI I HRVATSKOJ &nbsp;(21.4.2020. \u2013 31.12.2021.). FOOZOS je partner.<\/strong><\/p>\n\n\n\n<p>Voditeljica projekta na ustanovi je izv. prof. dr. sc. Tena Velki<\/p>\n\n\n\n<p>Vi\u0161e na poveznici: <a href=\"https:\/\/pdb.irb.hr\/project\/irb:005504\">https:\/\/pdb.irb.hr\/project\/irb:005504<\/a><\/p>\n\n\n\n<p><strong>LEKSI\u010cKI PRINOSI PROU\u010cAVANJU SLAVONSKOGA DIJALEKTA NA PRIMJERU PRIKUPLJANJA LEKSI\u010cKOGA RJE\u010cNI\u010cKOGA KORPUSA STAROPERKOVA\u010cKOGA GOVORA KAO NEMATERIJALNOGA KULTURNOGA DOBRA REPUBLIKE HRVATSKE (1.5.2020. \u2013 31.12 .2021.). FOOZOS je nositelj.<\/strong><\/p>\n\n\n\n<p>Voditeljica projekta je prof. dr. sc. Emina Berbi\u0107 Kolar<\/p>\n\n\n\n<p>Vi\u0161e na poveznici: <a href=\"https:\/\/pdb.irb.hr\/project\/irb:005502\">https:\/\/pdb.irb.hr\/project\/irb:005502<\/a><\/p>\n\n\n\n<p><strong>KAUZALNA INDUKCIJA U KONTEKSTU MAKROPARADIGME RAZVOJNE PSIHOPATOLOGIJE I TE\u0160KO\u0106A U RAZVOJU II: VALIDACIJA MJERNIH INSTRUMENATA ZA IZRADU RAZVOJNIH PROFILA DJECE PRED\u0160KOLSKE DOBI (1.3.2020. \u2013 3.1.5.2023.). FOOZOS je nositelj.<\/strong><\/p>\n\n\n\n<p>Voditeljica projekta je izv. prof. dr. sc. Tena Velki<\/p>\n\n\n\n<p>Vi\u0161e na poveznici: <a href=\"https:\/\/pdb.irb.hr\/project\/irb:005115\">https:\/\/pdb.irb.hr\/project\/irb:005115<\/a><\/p>\n\n\n\n<p><strong>AFIRMACIJA FUTUROLOGIJE I FUTUROLO\u0160KIH METODA U ISTRA\u017dIVANJIMA BUDU\u0106IH U\u010cITELJA I ODGOJITEJA (1.2.2020.-1.2.2022.). FOOZOS je nositelj.<\/strong><\/p>\n\n\n\n<p>Voditeljica projekta je izv. prof. dr. sc. Snje\u017eana Dubovicki<\/p>\n\n\n\n<p>Vi\u0161e na poveznici: <a href=\"https:\/\/pdb.irb.hr\/project\/irb:004872\">https:\/\/pdb.irb.hr\/project\/irb:004872<\/a><\/p>\n\n\n\n<p><strong>EVELOPING THE QUALITY OF STRATEGIC EDUCATION COMPETENCES IN HIGHER EDUCATION, ADAPTING TO CHANGED ECONOMIC AND ENVIRONMENTAL CONDITIONS AND IMPROVING THE ACCESSIBILITY OF TRAINING ELEMENTS (10.5.2019.-31.12.2020.) FOOZOS je partner.<\/strong><\/p>\n\n\n\n<p>Voditeljica projekta na ustanovi je prof. dr. sc. Emina Berbi\u0107 Kolar<\/p>\n\n\n\n<p>Vi\u0161e na poveznici: <a href=\"https:\/\/pdb.irb.hr\/project\/irb:006900\">https:\/\/pdb.irb.hr\/project\/irb:006900<\/a><\/p>\n\n\n\n<p><strong>KAZIVANJE PO STAROPERKOVA\u010cKI (25.1.2019.- 30.11.2019.). FOOZOS je nositelj.<\/strong><\/p>\n\n\n\n<p>Voditeljica projekta je izv. prof. dr. sc. Emina Berbi\u0107 Kolar.<\/p>\n\n\n\n<p>Vi\u0161e na poveznici: <a href=\"https:\/\/www.croris.hr\/projekti\/projekt\/4009\">https:\/\/www.croris.hr\/projekti\/projekt\/4009<\/a><\/p>\n\n\n\n<p><strong>JEDNOSTAVNI KIBERNETI\u010cKO-FIZIKALNI EDUKACIJSKO-ISTRA\u017dIVA\u010cKI MODEL (19.11.2018.-19.05.2020.). FOOZOS je nositelj.<\/strong><\/p>\n\n\n\n<p>Voditelj projekta je doc. dr. sc. Vjekoslav Galzina<\/p>\n\n\n\n<p>Vi\u0161e na poveznici: <a href=\"https:\/\/www.croris.hr\/projekti\/projekt\/3986\">https:\/\/www.croris.hr\/projekti\/projekt\/3986<\/a><\/p>\n\n\n\n<p><strong>\u017dENE U SPORTU: PRIMJENJIVOST DOSTUPNIH REFERENTNIH INTERVALA ZA PARAMETRE UPALE I KOAGULACIJE (19.11.2018.-19.05.2020.). FOOZOS je nositelj.<\/strong><\/p>\n\n\n\n<p>Voditelj projekta je izv. prof. dr. sc. Tihomir Vidranski<\/p>\n\n\n\n<p>Vi\u0161e na poveznici: <a href=\"https:\/\/www.croris.hr\/projekti\/projekt\/3962\">https:\/\/www.croris.hr\/projekti\/projekt\/3962<\/a><\/p>\n\n\n\n<p><strong>MULTILINGUALISAM AND TEACHER EDUCATION (01.07.2018.-31.12.2020.). FOOZOS je nositelj.<\/strong><\/p>\n\n\n\n<p>Voditeljica projekta je izv. prof. dr. sc. Emina Berbi\u0107 Kolar<\/p>\n\n\n\n<p>Vi\u0161e na poveznici: <a href=\"https:\/\/www.croris.hr\/projekti\/projekt\/3996\">https:\/\/www.croris.hr\/projekti\/projekt\/3996<\/a><\/p>\n\n\n\n<p><strong>STAROPERKOVA\u010cKI DIVANI (01.01.2018 \u2013 31.10.2018.). FOOZOS je nositelj.<\/strong><\/p>\n\n\n\n<p>Voditeljica projekta je izv. prof. dr. sc. Emina Berbi\u0107 Kolar<\/p>\n\n\n\n<p>Vi\u0161e na poveznici: <a href=\"https:\/\/pdb.irb.hr\/project\/irb:004847\">https:\/\/pdb.irb.hr\/project\/irb:004847<\/a><\/p>\n\n\n\n<p><strong>I TATA JE VA\u017dAN (01.11.2017.- 01.07.2018.). FOOZOS je partner.<\/strong><\/p>\n\n\n\n<p>Voditeljica projekta na ustanovi je doc. dr. sc. Maja Brust Nemet.<\/p>\n\n\n\n<p>Vi\u0161e na poveznici: <a href=\"https:\/\/pdb.irb.hr\/project\/irb:004824\">https:\/\/pdb.irb.hr\/project\/irb:004824<\/a><\/p>\n\n\n\n<p><strong>KVALITETA \u017dIVOTA DJECE I ADOLESCENATA NA PODRU\u010cJU ISTO\u010cNE HRVATSKE (15.05.2017.-15.05.2018.). FOOZOS je nositelj.<\/strong><\/p>\n\n\n\n<p>Voditelj projekta je izv. prof. dr. sc. Zvonimir U\u017earevi\u0107<\/p>\n\n\n\n<p>Vi\u0161e na poveznici: <a href=\"https:\/\/pdb.irb.hr\/project\/irb:004868\">https:\/\/pdb.irb.hr\/project\/irb:004868<\/a><\/p>\n\n\n\n<p><strong>116 000 HOTLINE FOR MISSING CHILDREN CROATIA<\/strong> <strong>(01.09.2016.-31.08.2018.). FOOZOS je partner.<\/strong><\/p>\n\n\n\n<p>Voditeljica projekta na ustanovi je izv. prof. dr. sc. Tena Velki<\/p>\n\n\n\n<p>Vi\u0161e na poveznici: <a href=\"https:\/\/pdb.irb.hr\/project\/irb:004797\">https:\/\/pdb.irb.hr\/project\/irb:004797<\/a><\/p>\n\n\n\n<p><strong>SAFER INTERNET CENTRE CROATIA: MAKING INTERNET A GOOD AND SAFE PLACE (01.07.2016.\u201331.12.2018.). FOOZOS je partner.<\/strong><\/p>\n\n\n\n<p>Voditeljica projekta na ustanovi je izv. prof. dr. sc. Tena Velki<\/p>\n\n\n\n<p>Vi\u0161e na poveznici: <a href=\"https:\/\/pdb.irb.hr\/project\/irb:004796\">https:\/\/pdb.irb.hr\/project\/irb:004796<\/a><\/p>\n\n\n\n<p><strong>KAUZALNA INDUKCIJA U KONTEKSTU MAKROPARADIGME RAZVOJNE PSIHOPATOLOGIJE I TE\u0160KO\u0106A U RAZVOJU: IDENTIFIKACIJA PRENATALNIH \u010cIMBENIKA NEPOVOLJNIH RAZVOJNIH ISHODA I RAZVOJNI PROFILI DJECE PRED\u0160KOLSKE DOBI (01.06.2016. \u2013 31.12.2019.). FOOZOS je nositelj.<\/strong><\/p>\n\n\n\n<p>Voditeljica projekta je izv. prof. dr. sc. Tena Velki<\/p>\n\n\n\n<p>Vi\u0161e na poveznici: <a href=\"https:\/\/pdb.irb.hr\/project\/irb:004794\">https:\/\/pdb.irb.hr\/project\/irb:004794<\/a><\/p>\n\n\n\n<p><strong>IMPLEMENTACIJA INKLUZIJE U SREDNJE \u0160KOLE (01.06.2016.\u201331.12.2018.). FOOZOS je nositelj.<\/strong><\/p>\n\n\n\n<p>Voditeljica projekta je izv. prof. dr. sc. Tena Velki<\/p>\n\n\n\n<p>Vi\u0161e na poveznici: <a href=\"https:\/\/pdb.irb.hr\/project\/irb:004793\">https:\/\/pdb.irb.hr\/project\/irb:004793<\/a><\/p>\n\n\n\n<p><strong>TEMELJI KULTURNE BA\u0160TINE \u2013 BUROVI\u0106EV ZBORNIK IZ 1696. GODINE KAO PRIMJER HRVATSKO-CRNOGORSKIH KULTURNIH, POVIJESNIH I JEZI\u010cNIH VEZA (01.04.2016.\u201301.04.2017.). FOOZOS je nositelj.<\/strong><\/p>\n\n\n\n<p>Voditelj projekta je prof. dr. sc. Damir Matanovi\u0107<\/p>\n\n\n\n<p>Vi\u0161e na poveznici: <a href=\"https:\/\/pdb.irb.hr\/project\/irb:004856\">https:\/\/pdb.irb.hr\/project\/irb:004856<\/a><\/p>\n\n\n\n<p><strong>PROMJENA PARADIGME POU\u010cAVANJA U RANOM DJETINJSTVU: KONSTRUKTIVIZAM I RAZVOJNI PRISTUP VS. BIHEVIORISTI\u010cKE STRATEGIJE (01.03.2016.\u201331.12.2018.). FOOZOS je nositelj.<\/strong><\/p>\n\n\n\n<p>Voditeljica projekta je izv. prof. dr. sc. Tena Velki<\/p>\n\n\n\n<p>Vi\u0161e na poveznici: <a href=\"https:\/\/pdb.irb.hr\/project\/irb:004798\">https:\/\/pdb.irb.hr\/project\/irb:004798<\/a><\/p>\n\n\n\n<p><strong>KULTURNA BA\u0160TINA U PRIMARNOM OBRAZOVANJU SLOVENIJE I HRVATSKE (01.01.2016. \u2013 31.12.2017.). FOOZOS je nositelj.<\/strong><\/p>\n\n\n\n<p>Voditeljica projekta je prof. dr. sc. Edita Bori\u0107<\/p>\n\n\n\n<p>Vi\u0161e na poveznici: <a href=\"https:\/\/pdb.irb.hr\/project\/irb:004817\">https:\/\/pdb.irb.hr\/project\/irb:004817<\/a><\/p>\n\n\n\n<p><strong>AKCELERACIJA U OSNOVNO\u0160KOLSKOM ODGOJU I OBRAZOVANJU KAO EMPIRIJSKI UTEMELJENI A ZANEMARENI OBLICI ZADOVOLJAVANJA AUTENTI\u010cNIH ODGOJNO-OBRAZOVNIH POTREBA DAROVITE DJECE REPUBLIKE HRVATSKE (13.07.2015. \u2013 08.03.2016.). FOOZOS je nositelj.<\/strong><\/p>\n\n\n\n<p>Voditelj projekta je doc. dr. sc. \u017deljko Ra\u010dki<\/p>\n\n\n\n<p>Vi\u0161e na poveznici: <a href=\"https:\/\/pdb.irb.hr\/project\/irb:004826\">https:\/\/pdb.irb.hr\/project\/irb:004826<\/a><\/p>\n\n\n\n<p><strong>NEMATERIJALNA KULTURNA BA\u0160TINA \u2013 ZA\u0160TI\u0106ENI GOVORI U SLAVONIJI (01.03.2015. \u2013 01.03.2016.). FOOZOS je nositelj.<\/strong><\/p>\n\n\n\n<p>Voditeljica projekta je izv. prof. dr. sc. Emina Berbi\u0107 Kolar<\/p>\n\n\n\n<p>Vi\u0161e na poveznici: <a href=\"https:\/\/pdb.irb.hr\/project\/irb:004858\">https:\/\/pdb.irb.hr\/project\/irb:004858<\/a><\/p>\n\n\n\n<p><strong>KONSTRUKCIJA INTERAKCIJSKOG MODELA ADHD-A: IDENTIFIKACIJA \u010cIMBENIKA PRILAGODBE NA \u0160KOLSKO OKRU\u017dENJE U\u010cENIKA OSNOVNO\u0160KOLSKE DOBI SUSPEKTNIH NA ADHD (01.02.2015. \u2013 31.12.2016.). FOOZOS je nositelj.<\/strong><\/p>\n\n\n\n<p>Voditeljica projekta je izv. prof. dr. sc. Tena Velki<\/p>\n\n\n\n<p>Vi\u0161e na poveznici: <a href=\"https:\/\/pdb.irb.hr\/project\/irb:004799\">https:\/\/pdb.irb.hr\/project\/irb:004799<\/a><\/p>\n\n\n\n<p><strong>VR\u0160NJA\u010cKO ZLOSTAVLJANJE U ZATVORSKOM OKRU\u017dENJU: UTJECAJ OSOBNIH I OKOLINSKIH \u010cIMBENIKA (03.01.2015.\u201303.02.2016.). FOOZOS je nositelj.<\/strong><\/p>\n\n\n\n<p>Voditeljica projekta je doc. dr. sc. Ivana Sekol<\/p>\n\n\n\n<p>Vi\u0161e na poveznici: <a href=\"https:\/\/pdb.irb.hr\/project\/irb:004820\">https:\/\/pdb.irb.hr\/project\/irb:004820<\/a><\/p>\n\n\n\n<p><strong>SLU\u0160ANJE GLAZBE KAO PODRU\u010cJE U KURIKULUMU NASTAVE GLAZBENE KULTURE (01.01.2015.\u201301.01.2016.). FOOZOS je nositelj.<\/strong><\/p>\n\n\n\n<p>Voditeljica projekta je doc. dr. sc. Vesna Svalina<\/p>\n\n\n\n<p>Vi\u0161e na poveznici: <a href=\"https:\/\/pdb.irb.hr\/project\/irb:004814\">https:\/\/pdb.irb.hr\/project\/irb:004814<\/a><\/p>\n\n\n\n<p><strong>DIGITALIZACIJA STAROPERKOVA\u010cKOGA GOVORA<\/strong> <strong>(01.08.2014.\u201301.08.2015.). FOOZOS je nositelj.<\/strong><\/p>\n\n\n\n<p>Voditeljica projekta je izv. prof. dr. sc. Emina Berbi\u0107 Kolar<\/p>\n\n\n\n<p>Vi\u0161e na poveznici:&nbsp; <a href=\"https:\/\/pdb.irb.hr\/project\/irb:004859\">https:\/\/pdb.irb.hr\/project\/irb:004859<\/a><\/p>\n\n\n\n<p><strong>UNAPRJE\u0110ENJE POLO\u017dAJA DJECE ROMA U ODGOJU I OBRAZOVANJU U BARANJI (21.08.2013.\u201320.02.2015.). &nbsp;FOOZOS je koordinator aktivnosti.<\/strong><\/p>\n\n\n\n<p>Voditeljica projekta je prof. dr. sc. Vesnica Mlinarevi\u0107<\/p>\n\n\n\n<p>Vi\u0161e na poveznici: <a href=\"https:\/\/pdb.irb.hr\/project\/irb:004830\">https:\/\/pdb.irb.hr\/project\/irb:004830<\/a><\/p>","protected":false},"excerpt":{"rendered":"<p>SI\u010cANSKI GOVOR \u2013 DOPUNJENA LEKSI\u010cKA ISTRA\u017dIVANJA(1. 3. 2026. \u2013 1. 12. 2026.). FOOZOS je nositelj.Voditeljica je projekta prof. dr. sc. Emina Berbi\u0107 KolarVi\u0161e na poveznici: https:\/\/www.croris.hr\/projekti\/projekt\/17285 STAROPERKOVA\u010cKI GOVOR \u2013&nbsp;SUVREMENA LEKSI\u010cKA ISTRA\u017dIVANJA(1. 3. 2026. \u2013 1. 12. 2026.). FOOZOS je nositelj.Voditeljica &hellip; <\/p>","protected":false},"author":4,"featured_media":0,"parent":0,"menu_order":0,"comment_status":"closed","ping_status":"closed","template":"","meta":{"footnotes":""},"class_list":["post-5825","page","type-page","status-publish","hentry"],"_links":{"self":[{"href":"https:\/\/www.foozos.hr\/en\/wp-json\/wp\/v2\/pages\/5825","targetHints":{"allow":["GET"]}}],"collection":[{"href":"https:\/\/www.foozos.hr\/en\/wp-json\/wp\/v2\/pages"}],"about":[{"href":"https:\/\/www.foozos.hr\/en\/wp-json\/wp\/v2\/types\/page"}],"author":[{"embeddable":true,"href":"https:\/\/www.foozos.hr\/en\/wp-json\/wp\/v2\/users\/4"}],"replies":[{"embeddable":true,"href":"https:\/\/www.foozos.hr\/en\/wp-json\/wp\/v2\/comments?post=5825"}],"version-history":[{"count":0,"href":"https:\/\/www.foozos.hr\/en\/wp-json\/wp\/v2\/pages\/5825\/revisions"}],"wp:attachment":[{"href":"https:\/\/www.foozos.hr\/en\/wp-json\/wp\/v2\/media?parent=5825"}],"curies":[{"name":"wp","href":"https:\/\/api.w.org\/{rel}","templated":true}]}}