{"id":5834,"date":"2024-12-04T15:00:13","date_gmt":"2024-12-04T14:00:13","guid":{"rendered":"https:\/\/www.foozos.hr\/?page_id=5834"},"modified":"2026-03-16T11:05:54","modified_gmt":"2026-03-16T10:05:54","slug":"professional","status":"publish","type":"page","link":"https:\/\/www.foozos.hr\/en\/professional\/","title":{"rendered":"Professional"},"content":{"rendered":"<p><strong>SUPER JE BIT\u2019 RAZLI\u010cIT! \u2013 2 (1. 9. 2025. \u2013 31. 8. 2026.). FOOZOS je partner.<br>Voditeljice su projekta na ustanovi dr. sc. Ksenija Romstein, izv. prof., i dr. sc. Ljiljana \u0160iri\u0107, doc.<br>Vi\u0161e na poveznici:&nbsp;<\/strong><a href=\"https:\/\/www.croris.hr\/projekti\/projekt\/16602\">https:\/\/www.croris.hr\/projekti\/projekt\/16602<\/a><\/p>\n\n\n\n<p><strong>POVEZNIK \u2013 \u0160KOLE KOJE GRADE POVJERENJE (1. 1. 2026. \u2013 31. 8. 2026.). FOOZOS je partner.<br><\/strong>Voditeljica je projekta na ustanovi dr. sc. Maja Brust Nemet, izv. prof.<br>Vi\u0161e na poveznici:&nbsp;<a href=\"https:\/\/www.croris.hr\/projekti\/projekt\/16396\" target=\"_blank\" rel=\"noreferrer noopener\">https:\/\/www.croris.hr\/projekti\/projekt\/16396<\/a><\/p>\n\n\n\n<p><strong>POTICANJE SAMOSTALNOSTI OSOBA S INVALIDITETOM (1.3.2024. \u2013 31.12.2024.). FOOZOS je nositelj.<\/strong><br>Voditeljica projekta je izv. prof. dr. sc. Ksenija Romstein<br>Vi\u0161e na poveznici: <a href=\"https:\/\/www.croris.hr\/projekti\/projekt\/9044\">https:\/\/www.croris.hr\/projekti\/projekt\/9044<\/a><\/p>\n\n\n\n<p><strong>MALI MEDIJSKI ISTRA\u017dIVA\u010cI<\/strong> <strong>(3.4.2024. \u2013 30.4.2024.). FOOZOS je nositelj.<\/strong><br>Voditeljica projekta je doc. dr. sc. Darija Kuhari\u0107<br>Vi\u0161e na poveznici: <a href=\"https:\/\/www.croris.hr\/projekti\/projekt\/9899\">https:\/\/www.croris.hr\/projekti\/projekt\/9899<\/a><\/p>\n\n\n\n<p><strong>e-Sveu\u010dili\u0161ta (1.3.2022. \u2013 31.12.2025.). <\/strong>Nositelj je <strong>Hrvatska akademska i istra\u017eiva\u010dka mre\u017ea<\/strong> <strong>\u2013 CARNET<\/strong>, projekt se provodi u partnerstvu i suradnji sa Sveu\u010dili\u0161nim ra\u010dunskim centrom (SRCE), Agencijom za razvoj i visoko obrazovanje (AZVO) i Nacionalnom i sveu\u010dili\u0161nom knji\u017enicom u Zagrebu (NSK). Fakultet za odgojne i obrazovne znanosti izabran je u pilot projekt i potpisan je s CARNET-om Sporazum o suradnji na projektu e-Sveu\u010dili\u0161ta.<br>Voditelj projekta na ustanovi je izv. prof. dr. sc. Vjekoslav Galzina, a suradnici na projektu su Krunoslav Kurilj i Josipa Zetovi\u0107.<br>Vi\u0161e na poveznici<a href=\"https:\/\/www.croris.hr\/projekti\/projekt\/9022\" target=\"_blank\" rel=\"noreferrer noopener\">https:\/\/www.croris.hr\/projekti\/projekt\/9022<\/a><\/p>\n\n\n\n<p><strong>SKOKOM DO MEDIJSKE PISMENOSTI (1.1.2023. \u2013 31.12.2023.). FOOZOS je nositelj.<\/strong><\/p>\n\n\n\n<p>Voditeljice projekta su prof. dr. sc. Emina Berbi\u0107 Kolar, izv. prof. dr. sc. Lidija Bakota i izv. prof. dr. sc. Maja Brust Nemet<\/p>\n\n\n\n<p>Vi\u0161e na poveznici <a href=\"https:\/\/www.croris.hr\/projekti\/projekt\/8508\">https:\/\/www.croris.hr\/projekti\/projekt\/8508<\/a><\/p>\n\n\n\n<p><strong>IGRAJ SE I U\u010cI<\/strong>&nbsp; <strong>(01.09.2022. \u2013 31.08.2023) Nositelj je Romski resursni centar. FOOZOS je partner.<\/strong><\/p>\n\n\n\n<p>Voditeljica projekta na ustanovi je doc. dr. sc. Ida Somolanji Toki\u0107<\/p>\n\n\n\n<p>Vi\u0161e na poveznici <a href=\"https:\/\/www.croris.hr\/projekti\/projekt\/8600\">https:\/\/www.croris.hr\/projekti\/projekt\/8600<\/a><\/p>\n\n\n\n<p><strong>INTERDISCIPLINARNA RANA PODR\u0160KA ZA DJECU S TE\u0160KO\u0106AMA U RAZVOJU (1.9.2022. \u2013 30.6.2023.). FOOZOS je nositelj.<\/strong><br>Voditeljica projekta je izv. prof. dr. sc. Ksenija Romstein<br>Vi\u0161e na poveznici: <a href=\"https:\/\/www.croris.hr\/projekti\/projekt\/9019\">https:\/\/www.croris.hr\/projekti\/projekt\/9019<\/a><\/p>\n\n\n\n<p><strong>NEW CHALLENGES IN CROSS-CULTURAL COMMUNICATION<\/strong> <strong>(Erasmus+ BIP) (5.4.2022. \u2013 30.9.2022.).<\/strong><\/p>\n\n\n\n<p>Voditeljica projekta na ustanovi je doc. dr. sc. Ivana Moritz<\/p>\n\n\n\n<p><strong>UNAPRJE\u0110IVANJE INKLUZIVNOSTI INICIJALNOG OBRAZOVANJA ODGOJITELJA DJECE RANE I PRED\u0160KOLSKE DOBI (28.2.2020.-31.12.2021.). FOOZOS je partner.<\/strong><\/p>\n\n\n\n<p>Voditeljica projekta na ustanovi je doc. dr. sc. Tijana Borovac<\/p>\n\n\n\n<p><strong>OSNA\u017dIVANJE U\u010cITELJA I ODGOJITELJA HRVATSKE NACIONALNOSTI U REPUBLICI MA\u0110ARSKOJ POU\u010cAVANJU STRUKE NA HRVATSKOME STANDARDNOM JEZIKU (1.4.2021. \u2013 1.4. 2022.). FOOZOS je nositelj.<\/strong><\/p>\n\n\n\n<p>Voditeljica projekta je prof. dr. sc. Emina Berbi\u0107 Kolar<\/p>\n\n\n\n<p>Vi\u0161e na poveznici: <a href=\"https:\/\/www.croris.hr\/projekti\/projekt\/5922\">https:\/\/www.croris.hr\/projekti\/projekt\/5922<\/a><\/p>\n\n\n\n<p><strong>IZVI\u0110A\u010cKIM KORACIMA ZA ODR\u017dIVI RAZVOJ<\/strong> <strong>(1.7.2019.-31.10.2020.). FOOZOS je partner<\/strong>.<\/p>\n\n\n\n<p>Voditeljica projekta na ustanovi je prof. dr. sc. Irella Bogut<\/p>\n\n\n\n<p>Vi\u0161e na poveznici: <a href=\"https:\/\/pdb.irb.hr\/project\/irb:004845\">https:\/\/pdb.irb.hr\/project\/irb:004845<\/a><\/p>\n\n\n\n<p><strong>PROJEKT NATURAVITA (22.11.2019.\u201328.05.2020.). &nbsp;FOOZOS je nositelj<\/strong>.<\/p>\n\n\n\n<p>Voditeljica projekta na ustanovi je prof. dr. sc. Edita Bori\u0107<\/p>\n\n\n\n<p>Vi\u0161e na poveznici: <a href=\"https:\/\/www.croris.hr\/projekti\/projekt\/3976\">https:\/\/www.croris.hr\/projekti\/projekt\/3976<\/a><\/p>\n\n\n\n<p><strong>TIKVE\u0160 \u0160UMSKI EKOSUSTAV (16.07.2019.\u201316.01.2021.). &nbsp;FOOZOS je nositelj.<\/strong><\/p>\n\n\n\n<p>Voditeljica projekta je prof. dr. sc. Edita Bori\u0107<\/p>\n\n\n\n<p>Vi\u0161e na poveznici: <a href=\"https:\/\/www.croris.hr\/projekti\/projekt\/3975\">https:\/\/www.croris.hr\/projekti\/projekt\/3975<\/a><\/p>\n\n\n\n<p><strong>IZVI\u0110A\u010cKIM KORACIMA ZA ODR\u017dIVI RAZVOJ (01.07.2019.\u201331.10.2020.). &nbsp;FOOZOS je partner.<\/strong><\/p>\n\n\n\n<p>Voditeljica projekta na ustanovi je prof. dr. sc. Irella Bogut<\/p>\n\n\n\n<p>Vi\u0161e na poveznici: <a href=\"https:\/\/pdb.irb.hr\/project\/irb:004845\">https:\/\/pdb.irb.hr\/project\/irb:004845<\/a><\/p>\n\n\n\n<p><strong>INOVIRANJE PROGRAMA U\u010cITELJSKIH I ODGOJITELJSKIH STUDIJA PRIMJENOM HKO-A (05.04.2019.\u201327.09.2021.). &nbsp;FOOZOS je partner.<\/strong><\/p>\n\n\n\n<p>Suradnici na projektu s ustanove su prof. dr. sc. Damir Matanovi\u0107 i izv. prof. dr. sc. Emina Berbi\u0107 Kolar<\/p>\n\n\n\n<p>Vi\u0161e na poveznici: <a href=\"https:\/\/pdb.irb.hr\/project\/irb:004846\">https:\/\/pdb.irb.hr\/project\/irb:004846<\/a><\/p>\n\n\n\n<p><strong>KOMPETENCIJSKI STANDARDI NASTAVNIKA, PEDAGOGA I MENTORA<\/strong> <strong>(22.03.2019.\u201322.09.2021.). &nbsp;FOOZOS je partner.<\/strong><\/p>\n\n\n\n<p>Suradnice na projektu s ustanove su prof. dr. sc. Vesnica Mlinarevi\u0107, doc. dr. sc. Snje\u017eana Dubovicki i doc. dr. sc. Rahaela Varga<\/p>\n\n\n\n<p>Vi\u0161e na poveznici: <a href=\"https:\/\/pdb.irb.hr\/project\/irb:004871\">https:\/\/pdb.irb.hr\/project\/irb:004871<\/a><\/p>\n\n\n\n<p><strong>GRAD ZA MLADE (01.01.2019. \u2013 01.11.2019.). &nbsp;FOOZOS je partner.<\/strong><\/p>\n\n\n\n<p>Suradnica na projektu je izv. prof. dr. sc. Emina Berbi\u0107 Kolar<\/p>\n\n\n\n<p>Vi\u0161e na poveznici: <a href=\"https:\/\/pdb.irb.hr\/project\/irb:004854\">https:\/\/pdb.irb.hr\/project\/irb:004854<\/a><\/p>\n\n\n\n<p><strong>N-ARTS PROJECT (NON-INTENDED ARTS) IN ADULT EDUCATION (01.11.2018. \u2013 31.12. 2019.). &nbsp;FOOZOS je partner.<\/strong><\/p>\n\n\n\n<p>Voditelj projekta na ustanovi je doc. dr. sc. Marko \u0160o\u0161i\u0107<\/p>\n\n\n\n<p>Vi\u0161e na poveznici: <a href=\"https:\/\/pdb.irb.hr\/project\/irb:004836\">https:\/\/pdb.irb.hr\/project\/irb:004836<\/a><\/p>\n\n\n\n<p><strong>INTERNACIONALNI STUDIJSKI PROGRAM KONSTRUKCIJE OTPORNE NA IZVANREDNA DJELOVANJA \u2013 RESILIENT STRUCTURES \u2013 INTERSTRUCT (12.10.2018. \u2013 12.10.2021.). &nbsp;FOOZOS je partner.<\/strong><\/p>\n\n\n\n<p>Suradnice na projektu s ustanove su doc. dr. sc. Tijana Borovac i doc. dr. sc. Maja Brust Nemet<\/p>\n\n\n\n<p>Vi\u0161e na poveznici: <a href=\"https:\/\/pdb.irb.hr\/project\/irb:004840\">https:\/\/pdb.irb.hr\/project\/irb:004840<\/a><\/p>\n\n\n\n<p><strong>SLAVONSKI DIJALEKT (01.07.2018. \u2013 01.12.2018.). &nbsp;FOOZOS je nositelj.<\/strong><\/p>\n\n\n\n<p>Voditeljica projekta je izv. prof. dr. sc. Emina Berbi\u0107 Kolar<\/p>\n\n\n\n<p>Vi\u0161e na poveznici: <a href=\"https:\/\/pdb.irb.hr\/project\/irb:004850\">https:\/\/pdb.irb.hr\/project\/irb:004850<\/a><\/p>\n\n\n\n<p><strong>EDUPOLICY-LAB DRU\u0160TVENO KORISNIM U\u010cENJEM DO JEDNAKIH OBRAZOVNIH MOGU\u0106NOSTI (19.03.2018. \u2013 19.03.2020.). &nbsp;FOOZOS je partner.<\/strong><\/p>\n\n\n\n<p>Suradnici na projektu s ustanove su prof. dr. sc. Damir Matanovi\u0107 i izv. prof. dr. sc. Emina Berbi\u0107 Kolar<\/p>\n\n\n\n<p>Vi\u0161e na poveznici: <a href=\"https:\/\/pdb.irb.hr\/project\/irb:004842\">https:\/\/pdb.irb.hr\/project\/irb:004842<\/a><\/p>\n\n\n\n<p><strong>DOPRINOS BOLJITKU RANE INTERVENCIJE PUTEM DRU\u0160TVENO KORISNOG U\u010cENJA U GRADU ZAGREBU I BRODSKO- POSAVSKOJ \u017dUPANIJI \u2013 DOBRO (01.03.2018. \u2013 01.09.2019.). &nbsp;FOOZOS je partner.<\/strong><\/p>\n\n\n\n<p>Suradnice na projektu s ustanove su izv. prof. dr. sc. Emina Berbi\u0107 Kolar, doc. dr. sc. Irena Krumes i doc. dr. sc. Ksenija Romstein.<\/p>\n\n\n\n<p>Vi\u0161e na poveznici: <a href=\"https:\/\/pdb.irb.hr\/project\/irb:004864\">https:\/\/pdb.irb.hr\/project\/irb:004864<\/a><\/p>\n\n\n\n<p><strong>OBNAVLJANJE EKOLO\u0160KE RAZNOLIKOSTI \u0160UMA TEHNOLOGIJAMA SNIMANJA IZ ZRAKA \u2013 RED FAITH (01.10.2017. \u2013 31.05.2019.). &nbsp;FOOZOS je partner.<\/strong><\/p>\n\n\n\n<p>Voditelj projekta na ustanovi je doc. dr. sc. Vjekoslav Galzina<\/p>\n\n\n\n<p>Vi\u0161e na poveznici: <a href=\"https:\/\/pdb.irb.hr\/project\/irb:004844\">https:\/\/pdb.irb.hr\/project\/irb:004844<\/a><\/p>\n\n\n\n<p><strong>SPREMNI NA KLIMATSKE PROMJENE (01.09.2017. \u2013 30.10.2017.). &nbsp;FOOZOS je partner.<\/strong><\/p>\n\n\n\n<p>Suradnici na projektu s ustanove su izv. prof. dr. sc. Emina Berbi\u0107 Kolar i doc. dr. sc. Vjekoslav Galzina<\/p>\n\n\n\n<p>Vi\u0161e na poveznici: <a href=\"https:\/\/pdb.irb.hr\/project\/irb:004853\">https:\/\/pdb.irb.hr\/project\/irb:004853<\/a><\/p>\n\n\n\n<p><strong>POPULARIZACIJA ZA\u0160TI\u0106ENIH GOVORA KAO NEMATERIJALNOGA KULTURNOGA DOBRA RH (01.09.2017. \u2013 31.12.2017.). &nbsp;FOOZOS je nositelj.<\/strong><\/p>\n\n\n\n<p>Voditeljica projekta je izv. prof. dr. sc. Emina Berbi\u0107 Kolar<\/p>\n\n\n\n<p>Vi\u0161e na poveznici: <a href=\"https:\/\/pdb.irb.hr\/project\/irb:004852\">https:\/\/pdb.irb.hr\/project\/irb:004852<\/a><\/p>\n\n\n\n<p><strong>MIROVNO OBRAZOVANJE I ZAPO\u0160LJAVANJE: ODGOVORI NA NOVE IZAZOVE I MOGU\u0106NOSTI (01.10.2016. \u2013 31.03.2018.). &nbsp;FOOZOS je partner.<\/strong><\/p>\n\n\n\n<p>Voditeljica projekta na ustanovi je prof. dr. sc. Irella Bogut<\/p>\n\n\n\n<p>Vi\u0161e na poveznici: <a href=\"https:\/\/pdb.irb.hr\/project\/irb:004843\">https:\/\/pdb.irb.hr\/project\/irb:004843<\/a><\/p>\n\n\n\n<p><strong>PROMICANJE ZNANSTVENIH ISTRA\u017dIVANJA JEZI\u010cNE BA\u0160TINE HRVATSKOGA NARODA (01.09.2016. \u2013 31.12.2016.). &nbsp;FOOZOS je nositelj.<\/strong><\/p>\n\n\n\n<p>Voditeljica projekta je izv. prof. dr. sc. Emina Berbi\u0107 Kolar<\/p>\n\n\n\n<p>Vi\u0161e na poveznici: <a href=\"https:\/\/pdb.irb.hr\/project\/irb:004867\">https:\/\/pdb.irb.hr\/project\/irb:004867<\/a><\/p>\n\n\n\n<p><strong>OSIGURAJMO IM JEDNAKOST (01.09.2014. \u2013 31.08.2015.). &nbsp;FOOZOS je partner.<\/strong><\/p>\n\n\n\n<p>Voditeljica projekta na ustanovi je izv. prof. dr. sc. Tena Velki<\/p>\n\n\n\n<p>Vi\u0161e na poveznici: <a href=\"https:\/\/pdb.irb.hr\/project\/irb:004801\">https:\/\/pdb.irb.hr\/project\/irb:004801<\/a><\/p>\n\n\n\n<p><strong>OSIGURAJMO IM JEDNAKOST 2 (01.09.2015. \u2013 31.08.2016.). &nbsp;FOOZOS je podizvo\u0111a\u010d aktivnosti.<\/strong><\/p>\n\n\n\n<p>Voditeljica projekta na ustanovi je izv. prof. dr. sc. Tena Velki<\/p>\n\n\n\n<p>Vi\u0161e na poveznici: <a href=\"https:\/\/pdb.irb.hr\/project\/irb:004802\">https:\/\/pdb.irb.hr\/project\/irb:004802<\/a><\/p>\n\n\n\n<p><strong>U\u010cIMO ZAJEDNO (01.09.2014. \u2013 30.09.2015.). &nbsp;FOOZOS je partner.<\/strong><\/p>\n\n\n\n<p>Voditeljica projekta na ustanovi je izv. prof. dr. sc. Tena Velki<\/p>\n\n\n\n<p>Vi\u0161e na poveznici: <a href=\"https:\/\/pdb.irb.hr\/project\/irb:004800\">https:\/\/pdb.irb.hr\/project\/irb:004800<\/a><\/p>\n\n\n\n<p><strong>VOLONTIRAM, CIJENIM SVOJU BUDU\u0106NOST (01.06.2014. \u2013 01.06.2016.). &nbsp;FOOZOS je partner.<\/strong><\/p>\n\n\n\n<p>Suradnica na projektu na ustanovi je izv. prof. dr. sc. Emina Berbi\u0107 Kolar<\/p>\n\n\n\n<p>Vi\u0161e na poveznici: <a href=\"https:\/\/pdb.irb.hr\/project\/irb:004857\">https:\/\/pdb.irb.hr\/project\/irb:004857<\/a><\/p>\n\n\n\n<p><strong><u>Infrastrukturni projekti:<\/u><\/strong><\/p>\n\n\n\n<p><strong>ODR\u017dAVANJE OBJEKATA U DR\u017dAVNOM PRORA\u010cUNU RH (20.6.2018.-&nbsp; 30.6.2019.). FOOZOS je nositelj.<\/strong><\/p>\n\n\n\n<p>Voditelj projekta je doc.dr.sc. Vjekoslav Galzina, voditelj projekta na ustanovi je prof.dr.sc. Damir Matanovi\u0107, a suradnica izv. prof. dr. sc. Emina Berbi\u0107 Kolar.<\/p>\n\n\n\n<p>Vi\u0161e na poveznici: <a href=\"https:\/\/pdb.irb.hr\/admin\/edit\/4848\">https:\/\/pdb.irb.hr\/admin\/edit\/4848<\/a><\/p>\n\n\n\n<p><strong>ODR\u017dAVANJE OBJEKATA U DR\u017dAVNOM PRORA\u010cUNU RH (30.7.2019. -30.7.2020.). FOOZOS je nositelj.<\/strong><\/p>\n\n\n\n<p>Voditelj projekta je prof.dr.sc. Damir Matanovi\u0107,&nbsp; voditelj projekta na ustanovi je doc. dr. sc. Vjekoslav Galzina, a suradnica izv. prof. dr. sc. Emina Berbi\u0107 Kolar.<\/p>\n\n\n\n<p>Vi\u0161e na poveznici: <a href=\"https:\/\/pdb.irb.hr\/admin\/edit\/4849\">https:\/\/pdb.irb.hr\/admin\/edit\/4849<\/a><\/p>","protected":false},"excerpt":{"rendered":"<p>SUPER JE BIT\u2019 RAZLI\u010cIT! \u2013 2 (1. 9. 2025. \u2013 31. 8. 2026.). FOOZOS je partner.Voditeljice su projekta na ustanovi dr. sc. Ksenija Romstein, izv. prof., i dr. sc. Ljiljana \u0160iri\u0107, doc.Vi\u0161e na poveznici:&nbsp;https:\/\/www.croris.hr\/projekti\/projekt\/16602 POVEZNIK \u2013 \u0160KOLE KOJE GRADE POVJERENJE &hellip; <\/p>","protected":false},"author":4,"featured_media":0,"parent":0,"menu_order":0,"comment_status":"closed","ping_status":"closed","template":"","meta":{"footnotes":""},"class_list":["post-5834","page","type-page","status-publish","hentry"],"_links":{"self":[{"href":"https:\/\/www.foozos.hr\/en\/wp-json\/wp\/v2\/pages\/5834","targetHints":{"allow":["GET"]}}],"collection":[{"href":"https:\/\/www.foozos.hr\/en\/wp-json\/wp\/v2\/pages"}],"about":[{"href":"https:\/\/www.foozos.hr\/en\/wp-json\/wp\/v2\/types\/page"}],"author":[{"embeddable":true,"href":"https:\/\/www.foozos.hr\/en\/wp-json\/wp\/v2\/users\/4"}],"replies":[{"embeddable":true,"href":"https:\/\/www.foozos.hr\/en\/wp-json\/wp\/v2\/comments?post=5834"}],"version-history":[{"count":0,"href":"https:\/\/www.foozos.hr\/en\/wp-json\/wp\/v2\/pages\/5834\/revisions"}],"wp:attachment":[{"href":"https:\/\/www.foozos.hr\/en\/wp-json\/wp\/v2\/media?parent=5834"}],"curies":[{"name":"wp","href":"https:\/\/api.w.org\/{rel}","templated":true}]}}