{"id":5838,"date":"2024-12-04T15:00:57","date_gmt":"2024-12-04T14:00:57","guid":{"rendered":"https:\/\/www.foozos.hr\/?page_id=5838"},"modified":"2024-12-04T15:00:57","modified_gmt":"2024-12-04T14:00:57","slug":"art","status":"publish","type":"page","link":"https:\/\/www.foozos.hr\/en\/art\/","title":{"rendered":"Art"},"content":{"rendered":"<p><strong>AEXPO FUTURA (9.1.2023.-30.6.2023.). FOOZOS je nositelj.<\/strong><br>Voditelji projekta su dr. art. Goran Kujund\u017ei\u0107, izv. prof., dr. art. Marko \u0160o\u0161i\u0107, izv. prof., dr. art. Jelena Kova\u010devi\u0107, izv. prof.<br><a href=\"https:\/\/www.croris.hr\/projekti\/projekt\/11799\">https:\/\/www.croris.hr\/projekti\/projekt\/11799<\/a><\/p>\n\n\n\n<p><strong>AEXPO FUTURA \u2013 me\u0111unarodna online likovna izlo\u017eba studenata u\u010diteljskih i pedago\u0161kih fakulteta (8.1.2023.-29.6.2023.). FOOZOS je nositelj.<\/strong><br>Voditelji projekta su dr. art. Jelena Kova\u010devi\u0107, izv. prof., dr. art. Goran Kujund\u017ei\u0107, izv. prof., dr. art. Marko \u0160o\u0161i\u0107, izv. prof.<br><a href=\"https:\/\/www.croris.hr\/projekti\/projekt\/9873\">https:\/\/www.croris.hr\/projekti\/projekt\/9873<\/a><\/p>\n\n\n\n<p><strong>AEXPO \u2013 me\u0111unarodna online likovna izlo\u017eba nastavnika u\u010diteljskih i pedago\u0161kih fakulteta (9.1.2022.-30.6.2022.). FOOZOS je nositelj.<\/strong><br>Voditelji projekta su dr. art. Marko \u0160o\u0161i\u0107, izv. prof., dr. art. Goran Kujund\u017ei\u0107, izv. prof., dr. art. Jelena Kova\u010devi\u0107, izv. prof.<br><a href=\"https:\/\/www.croris.hr\/projekti\/projekt\/9870\">https:\/\/www.croris.hr\/projekti\/projekt\/9870<\/a><\/p>","protected":false},"excerpt":{"rendered":"<p>AEXPO FUTURA (9.1.2023.-30.6.2023.). FOOZOS je nositelj.Voditelji projekta su dr. art. Goran Kujund\u017ei\u0107, izv. prof., dr. art. Marko \u0160o\u0161i\u0107, izv. prof., dr. art. Jelena Kova\u010devi\u0107, izv. prof.https:\/\/www.croris.hr\/projekti\/projekt\/11799 AEXPO FUTURA \u2013 me\u0111unarodna online likovna izlo\u017eba studenata u\u010diteljskih i pedago\u0161kih fakulteta (8.1.2023.-29.6.2023.). FOOZOS &hellip; <\/p>","protected":false},"author":4,"featured_media":0,"parent":0,"menu_order":0,"comment_status":"closed","ping_status":"closed","template":"","meta":{"footnotes":""},"class_list":["post-5838","page","type-page","status-publish","hentry"],"_links":{"self":[{"href":"https:\/\/www.foozos.hr\/en\/wp-json\/wp\/v2\/pages\/5838","targetHints":{"allow":["GET"]}}],"collection":[{"href":"https:\/\/www.foozos.hr\/en\/wp-json\/wp\/v2\/pages"}],"about":[{"href":"https:\/\/www.foozos.hr\/en\/wp-json\/wp\/v2\/types\/page"}],"author":[{"embeddable":true,"href":"https:\/\/www.foozos.hr\/en\/wp-json\/wp\/v2\/users\/4"}],"replies":[{"embeddable":true,"href":"https:\/\/www.foozos.hr\/en\/wp-json\/wp\/v2\/comments?post=5838"}],"version-history":[{"count":0,"href":"https:\/\/www.foozos.hr\/en\/wp-json\/wp\/v2\/pages\/5838\/revisions"}],"wp:attachment":[{"href":"https:\/\/www.foozos.hr\/en\/wp-json\/wp\/v2\/media?parent=5838"}],"curies":[{"name":"wp","href":"https:\/\/api.w.org\/{rel}","templated":true}]}}