{"id":5860,"date":"2024-12-04T15:10:06","date_gmt":"2024-12-04T14:10:06","guid":{"rendered":"https:\/\/www.foozos.hr\/?page_id=5860"},"modified":"2026-03-17T13:51:11","modified_gmt":"2026-03-17T12:51:11","slug":"secretary-office","status":"publish","type":"page","link":"https:\/\/www.foozos.hr\/en\/secretary-office\/","title":{"rendered":"Secretary office"},"content":{"rendered":"<p><strong>The Secretary Office<\/strong> of the Faculty handles professional-administrative tasks for the Faculty and its bodies, as well as legal, personnel, and organisational tasks related to the technical coordination of work within the internal organisational units, services, and departments that form part of the <strong>Secretary Office<\/strong>. The office coordinates the work of subordinate organisational units: the Service for Legal, IT, and Professional and Administrative Tasks, which includes legal and general tasks for the Faculty and its bodies, tasks related to human resources, teaching activities, study programmes, organisation of studies, and student matters, tasks related to the implementation of lifelong learning programmes; scientific activities; publishing activities; tasks related to quality assurance and improvement; international and inter-institutional cooperation; career counselling; and IT services. It also coordinates the Financial and Accounting Service, which handles financial operations and accounting, as well as procurement, and tasks related to the financing and implementation of projects and programmes.<\/p>\n\n\n\n<p>The <strong>Secretary Office<\/strong> also performs organisational, professional, and administrative tasks for the Dean and Vice-Deans, protocol tasks, public relations tasks, monitoring the implementation of the Faculty\u2019s Strategic Plan, and coordinating professional tasks carried out by the Dean&#8217;s advisors, expert committees, or working groups within the scope of the Dean&#8217;s responsibilities.<\/p>\n\n\n\n<p>Additionally, the <strong>Secretary Office<\/strong> manages communications with Rectorate services, the Ministry of Science, Education, and Youth, other state administration bodies, national bodies, scientific-teaching constituents, and other organisational units of the University, as well as the Student Union. It ensures the proper use of resources, manages occupational safety tasks, and handles general, technical, and support tasks, including transcription, duplication, registry, dispatch, archiving, maintenance of premises, equipment, and cleanliness, as well as other tasks assigned by the Dean and the Faculty\u2019s Secretary.<\/p>\n\n\n\n<figure class=\"wp-block-table\"><table><tbody><tr><td colspan=\"4\"><strong>SECRETARY OFFICE<br><\/strong>Biljana Gra\u0161a, univ. mag. iur., Faculty Secretary<br><a href=\"mailto:bgrasa@foozos.hr\">bgrasa@foozos.hr<\/a><strong><\/strong><\/td><\/tr><tr><td colspan=\"4\"><strong>Departments and Offices<\/strong> <strong>Department of Legal and General Affairs<\/strong><\/td><\/tr><tr><td>Ana Katavi\u0107, univ. mag. iur. spec. socio.<br>Mihaela Pavli\u0107 Duman\u010di\u0107 (substitute)<\/td><td><a href=\"mailto:akatavic@foozos.hr\">akatavic@foozos.hr<\/a><br><a href=\"mailto:mpdumancic@foozos.hr\">mpdumancic@foozos.hr<\/a><\/td><td colspan=\"2\">Head of Department<br>Head of Department<\/td><\/tr><tr><td colspan=\"4\"><strong>Dean&#8217;s Office<\/strong><\/td><\/tr><tr><td>Mirna Bezer<\/td><td><a href=\"mailto:mbezer@foozos.hr\">mbezer@foozos.hr<\/a><\/td><td colspan=\"2\">Head of Office<\/td><\/tr><tr><td colspan=\"4\"><strong>Office of Computer Networks and Communication Systems<\/strong><\/td><\/tr><tr><td>Krunoslav Kurilj, bacc. ing. techn. inf.<\/td><td><a href=\"mailto:kkurilj@foozos.hr\">kkurilj@foozos.hr<\/a><\/td><td colspan=\"2\">Head of Office<\/td><\/tr><tr><td>Bruno Tomi\u0107<\/td><td><a href=\"mailto:btomic@foozos.hr\">btomic@foozos.hr<\/a><\/td><td colspan=\"2\">IT Technician<\/td><\/tr><tr><td colspan=\"4\"><strong>Department of Human Resources<\/strong><\/td><\/tr><tr><td>Andrej Bojani\u0107, univ. mag. iur.<\/td><td colspan=\"2\"><a href=\"mailto:abojanic@foozos.hr\">abojanic@foozos.hr<\/a><\/td><td>Head of Department<\/td><\/tr><tr><td colspan=\"4\"><strong>Office of Administrative and Documentation Affairs<\/strong><\/td><\/tr><tr><td>Kre\u0161imir Vuli\u0107, univ. mag. oec.<br><br>Rebeka Betlehem Markovi\u0107, univ. mag. oec. (substitute)<\/td><td colspan=\"2\"><a href=\"mailto:kvulic@foozos.hr\">kvulic@foozos.hr<\/a><br><br><a href=\"mailto:rbmarkovic@foozos.hr\">rbmarkovic@foozos.hr<\/a><\/td><td>Senior Clerk &#8211; Archivist<br><br>Senior Clerk &#8211; Archivist<\/td><\/tr><tr><td colspan=\"4\"><strong>Maintenance Office<\/strong><\/td><\/tr><tr><td><\/td><td colspan=\"2\"><\/td><td><\/td><\/tr><tr><td>Josip Arlovi\u0107<\/td><td colspan=\"2\"><a href=\"mailto:jarlovic@foozos.hr\">jarlovic@foozos.hr<\/a><\/td><td>Caretaker<\/td><\/tr><tr><td><strong>Cleaning Staff:<\/strong><\/td><td colspan=\"2\">&nbsp;<\/td><td>&nbsp;<\/td><\/tr><tr><td>Ines Kresi\u0107<\/td><td colspan=\"2\"><a href=\"mailto:ikresic@foozos.hr\">ikresic@foozos.hr<\/a><\/td><td>Cleaner<\/td><\/tr><tr><td>Marica Jezernik<\/td><td colspan=\"2\"><a href=\"mailto:mjezernik@foozos.hr\">mjezernik@foozos.hr<\/a><\/td><td>Cleaner<\/td><\/tr><tr><td>Advija Sabljak<\/td><td colspan=\"2\"><a href=\"mailto:asabljak1@foozos.hr\">asabljak1@foozos.hr<\/a><\/td><td>Cleaner<\/td><\/tr><tr><td>Adriana Vukasovi\u0107 Kurtovi\u0107<\/td><td colspan=\"2\"><a href=\"mailto:avkurtovic@foozos.hr\">avkurtovic@foozos.hr<\/a><\/td><td>Cleaner<\/td><\/tr><tr><td>Besima Sendo<\/td><td colspan=\"2\"><a href=\"mailto:bsendo@foozos.hr\">bsendo@foozos.hr<\/a><\/td><td>Cleaner<\/td><\/tr><tr><td colspan=\"4\"><strong>Department of Student and Study Affairs<\/strong><\/td><\/tr><tr><td>Goran Markovi\u0107, univ. mag.oec.<\/td><td colspan=\"2\"><a href=\"mailto:gmarkovic@foozos.hr\">gmarkovic@foozos.hr<\/a><\/td><td>Head of Department<\/td><\/tr><tr><td>Marijana Ko\u0161ki, univ. mag. educ. philol. croat. et univ. mag. paed., univ. mag. oec.<\/td><td colspan=\"2\"><a href=\"mailto:mkoski@foozos.hr\">mkoski@foozos.hr<\/a><\/td><td>Department Associate<\/td><\/tr><tr><td>Marija Kurilj, univ. mag. ing. agr.<\/td><td colspan=\"2\"><a href=\"mailto:mkurilj@foozos.hr\">mkurilj@foozos.hr<\/a><\/td><td>Department Associate<\/td><\/tr><tr><td colspan=\"4\"><strong>Office of Student Affairs<\/strong><\/td><\/tr><tr><td>Kristina \u0160poljari\u0107<\/td><td colspan=\"2\"><a href=\"mailto:kspoljaric2@foozos.hr\">kspoljaric2@foozos.hr<\/a><\/td><td>Head of Office<\/td><\/tr><tr><td colspan=\"4\"><strong>Office of Study Programmes<\/strong><\/td><\/tr><tr><td>Evica \u0160injori, pristup. oec.\/B.Econ. (Cand.)<\/td><td colspan=\"2\"><a href=\"mailto:esinjori@foozos.hr\">esinjori@foozos.hr<\/a><\/td><td>Head of Office<\/td><\/tr><tr><td colspan=\"4\"><strong>Department of Postgraduate Studies<\/strong><\/td><\/tr><tr><td>Sandra Biloni\u0107, univ. mag. ing. agr.<\/td><td colspan=\"2\"><a href=\"mailto:sbilonic@foozos.hr\">sbilonic@foozos.hr<\/a><\/td><td>Department Associate<\/td><\/tr><tr><td colspan=\"4\"><strong>Department of Career Counselling and Development<\/strong><\/td><\/tr><tr><td>Iva Brajnovi\u0107 Bo\u010dkinac, univ. mag. oec.<br><br><br><\/td><td colspan=\"2\"><a href=\"mailto:ibrajnovic@foozos.hr\">ibrajnovic@foozos.hr<\/a><br><br><br><\/td><td>Department Associate<br><br><\/td><\/tr><tr><td colspan=\"4\"><strong>Department of Lifelong Learning<\/strong><\/td><\/tr><tr><td>Damir \u0160injori, univ. mag. oec.<\/td><td colspan=\"2\"><a href=\"mailto:dsinjori@foozos.hr\">dsinjori@foozos.hr<\/a><\/td><td>Department Associate<\/td><\/tr><tr><td colspan=\"4\"><strong>Department for Quality Assurance<\/strong><\/td><\/tr><tr><td>Martina Bala\u017ei\u0107, univ. mag. praesc. educ.<\/td><td colspan=\"2\"><a href=\"mailto:mbalazic@foozos.hr\">mbalazic@foozos.hr<\/a><\/td><td>Head of Department<\/td><\/tr><tr><td colspan=\"4\"><strong>Department of International and Inter-Institutional Cooperation<\/strong><\/td><\/tr><tr><td>Vlatka He\u0107imovi\u0107, univ. mag. oec.<\/td><td colspan=\"2\"><a href=\"mailto:vhecimovic@foozos.hr\">vhecimovic@foozos.hr<\/a><\/td><td>Department Associate<\/td><\/tr><tr><td colspan=\"4\"><strong>Financial Management and Accounting Service<\/strong><\/td><\/tr><tr><td colspan=\"4\"><strong>Department of Accounting and Financial Affairs<\/strong><\/td><\/tr><tr><td>Jozo Krajina, univ. mag. oec., spec. oec.<\/td><td colspan=\"2\"><a href=\"mailto:jkrajina@foozos.hr\">jkrajina@foozos.hr<\/a><\/td><td>Head of Department<\/td><\/tr><tr><td>Josip Molnar, univ. mag. oec.<\/td><td colspan=\"2\"><a href=\"mailto:jmolnar1@foozos.hr\">jmolnar1@foozos.hr<\/a><\/td><td>Department Advisor<\/td><\/tr><tr><td>Marina \u0110urkovi\u0107 Bo\u0161njakovi\u0107, univ. mag. oec.<\/td><td colspan=\"2\"><a href=\"mailto:mdbosnjakovic@foozos.hr\">mdbosnjakovic@foozos.hr<\/a><\/td><td>Department Advisor<\/td><\/tr><tr><td colspan=\"4\"><strong>Department of Business Relations and Public Procurement<\/strong><\/td><\/tr><tr><td>Damir Katavi\u0107, univ. mag. oec.<\/td><td colspan=\"2\"><a href=\"mailto:dkatavic@foozos.hr\">dkatavic@foozos.hr<\/a><\/td><td>Department Advisor<\/td><\/tr><tr><td colspan=\"4\"><strong>Department of Projects and Programmes<\/strong><\/td><\/tr><tr><td>Iva \u010cutura, univ. mag. theol.<\/td><td colspan=\"2\"><a href=\"mailto:icutura@foozos.hr\">icutura@foozos.hr<\/a><\/td><td>Department Associate<\/td><\/tr><\/tbody><\/table><\/figure>","protected":false},"excerpt":{"rendered":"<p>The Secretary Office of the Faculty handles professional-administrative tasks for the Faculty and its bodies, as well as legal, personnel, and organisational tasks related to the technical coordination of work within the internal organisational units, services, and departments that form &hellip; <\/p>","protected":false},"author":4,"featured_media":0,"parent":0,"menu_order":0,"comment_status":"closed","ping_status":"closed","template":"","meta":{"footnotes":""},"class_list":["post-5860","page","type-page","status-publish","hentry"],"_links":{"self":[{"href":"https:\/\/www.foozos.hr\/en\/wp-json\/wp\/v2\/pages\/5860","targetHints":{"allow":["GET"]}}],"collection":[{"href":"https:\/\/www.foozos.hr\/en\/wp-json\/wp\/v2\/pages"}],"about":[{"href":"https:\/\/www.foozos.hr\/en\/wp-json\/wp\/v2\/types\/page"}],"author":[{"embeddable":true,"href":"https:\/\/www.foozos.hr\/en\/wp-json\/wp\/v2\/users\/4"}],"replies":[{"embeddable":true,"href":"https:\/\/www.foozos.hr\/en\/wp-json\/wp\/v2\/comments?post=5860"}],"version-history":[{"count":0,"href":"https:\/\/www.foozos.hr\/en\/wp-json\/wp\/v2\/pages\/5860\/revisions"}],"wp:attachment":[{"href":"https:\/\/www.foozos.hr\/en\/wp-json\/wp\/v2\/media?parent=5860"}],"curies":[{"name":"wp","href":"https:\/\/api.w.org\/{rel}","templated":true}]}}