{"id":6433,"date":"2024-12-09T11:45:23","date_gmt":"2024-12-09T10:45:23","guid":{"rendered":"https:\/\/www.foozos.hr\/?page_id=6433"},"modified":"2024-12-09T12:31:19","modified_gmt":"2024-12-09T11:31:19","slug":"news-and-events","status":"publish","type":"page","link":"https:\/\/www.foozos.hr\/en\/department-of-arts\/news-and-events\/","title":{"rendered":"News and events"},"content":{"rendered":"<ul class=\"wp-block-latest-posts__list has-dates wp-block-latest-posts\"><li><a class=\"wp-block-latest-posts__post-title\" href=\"https:\/\/www.foozos.hr\/en\/4th-international-conference-of-possibility-studies-expanding-research-on-possibility-3\/\">4th International Conference of Possibility Studies &#8211; Expanding research on possibility<\/a><time datetime=\"2024-06-10T12:22:00+02:00\" class=\"wp-block-latest-posts__post-date\">10.06.2024.<\/time><div class=\"wp-block-latest-posts__post-excerpt\">Izv. prof. dr. sc. Vesna Svalina trenutno boravi na Sveu\u010dili\u0161tu u Cambridgeu (UK) gdje sudjeluje na \u010cetvrtoj me\u0111unarodnoj konferenciji o studijama mogu\u0107nosti (4th International Conference of Possibility Studies &#8211; &#8216;Expanding research on possibility&#8217;). Konferenciju zajedni\u010dki organiziraju Faculty of Education (Sveu\u010dili\u0161te &hellip; <\/div><\/li>\n<\/ul>\n\n\n<p><\/p>","protected":false},"excerpt":{"rendered":"","protected":false},"author":3,"featured_media":0,"parent":6062,"menu_order":0,"comment_status":"closed","ping_status":"closed","template":"","meta":{"footnotes":""},"class_list":["post-6433","page","type-page","status-publish","hentry"],"_links":{"self":[{"href":"https:\/\/www.foozos.hr\/en\/wp-json\/wp\/v2\/pages\/6433","targetHints":{"allow":["GET"]}}],"collection":[{"href":"https:\/\/www.foozos.hr\/en\/wp-json\/wp\/v2\/pages"}],"about":[{"href":"https:\/\/www.foozos.hr\/en\/wp-json\/wp\/v2\/types\/page"}],"author":[{"embeddable":true,"href":"https:\/\/www.foozos.hr\/en\/wp-json\/wp\/v2\/users\/3"}],"replies":[{"embeddable":true,"href":"https:\/\/www.foozos.hr\/en\/wp-json\/wp\/v2\/comments?post=6433"}],"version-history":[{"count":0,"href":"https:\/\/www.foozos.hr\/en\/wp-json\/wp\/v2\/pages\/6433\/revisions"}],"up":[{"embeddable":true,"href":"https:\/\/www.foozos.hr\/en\/wp-json\/wp\/v2\/pages\/6062"}],"wp:attachment":[{"href":"https:\/\/www.foozos.hr\/en\/wp-json\/wp\/v2\/media?parent=6433"}],"curies":[{"name":"wp","href":"https:\/\/api.w.org\/{rel}","templated":true}]}}