{"id":7183,"date":"2025-01-28T14:08:01","date_gmt":"2025-01-28T13:08:01","guid":{"rendered":"https:\/\/www.foozos.hr\/?page_id=7183"},"modified":"2026-03-16T11:13:37","modified_gmt":"2026-03-16T10:13:37","slug":"students-with-disabilities","status":"publish","type":"page","link":"https:\/\/www.foozos.hr\/en\/students-with-disabilities\/","title":{"rendered":"Students with disabilities"},"content":{"rendered":"<p class=\"has-medium-font-size\"><strong><a href=\"http:\/\/www.unios.hr\/studenti\/studenti-s-invaliditetom\/podrska\/\">Office for Students with Disabilities at the Josip Juraj Strossmayer University of Osijek<\/a><\/strong><\/p>\n\n\n\n<p>The Office for Students with Disabilities is managed and coordinated by:<\/p>\n\n\n\n<p>Damir Matanovi\u0107, Ph.D., Full Professor, Vice-Rector for Teaching and Students<br>Damir \u0160pani\u0107, Ph.D., Head of the Department for Student Affairs and Students with Disabilities<\/p>\n\n\n\n<p>Office hours for working with students<\/p>\n\n\n\n<p><br>Monday to Friday, 9:00 AM \u2013 12:00 PM<\/p>\n\n\n\n<p><br>Please announce your visit by sending an email to dspanic@unios.hr. An appointment can also be arranged outside of the above-mentioned hours.<\/p>\n\n\n\n<p><\/p>","protected":false},"excerpt":{"rendered":"<p>Office for Students with Disabilities at the Josip Juraj Strossmayer University of Osijek The Office for Students with Disabilities is managed and coordinated by: Damir Matanovi\u0107, Ph.D., Full Professor, Vice-Rector for Teaching and StudentsDamir \u0160pani\u0107, Ph.D., Head of the Department &hellip; <\/p>","protected":false},"author":3,"featured_media":0,"parent":0,"menu_order":0,"comment_status":"closed","ping_status":"closed","template":"","meta":{"footnotes":""},"class_list":["post-7183","page","type-page","status-publish","hentry"],"_links":{"self":[{"href":"https:\/\/www.foozos.hr\/en\/wp-json\/wp\/v2\/pages\/7183","targetHints":{"allow":["GET"]}}],"collection":[{"href":"https:\/\/www.foozos.hr\/en\/wp-json\/wp\/v2\/pages"}],"about":[{"href":"https:\/\/www.foozos.hr\/en\/wp-json\/wp\/v2\/types\/page"}],"author":[{"embeddable":true,"href":"https:\/\/www.foozos.hr\/en\/wp-json\/wp\/v2\/users\/3"}],"replies":[{"embeddable":true,"href":"https:\/\/www.foozos.hr\/en\/wp-json\/wp\/v2\/comments?post=7183"}],"version-history":[{"count":0,"href":"https:\/\/www.foozos.hr\/en\/wp-json\/wp\/v2\/pages\/7183\/revisions"}],"wp:attachment":[{"href":"https:\/\/www.foozos.hr\/en\/wp-json\/wp\/v2\/media?parent=7183"}],"curies":[{"name":"wp","href":"https:\/\/api.w.org\/{rel}","templated":true}]}}