{"id":238,"date":"2023-07-29T12:06:49","date_gmt":"2023-07-29T10:06:49","guid":{"rendered":"https:\/\/www.foozos.hr\/?post_type=product&#038;p=238"},"modified":"2025-06-18T10:08:29","modified_gmt":"2025-06-18T08:08:29","slug":"djecje-glazbeno-stvaralastvo-u-nastavi-glazbe-i-izvannastavnim-glazbenim-aktivnostima","status":"publish","type":"product","link":"https:\/\/www.foozos.hr\/en\/product\/djecje-glazbeno-stvaralastvo-u-nastavi-glazbe-i-izvannastavnim-glazbenim-aktivnostima\/","title":{"rendered":"Dje\u010dje glazbeno stvarala\u0161tvo u nastavi glazbe i izvannastavnim glazbenim aktivnostima"},"content":{"rendered":"<div class=\"product-description\">\n<p>Ud\u017ebenik predstavlja izuzetno vrijedan doprinos glazbenoj pedagogiji op\u0107enito, a posebno podru\u010dju aktivnosti glazbenoga stvarala\u0161tva, jer osim iscrpnoga prikaza spoznaja iz navedenoga podru\u010dja, donosi \u010ditav niz metodi\u010dkih savjeta, a i primjera koji su od izuzetnoga zna\u010denja za studente Integriranoga preddiplomskog i diplomskog sveu\u010dili\u0161nog U\u010diteljskog studija, studente glazbene\u00a0 pedagogije, u\u010ditelje primarnog obrazovanja te u\u010ditelje glazbe u osnovnim op\u0107eobrazovnim i glazbenim \u0161kolama. Osim toga, autorice donose niz sugestija kreatorima obrazovnih politika za podru\u010dje dje\u010djega glazbenog stvarala\u0161tva.<\/p>\n<p>&nbsp;<\/p>\n<p>Autor\/i: Svalina,Vesna; Muci\u0107, Mia<\/p>\n<p>Izdava\u010d: Fakultet za odgojne i obrazovne znanosti ; Matica hrvatska<\/p>\n<p>Godina izdanja: 2022.<\/p>\n<p>Broj stranica: 206<\/p>\n<p>ISBN: 978-953-8371-10-6<\/p>\n<\/div>","protected":false},"excerpt":{"rendered":"<p>Ud\u017ebenik predstavlja izuzetno vrijedan doprinos glazbenoj pedagogiji op\u0107enito, a posebno podru\u010dju aktivnosti glazbenoga stvarala\u0161tva, jer osim iscrpnoga prikaza spoznaja iz navedenoga podru\u010dja, donosi \u010ditav niz metodi\u010dkih savjeta, a i primjera koji su od izuzetnoga zna\u010denja za studente Integriranoga preddiplomskog i &hellip; <\/p>","protected":false},"featured_media":239,"template":"","meta":[],"product_brand":[],"product_cat":[23],"product_tag":[],"class_list":{"0":"post-238","1":"product","2":"type-product","3":"status-publish","4":"has-post-thumbnail","6":"product_cat-knjige","8":"first","9":"instock","10":"shipping-taxable","11":"purchasable","12":"product-type-simple"},"_links":{"self":[{"href":"https:\/\/www.foozos.hr\/en\/wp-json\/wp\/v2\/product\/238","targetHints":{"allow":["GET"]}}],"collection":[{"href":"https:\/\/www.foozos.hr\/en\/wp-json\/wp\/v2\/product"}],"about":[{"href":"https:\/\/www.foozos.hr\/en\/wp-json\/wp\/v2\/types\/product"}],"wp:featuredmedia":[{"embeddable":true,"href":"https:\/\/www.foozos.hr\/en\/wp-json\/wp\/v2\/media\/239"}],"wp:attachment":[{"href":"https:\/\/www.foozos.hr\/en\/wp-json\/wp\/v2\/media?parent=238"}],"wp:term":[{"taxonomy":"product_brand","embeddable":true,"href":"https:\/\/www.foozos.hr\/en\/wp-json\/wp\/v2\/product_brand?post=238"},{"taxonomy":"product_cat","embeddable":true,"href":"https:\/\/www.foozos.hr\/en\/wp-json\/wp\/v2\/product_cat?post=238"},{"taxonomy":"product_tag","embeddable":true,"href":"https:\/\/www.foozos.hr\/en\/wp-json\/wp\/v2\/product_tag?post=238"}],"curies":[{"name":"wp","href":"https:\/\/api.w.org\/{rel}","templated":true}]}}