{"id":253,"date":"2023-07-29T12:57:43","date_gmt":"2023-07-29T10:57:43","guid":{"rendered":"https:\/\/www.foozos.hr\/?post_type=product&#038;p=253"},"modified":"2023-07-30T16:40:15","modified_gmt":"2023-07-30T14:40:15","slug":"zivot-i-skola-casopis-za-teoriju-i-praksu-odgoja-i-obrazovanja","status":"publish","type":"product","link":"https:\/\/www.foozos.hr\/en\/product\/zivot-i-skola-casopis-za-teoriju-i-praksu-odgoja-i-obrazovanja\/","title":{"rendered":"\u017divot i \u0161kola : \u010dasopis za teoriju i praksu odgoja i obrazovanja"},"content":{"rendered":"<div class=\"product-description\">\n<p><span class=\"title\">Opis<\/span><em>\u017divot i \u0161kola<\/em> je \u010dasopis s me\u0111unarodnim uredni\u0161tvom koji objavljuje znanstvene i stru\u010dne radove te prikaze knjiga s ciljem unaprje\u0111enja teorije i prakse odgoja i obrazovanja.<\/p>\n<p>Bavi se pou\u010davanjem, u\u010denjem i nizom drugih va\u017enih tema iz podru\u010dja dru\u0161tvenih znanosti, a prihva\u0107a radove temeljene na raznovrsnim teorijskim analizama te empirijskim istra\u017eivanjima, kako kvantitativnim tako i kvalitativnim.<\/p>\n<p>\u010casopis <em>\u017divot i \u0161kola<\/em> jedan je od najstarijih hrvatskih \u010dasopisa na podru\u010dju odgoja i obrazovanja te pedagogijske teorije i prakse. Zapo\u010deo je izlaziti 1952. godine. U po\u010detku je imao regionalnu orijentaciju koju je s vremenom nadma\u0161io postav\u0161i jedan od vode\u0107ih \u010dasopisa iz podru\u010dja dru\u0161tvenih znanosti u Republici Hrvatskoj.<\/p>\n<p>Danas \u017divot i \u0161kola ima me\u0111unarodno uredni\u0161tvo, a radovi se referiraju u zna\u010dajnim bazama podataka.<\/p>\n<p>&nbsp;<\/p>\n<p><em>Glavna urednica: Peko, An\u0111elka ; Mlinarevi\u0107, Vesnica (od 2019. god.)<\/em><\/p>\n<p><em>ISSN: 0044-4855<\/em><\/p>\n<p><em>e-ISSN: 1849-0972<\/em><\/p>\n<\/div>","protected":false},"excerpt":{"rendered":"<div class=\"product-short-description\">\u017divot i \u0161kola je \u010dasopis s me\u0111unarodnim uredni\u0161tvom koji objavljuje znanstvene i stru\u010dne radove te prikaze knjiga s ciljem unaprje\u0111enja teorije i prakse odgoja i obrazovanja.<\/div>","protected":false},"featured_media":254,"template":"","meta":[],"product_brand":[],"product_cat":[24],"product_tag":[],"class_list":{"0":"post-253","1":"product","2":"type-product","3":"status-publish","4":"has-post-thumbnail","6":"product_cat-casopisi","8":"first","9":"instock","10":"shipping-taxable","11":"purchasable","12":"product-type-variable"},"_links":{"self":[{"href":"https:\/\/www.foozos.hr\/en\/wp-json\/wp\/v2\/product\/253","targetHints":{"allow":["GET"]}}],"collection":[{"href":"https:\/\/www.foozos.hr\/en\/wp-json\/wp\/v2\/product"}],"about":[{"href":"https:\/\/www.foozos.hr\/en\/wp-json\/wp\/v2\/types\/product"}],"wp:featuredmedia":[{"embeddable":true,"href":"https:\/\/www.foozos.hr\/en\/wp-json\/wp\/v2\/media\/254"}],"wp:attachment":[{"href":"https:\/\/www.foozos.hr\/en\/wp-json\/wp\/v2\/media?parent=253"}],"wp:term":[{"taxonomy":"product_brand","embeddable":true,"href":"https:\/\/www.foozos.hr\/en\/wp-json\/wp\/v2\/product_brand?post=253"},{"taxonomy":"product_cat","embeddable":true,"href":"https:\/\/www.foozos.hr\/en\/wp-json\/wp\/v2\/product_cat?post=253"},{"taxonomy":"product_tag","embeddable":true,"href":"https:\/\/www.foozos.hr\/en\/wp-json\/wp\/v2\/product_tag?post=253"}],"curies":[{"name":"wp","href":"https:\/\/api.w.org\/{rel}","templated":true}]}}