{"id":303,"date":"2023-07-29T15:44:46","date_gmt":"2023-07-29T13:44:46","guid":{"rendered":"https:\/\/www.foozos.hr\/?post_type=product&#038;p=303"},"modified":"2024-11-22T14:24:56","modified_gmt":"2024-11-22T13:24:56","slug":"drame","status":"publish","type":"product","link":"https:\/\/www.foozos.hr\/en\/product\/drame\/","title":{"rendered":"Drame"},"content":{"rendered":"<div class=\"product-description\">\n<p>U drami \u201eMolim, samo bez iskrenosti\u201d autorica red. prof. art. Mira Peri\u0107, sveu\u010dili\u0161na profesorica i glumica, propituje ulogu \u017eene u suvremenom dru\u0161tvu. Autorica je istovremeno i zanimljiv subjekt u tekstu, neupitni su elementi prepoznavanja autori\u010dinoga \u017eivota, pogleda na svijet, usugla\u0161enosti sa svijetom u kojemu \u017eivi, ali svakako i njezinoga tihog i glasnog bunta protiv takvoga svijeta, istovremeno, ona je i subjekt izvan teksta jer se jasno vidi njezina uloga promatra\u010da, pa \u010dak i kriti\u010dara svijeta koji ju okru\u017euje, s naglaskom na polo\u017eaj \u017eene u tom i takvom dru\u0161tvu. Autorica progovara ogoljuju\u0107i sliku \u017eene, majke, braniteljice, prijateljice, a istovremeno daje joj simboli\u010dno, pa \u010dak i bo\u017eansko shva\u0107anje \u017eene koja prosvjetljuje, koja u\u010di, koja propituje, koja raste i razvija se kroz niz svakodnevnih uobi\u010dajenih situacija, koje su samo naizgled uobi\u010dajene, a u stvari se radi o vrlo simboli\u010dnim i metafori\u010dnim situacijama propitivanja bitka i smisla \u017eivota.<\/p>\n<p>&nbsp;<\/p>\n<p>Autor\/i: Peri\u0107, Mira<\/p>\n<p>Izdava\u010d: Fakultet za odgojne i obrazovne znanosti<\/p>\n<p>Godina izdanja: 2021.<\/p>\n<p>Broj stranica: 68<\/p>\n<p>ISBN: 978-953-8371-01-1<\/p>\n<\/div>","protected":false},"excerpt":{"rendered":"<p>U drami \u201eMolim, samo bez iskrenosti\u201d autorica red. prof. art. Mira Peri\u0107, sveu\u010dili\u0161na profesorica i glumica, propituje ulogu \u017eene u suvremenom dru\u0161tvu. Autorica je istovremeno i zanimljiv subjekt u tekstu, neupitni su elementi prepoznavanja autori\u010dinoga \u017eivota, pogleda na svijet, usugla\u0161enosti &hellip; <\/p>","protected":false},"featured_media":304,"template":"","meta":[],"product_brand":[],"product_cat":[23],"product_tag":[],"class_list":{"0":"post-303","1":"product","2":"type-product","3":"status-publish","4":"has-post-thumbnail","6":"product_cat-knjige","8":"first","9":"instock","10":"shipping-taxable","11":"purchasable","12":"product-type-simple"},"_links":{"self":[{"href":"https:\/\/www.foozos.hr\/en\/wp-json\/wp\/v2\/product\/303","targetHints":{"allow":["GET"]}}],"collection":[{"href":"https:\/\/www.foozos.hr\/en\/wp-json\/wp\/v2\/product"}],"about":[{"href":"https:\/\/www.foozos.hr\/en\/wp-json\/wp\/v2\/types\/product"}],"wp:featuredmedia":[{"embeddable":true,"href":"https:\/\/www.foozos.hr\/en\/wp-json\/wp\/v2\/media\/304"}],"wp:attachment":[{"href":"https:\/\/www.foozos.hr\/en\/wp-json\/wp\/v2\/media?parent=303"}],"wp:term":[{"taxonomy":"product_brand","embeddable":true,"href":"https:\/\/www.foozos.hr\/en\/wp-json\/wp\/v2\/product_brand?post=303"},{"taxonomy":"product_cat","embeddable":true,"href":"https:\/\/www.foozos.hr\/en\/wp-json\/wp\/v2\/product_cat?post=303"},{"taxonomy":"product_tag","embeddable":true,"href":"https:\/\/www.foozos.hr\/en\/wp-json\/wp\/v2\/product_tag?post=303"}],"curies":[{"name":"wp","href":"https:\/\/api.w.org\/{rel}","templated":true}]}}