{"id":305,"date":"2023-07-29T15:48:11","date_gmt":"2023-07-29T13:48:11","guid":{"rendered":"https:\/\/www.foozos.hr\/?post_type=product&#038;p=305"},"modified":"2024-11-21T15:42:16","modified_gmt":"2024-11-21T14:42:16","slug":"305","status":"publish","type":"product","link":"https:\/\/www.foozos.hr\/en\/product\/305\/","title":{"rendered":"Povijesni pregled vo\u0111enja i upravljanja u hrvatskom \u0161kolstvu i \u0161kolama"},"content":{"rendered":"<div class=\"product-description\">\n<p>U uvjetima kontinuiranih promjena koje su prisutne u dru\u0161tvenim, socijalnim, kulturnim, politi\u010dkim, globalnim, nacionalnim, tehnolo\u0161kim, znanstvenim i osobnim odrednicama, \u0161kola i \u0161kolstvo zauzimaju posebno mjesto. Promjene u \u0161koli i \u0161kolstvu ogledaju se kroz prizmu svih navedenih doga\u0111anja.<\/p>\n<p>Navedene se promjene danas u dru\u0161tvu razli\u010dito interpretiraju u kontekstu \u0161kole, a obrazovanju se ponekad daju nadnaravna svojstva, smatraju\u0107i ga panacejom za sve. No, znamo da tomu nije tako. Tako\u0111er, vode\u0107i se svjetskim primjerima prou\u010davanja i istra\u017eivaja povijesnih fenomena, poma\u017eemo si u planiraju novih izazova. Pou\u010deni povije\u0161\u0107u, stvaramo preduvjete za unapre\u0111enje i rast svega onoga \u0161to se kroz povijest pokazalo manjkavim.<\/p>\n<p>Ova znanstvena monografija se bavi povije\u0161\u0107u hrvatskoga \u0161kolstva i pedagogije iz konteksta vo\u0111enja i upravljanja. S obzirom na razli\u010dita povijesna razdoblja, koristili su se razli\u010diti termini: upravljanje, rukovo\u0111enje i nadzor. S obzirom na razli\u010dite teritorijalno-politi\u010dko-dru\u0161tvene prilike problematika upravljanja, rukovo\u0111enja i nadzora nad radom \u0161kolstva i \u0161kola prikazana je u vrijeme <em>Austrijskog Carstva i Austro-Ugarske Monarhije<\/em>, od Op\u0107eg \u0161kolskog reda 1774. godine do zavr\u0161etka Prvog svjetskog rata i propasti Austro-Ugarske Monarhije, <em>izme\u0111u dvaju svjetskih ratova<\/em> u Kraljevini Srba, Hrvata i Slovenaca, odnosno Kraljevini Jugoslaviji; u <em>Socijalisti\u010dkoj Republici Hrvatskoj<\/em> te u suvremenoj <em>Republici Hrvatskoj<\/em>.<\/p>\n<p>&nbsp;<\/p>\n<p>Autor\/i: Munjiza, Emerik, Dubovicki, Snje\u017eana<\/p>\n<p>Izdava\u010d: Fakultet za odgojne i obrazovne znanosti<\/p>\n<p>Godina izdanja: 2022.<\/p>\n<p>Broj stranica: 246<\/p>\n<p>ISBN: 978-953-8371-06-6<\/p>\n<\/div>","protected":false},"excerpt":{"rendered":"<p>U uvjetima kontinuiranih promjena koje su prisutne u dru\u0161tvenim, socijalnim, kulturnim, politi\u010dkim, globalnim, nacionalnim, tehnolo\u0161kim, znanstvenim i osobnim odrednicama, \u0161kola i \u0161kolstvo zauzimaju posebno mjesto. Promjene u \u0161koli i \u0161kolstvu ogledaju se kroz prizmu svih navedenih doga\u0111anja. Navedene se promjene &hellip; <\/p>","protected":false},"featured_media":306,"template":"","meta":[],"product_brand":[],"product_cat":[23],"product_tag":[],"class_list":{"0":"post-305","1":"product","2":"type-product","3":"status-publish","4":"has-post-thumbnail","6":"product_cat-knjige","8":"first","9":"instock","10":"shipping-taxable","11":"purchasable","12":"product-type-simple"},"_links":{"self":[{"href":"https:\/\/www.foozos.hr\/en\/wp-json\/wp\/v2\/product\/305","targetHints":{"allow":["GET"]}}],"collection":[{"href":"https:\/\/www.foozos.hr\/en\/wp-json\/wp\/v2\/product"}],"about":[{"href":"https:\/\/www.foozos.hr\/en\/wp-json\/wp\/v2\/types\/product"}],"wp:featuredmedia":[{"embeddable":true,"href":"https:\/\/www.foozos.hr\/en\/wp-json\/wp\/v2\/media\/306"}],"wp:attachment":[{"href":"https:\/\/www.foozos.hr\/en\/wp-json\/wp\/v2\/media?parent=305"}],"wp:term":[{"taxonomy":"product_brand","embeddable":true,"href":"https:\/\/www.foozos.hr\/en\/wp-json\/wp\/v2\/product_brand?post=305"},{"taxonomy":"product_cat","embeddable":true,"href":"https:\/\/www.foozos.hr\/en\/wp-json\/wp\/v2\/product_cat?post=305"},{"taxonomy":"product_tag","embeddable":true,"href":"https:\/\/www.foozos.hr\/en\/wp-json\/wp\/v2\/product_tag?post=305"}],"curies":[{"name":"wp","href":"https:\/\/api.w.org\/{rel}","templated":true}]}}