{"id":364,"date":"2023-07-30T15:26:05","date_gmt":"2023-07-30T13:26:05","guid":{"rendered":"https:\/\/www.foozos.hr\/?post_type=product&#038;p=364"},"modified":"2026-01-15T11:57:19","modified_gmt":"2026-01-15T10:57:19","slug":"tjelesna-i-zdravstvena-kultura-u-razrednoj-nastavi","status":"publish","type":"product","link":"https:\/\/www.foozos.hr\/en\/product\/tjelesna-i-zdravstvena-kultura-u-razrednoj-nastavi\/","title":{"rendered":"Tjelesna i zdravstvena kultura u razrednoj nastavi"},"content":{"rendered":"<div class=\"product-description\">\n<p>Zamisao vodilja, tijekom pisanja ovoga djela, bila je stvoriti \u0161tivo koje \u0107e teorijski u\u010dinkovito pripremiti studenta za provo\u0111enje prakti\u010dnoga rada u razrednoj nastavi u tjelesnom i zdravstvenom podru\u010dju. To je zahtijevalo izradu velike koli\u010dine izvornih grafi\u010dkih prikaza \u010dija je namjena bila zorno poja\u0161njavanje teksta. Djelo zapo\u010dinje uvodnim poglavljem u kojemu se definira pojam, definicija i znanstvena utemeljenost kineziolo\u0161ke metodike. Potom se\u00a0 poja\u0161njava sustav, upravljanje i struktura odgojno-obrazovnog sustava u Republici Hrvatskoj, jer svi odgojno-obrazovni sustavi u svijetu imaju sigurno jednu zajedni\u010dku zna\u010dajku. Temelje se na velikom broju propisa, podzakonskih akata, pravilnika, naputaka, uputnika&#8230; kojima tijela dr\u017eavne vlasti ure\u0111uju, normiraju i upravljaju sustavom odgoja i obrazovanja. Time se ukazuje da kineziolo\u0161ka metodika, kao znanstveno-nastavna disciplina, prou\u010dava zakonitosti primijenjene kineziologije u prostoru koji je u nadle\u017enosti dr\u017eavne vlasti.\u00a0 Potom slijede informacije o specifi\u010dnostima, svrsi i smjernicama TZP koje me\u0111udjelovno odre\u0111uju i utemeljuju smisao i aktivnost svih djelatnika u TZP, opisuju se osnove, uvod i temeljni \u010dinitelji u organizaciju tjelesnog vje\u017ebanja.<\/p>\n<p>&nbsp;<\/p>\n<p>Autor\/i: Neljak, Boris ; Vidranski, Tihomir<\/p>\n<p>Izdava\u010d: Fakultet za odgojne i obrazovne znanosti<\/p>\n<p>Godina izdanja: 2020.<\/p>\n<p>Broj stranica: 436.<\/p>\n<p>ISBN: 978-953-6965-74-8<\/p>\n<\/div>","protected":false},"excerpt":{"rendered":"<p>Zamisao vodilja, tijekom pisanja ovoga djela, bila je stvoriti \u0161tivo koje \u0107e teorijski u\u010dinkovito pripremiti studenta za provo\u0111enje prakti\u010dnoga rada u razrednoj nastavi u tjelesnom i zdravstvenom podru\u010dju. To je zahtijevalo izradu velike koli\u010dine izvornih grafi\u010dkih prikaza \u010dija je namjena &hellip; <\/p>","protected":false},"featured_media":365,"template":"","meta":[],"product_brand":[],"product_cat":[23],"product_tag":[],"class_list":{"0":"post-364","1":"product","2":"type-product","3":"status-publish","4":"has-post-thumbnail","6":"product_cat-knjige","8":"first","9":"instock","10":"shipping-taxable","11":"purchasable","12":"product-type-simple"},"_links":{"self":[{"href":"https:\/\/www.foozos.hr\/en\/wp-json\/wp\/v2\/product\/364","targetHints":{"allow":["GET"]}}],"collection":[{"href":"https:\/\/www.foozos.hr\/en\/wp-json\/wp\/v2\/product"}],"about":[{"href":"https:\/\/www.foozos.hr\/en\/wp-json\/wp\/v2\/types\/product"}],"wp:featuredmedia":[{"embeddable":true,"href":"https:\/\/www.foozos.hr\/en\/wp-json\/wp\/v2\/media\/365"}],"wp:attachment":[{"href":"https:\/\/www.foozos.hr\/en\/wp-json\/wp\/v2\/media?parent=364"}],"wp:term":[{"taxonomy":"product_brand","embeddable":true,"href":"https:\/\/www.foozos.hr\/en\/wp-json\/wp\/v2\/product_brand?post=364"},{"taxonomy":"product_cat","embeddable":true,"href":"https:\/\/www.foozos.hr\/en\/wp-json\/wp\/v2\/product_cat?post=364"},{"taxonomy":"product_tag","embeddable":true,"href":"https:\/\/www.foozos.hr\/en\/wp-json\/wp\/v2\/product_tag?post=364"}],"curies":[{"name":"wp","href":"https:\/\/api.w.org\/{rel}","templated":true}]}}