{"id":366,"date":"2023-07-30T15:28:28","date_gmt":"2023-07-30T13:28:28","guid":{"rendered":"https:\/\/www.foozos.hr\/?post_type=product&#038;p=366"},"modified":"2025-11-11T18:14:30","modified_gmt":"2025-11-11T17:14:30","slug":"strategije-razumijevanja-pri-citanju-metodicke-mogucnosti-citanja-s-razumijevanjem-u-nastavi-hrvatskoga-jezika","status":"publish","type":"product","link":"https:\/\/www.foozos.hr\/en\/product\/strategije-razumijevanja-pri-citanju-metodicke-mogucnosti-citanja-s-razumijevanjem-u-nastavi-hrvatskoga-jezika\/","title":{"rendered":"Strategije razumijevanja pri \u010ditanju \u2013 metodi\u010dke mogu\u0107nosti \u010ditanja s razumijevanjem u nastavi hrvatskoga jezika"},"content":{"rendered":"<div class=\"product-description\">\n<p>U knjizi Strategije razumijevanja pri \u010ditanju: Metodi\u010dke mogu\u0107nosti \u010ditanja s razumijevanjem u nastavi Hrvatskoga jezika opisane su metodi\u010dke mogu\u0107nosti podu\u010davanja u\u010denika strategijama razumijevanja pri \u010ditanju. U literaturi su zabilje\u017eene mnogobrojne podjele strategija u\u010denja pa tako i strategija \u010ditanja. Slijedom toga, i u ovoj su knjizi strategije razumijevanja pri \u010ditanju uzimale u obzir s jedne strane dosada\u0161nja znanstvena i metodi\u010dka promi\u0161ljanja o toj temi, a s druge strane njihova je podjela rezultat autori\u010dana promi\u0161ljanja o knjizi i \u010ditanju, i to ponajprije \u010ditanju i razgovoru o pro\u010ditanome u razrednome kontekstu. Strategije su razumijevanja pri \u010ditanju u knjizi podijeljene na:\u00a0 STRATEGIJE PRIJE \u010cITANJA: strategija pregledavanja teksta, strategija primjene prethodnoga znanja (prije \u010ditanja), strategija postavljanja pitanja (prije \u010ditanja), strategija predvi\u0111anja (prije \u010ditanja) STRATEGIJE ZA VRIJEME \u010cITANJA: strategija primjene prethodnoga znanja (za vrijeme \u010ditanja) ili strategija povezivanja prija\u0161njega znanja s novim informacijama dobivenim za vrijeme \u010ditanja, strategija predvi\u0111anja (za vrijeme \u010ditanja), strategija razumijevanja zna\u010denja rije\u010di, strategija vizualizacije, strategija tra\u017eenja glavne misli, strategija razlikovanja bitnoga od nebitnoga, strategija postavljanja pitanja (za vrijeme \u010ditanja), strategija rje\u0161avanja problema STRATEGIJE NAKON \u010cITANJA: strategija razmi\u0161ljanja o onome \u0161to se pro\u010ditalo (refleksija), strategija postavljanja pitanja (nakon \u010ditanja), strategija odre\u0111ivanja kompozicijskoga ustroja teksta, strategija sa\u017eimanja pro\u010ditanoga. U knjizi su dani prijedlozi \u010ditanja knji\u017eevnoumjetni\u010dkih (literarnih)proznih i informativnih (ekspozitornih) tekstova, i to proznih.<\/p>\n<p>&nbsp;<\/p>\n<p>Autor\/i: Bakota, Lidija<\/p>\n<p>Izdava\u010d: Fakultet za odgojne i obrazovne znanosti<\/p>\n<p>Godina izdanja: 2020.<\/p>\n<p>Broj stranica: 304<\/p>\n<p>ISBN: 978-953-6965-95-3<\/p>\n<\/div>","protected":false},"excerpt":{"rendered":"<p>U knjizi Strategije razumijevanja pri \u010ditanju: Metodi\u010dke mogu\u0107nosti \u010ditanja s razumijevanjem u nastavi Hrvatskoga jezika opisane su metodi\u010dke mogu\u0107nosti podu\u010davanja u\u010denika strategijama razumijevanja pri \u010ditanju. U literaturi su zabilje\u017eene mnogobrojne podjele strategija u\u010denja pa tako i strategija \u010ditanja. Slijedom toga, &hellip; <\/p>","protected":false},"featured_media":367,"template":"","meta":[],"product_brand":[],"product_cat":[23],"product_tag":[],"class_list":{"0":"post-366","1":"product","2":"type-product","3":"status-publish","4":"has-post-thumbnail","6":"product_cat-knjige","8":"first","9":"instock","10":"shipping-taxable","11":"purchasable","12":"product-type-simple"},"_links":{"self":[{"href":"https:\/\/www.foozos.hr\/en\/wp-json\/wp\/v2\/product\/366","targetHints":{"allow":["GET"]}}],"collection":[{"href":"https:\/\/www.foozos.hr\/en\/wp-json\/wp\/v2\/product"}],"about":[{"href":"https:\/\/www.foozos.hr\/en\/wp-json\/wp\/v2\/types\/product"}],"wp:featuredmedia":[{"embeddable":true,"href":"https:\/\/www.foozos.hr\/en\/wp-json\/wp\/v2\/media\/367"}],"wp:attachment":[{"href":"https:\/\/www.foozos.hr\/en\/wp-json\/wp\/v2\/media?parent=366"}],"wp:term":[{"taxonomy":"product_brand","embeddable":true,"href":"https:\/\/www.foozos.hr\/en\/wp-json\/wp\/v2\/product_brand?post=366"},{"taxonomy":"product_cat","embeddable":true,"href":"https:\/\/www.foozos.hr\/en\/wp-json\/wp\/v2\/product_cat?post=366"},{"taxonomy":"product_tag","embeddable":true,"href":"https:\/\/www.foozos.hr\/en\/wp-json\/wp\/v2\/product_tag?post=366"}],"curies":[{"name":"wp","href":"https:\/\/api.w.org\/{rel}","templated":true}]}}