{"id":368,"date":"2023-07-30T15:29:45","date_gmt":"2023-07-30T13:29:45","guid":{"rendered":"https:\/\/www.foozos.hr\/?post_type=product&#038;p=368"},"modified":"2024-11-22T14:29:51","modified_gmt":"2024-11-22T13:29:51","slug":"kultura-pamcenja-slavonskoga-kobasa-u-povijesno-jezicnom-kontekstu","status":"publish","type":"product","link":"https:\/\/www.foozos.hr\/en\/product\/kultura-pamcenja-slavonskoga-kobasa-u-povijesno-jezicnom-kontekstu\/","title":{"rendered":"Kultura pam\u0107enja Slavonskoga Koba\u0161a u povijesno- jezi\u010dnom kontekstu"},"content":{"rendered":"<div class=\"product-description\">\n<p>Knjiga je posve\u0107ena svim Koba\u0161ankama i Koba\u0161anima koji su \u017eivjeli za svoje selo te njegovali obi\u010daje, folklor, kulturu i tradiciju. Slavonski Koba\u0161 mjesto je bogate povijesti, tradicije, kulture, folklornih obi\u010daja, prepoznatljivog mjesnog govora, specifi\u010dnih no\u0161nji i mno\u0161tva drugih stvari i osobina koje ovdje nisu nabrojane. Autori su obradili teme iz Slavonskog Koba\u0161a u povijesnom i jezi\u010dnom pogledu, ali nije zanemarena ni etnologija, folkloristika, usmena knji\u017eevnost i druge aspekte s kojima su se susretali u pisanju ove knjige i obradi materijalnih izvora i literature.<\/p>\n<p>&nbsp;<\/p>\n<p>Autor\/i:Jagodar, Josip; Berbi\u0107 Kolar, Emina<\/p>\n<p>Izdava\u010d: Fakultet za odgojne i obrazovne znanosti<\/p>\n<p>Godina izdanja: 2020.<\/p>\n<p>Broj stranica: 538<\/p>\n<p>ISBN: 978-953-6965-91-5<\/p>\n<\/div>","protected":false},"excerpt":{"rendered":"<p>Knjiga je posve\u0107ena svim Koba\u0161ankama i Koba\u0161anima koji su \u017eivjeli za svoje selo te njegovali obi\u010daje, folklor, kulturu i tradiciju. Slavonski Koba\u0161 mjesto je bogate povijesti, tradicije, kulture, folklornih obi\u010daja, prepoznatljivog mjesnog govora, specifi\u010dnih no\u0161nji i mno\u0161tva drugih stvari i &hellip; <\/p>","protected":false},"featured_media":369,"template":"","meta":[],"product_brand":[],"product_cat":[23],"product_tag":[],"class_list":{"0":"post-368","1":"product","2":"type-product","3":"status-publish","4":"has-post-thumbnail","6":"product_cat-knjige","8":"first","9":"outofstock","10":"shipping-taxable","11":"purchasable","12":"product-type-simple"},"_links":{"self":[{"href":"https:\/\/www.foozos.hr\/en\/wp-json\/wp\/v2\/product\/368","targetHints":{"allow":["GET"]}}],"collection":[{"href":"https:\/\/www.foozos.hr\/en\/wp-json\/wp\/v2\/product"}],"about":[{"href":"https:\/\/www.foozos.hr\/en\/wp-json\/wp\/v2\/types\/product"}],"wp:featuredmedia":[{"embeddable":true,"href":"https:\/\/www.foozos.hr\/en\/wp-json\/wp\/v2\/media\/369"}],"wp:attachment":[{"href":"https:\/\/www.foozos.hr\/en\/wp-json\/wp\/v2\/media?parent=368"}],"wp:term":[{"taxonomy":"product_brand","embeddable":true,"href":"https:\/\/www.foozos.hr\/en\/wp-json\/wp\/v2\/product_brand?post=368"},{"taxonomy":"product_cat","embeddable":true,"href":"https:\/\/www.foozos.hr\/en\/wp-json\/wp\/v2\/product_cat?post=368"},{"taxonomy":"product_tag","embeddable":true,"href":"https:\/\/www.foozos.hr\/en\/wp-json\/wp\/v2\/product_tag?post=368"}],"curies":[{"name":"wp","href":"https:\/\/api.w.org\/{rel}","templated":true}]}}