{"id":370,"date":"2023-07-30T15:38:28","date_gmt":"2023-07-30T13:38:28","guid":{"rendered":"https:\/\/www.foozos.hr\/?post_type=product&#038;p=370"},"modified":"2024-11-22T14:28:38","modified_gmt":"2024-11-22T13:28:38","slug":"jezikoslovac-mirko-divkovic-i-njegove-hrvatske-gramatike","status":"publish","type":"product","link":"https:\/\/www.foozos.hr\/en\/product\/jezikoslovac-mirko-divkovic-i-njegove-hrvatske-gramatike\/","title":{"rendered":"Jezikoslovac Mirko Divkovi\u0107 i njegove hrvatske gramatike"},"content":{"rendered":"<div class=\"product-description\">\n<p>U ovoj se knjizi predo\u010dava gramati\u010darska djelatnost Mirka Divkovi\u0107a, hrvatskoga jezikoslovca na prijelazu devetnaestoga u dvadeseto stolje\u0107e. Da bi se o njemu stekla cjelovita slika, prvi dio knjige donosi podrobniji prikaz hrvatskoga jezikoslovlja devetnaestoga stolje\u0107a, u prvom redu ilirizma te poilirizma- vremena u kojem je mladi Divkovi\u0107 stasao u gimnazijskoga nastavnika i po\u010deo oblikovati svoj jezikoslovni profil.<\/p>\n<p>Rije\u010d je o jezikoslovcu \u010dije djelo nije toliko vrijedno\u00a0 zbog posebne vrsno\u0107e gramati\u010dkoga opisa\u00a0 koliko je va\u017eno i znakovito zbog prelomnice koja se u njemu ogleda, a onda i odjeka koje je ostavio u suvremenoj, dana\u0161njoj gramatici. U tom smislu je Mirko Divkovi\u0107 nezaobilazno ime u povijesti hrvatskoga jezikoslovlja, ali i jezikoslovni i pedago\u0161ki radnik koji dosada jo\u0161 nije imao monografski opis svoga gramati\u010darskoga rada.<\/p>\n<p>&nbsp;<\/p>\n<p>Autor\/i: Smaji\u0107, Dubravka<\/p>\n<p>Izdava\u010d: Fakultet za odgojne i obrazovne znanosti ; Matica hrvatska<\/p>\n<p>Godina izdanja: 2020.<\/p>\n<p>Broj stranica: 246<\/p>\n<p>ISBN: 978-953-6965-94-6<\/p>\n<\/div>","protected":false},"excerpt":{"rendered":"<p>U ovoj se knjizi predo\u010dava gramati\u010darska djelatnost Mirka Divkovi\u0107a, hrvatskoga jezikoslovca na prijelazu devetnaestoga u dvadeseto stolje\u0107e. Da bi se o njemu stekla cjelovita slika, prvi dio knjige donosi podrobniji prikaz hrvatskoga jezikoslovlja devetnaestoga stolje\u0107a, u prvom redu ilirizma te &hellip; <\/p>","protected":false},"featured_media":371,"template":"","meta":[],"product_brand":[],"product_cat":[23],"product_tag":[],"class_list":{"0":"post-370","1":"product","2":"type-product","3":"status-publish","4":"has-post-thumbnail","6":"product_cat-knjige","8":"first","9":"instock","10":"shipping-taxable","11":"purchasable","12":"product-type-simple"},"_links":{"self":[{"href":"https:\/\/www.foozos.hr\/en\/wp-json\/wp\/v2\/product\/370","targetHints":{"allow":["GET"]}}],"collection":[{"href":"https:\/\/www.foozos.hr\/en\/wp-json\/wp\/v2\/product"}],"about":[{"href":"https:\/\/www.foozos.hr\/en\/wp-json\/wp\/v2\/types\/product"}],"wp:featuredmedia":[{"embeddable":true,"href":"https:\/\/www.foozos.hr\/en\/wp-json\/wp\/v2\/media\/371"}],"wp:attachment":[{"href":"https:\/\/www.foozos.hr\/en\/wp-json\/wp\/v2\/media?parent=370"}],"wp:term":[{"taxonomy":"product_brand","embeddable":true,"href":"https:\/\/www.foozos.hr\/en\/wp-json\/wp\/v2\/product_brand?post=370"},{"taxonomy":"product_cat","embeddable":true,"href":"https:\/\/www.foozos.hr\/en\/wp-json\/wp\/v2\/product_cat?post=370"},{"taxonomy":"product_tag","embeddable":true,"href":"https:\/\/www.foozos.hr\/en\/wp-json\/wp\/v2\/product_tag?post=370"}],"curies":[{"name":"wp","href":"https:\/\/api.w.org\/{rel}","templated":true}]}}