{"id":372,"date":"2023-07-30T15:40:03","date_gmt":"2023-07-30T13:40:03","guid":{"rendered":"https:\/\/www.foozos.hr\/?post_type=product&#038;p=372"},"modified":"2024-11-22T14:26:59","modified_gmt":"2024-11-22T13:26:59","slug":"intercultural-education-conference-proceedings-4th-international-scientific-and-professional-conference","status":"publish","type":"product","link":"https:\/\/www.foozos.hr\/en\/product\/intercultural-education-conference-proceedings-4th-international-scientific-and-professional-conference\/","title":{"rendered":"Intercultural Education &#8211; Conference Proceedings 4th International Scientific and Professional Conference"},"content":{"rendered":"<div class=\"product-description\">\n<p>Zbornik s 27 znanstvenih i stru\u010dnih radova i 48 autora\/ica iz zemlje i inozemstva, tiskan je na engleskom jeziku s relevantnim temama u podru\u010dju interkulturalne pedagogije iz razli\u010ditih disciplinarnih i interdisciplinarnih perspektiva na osnovi provedenih istra\u017eivanja te znanstvenih, akademskih i profesionalnih uvida autora\/ica i s recenzentskim procesom pojedina\u010dnih radova, kao i cijelog zbornika s doma\u0107im i me\u0111unarodnim neovisnim recenzentima.<\/p>\n<p>Zbornik s IV. Me\u0111unarodne znanstvene i stru\u010dne konferencije <em>Obrazovanje za interkulturalizam<\/em> nagla\u0161ava i rasvjetljava pojedine probleme s kojima se susre\u0107u djeca, u\u010denici, roditelji, odgojitelji, nastavnici i dru\u0161tvo tijekom zadnjih desetlje\u0107a velikih promjena. Multikulturalna dru\u0161tva, interkulturalni odnosi, razli\u010dite kulture u su\u017eivotu, dvojezi\u010dnosti, djeca izbjeglica i prognanika, razli\u010ditosti u dru\u0161tvu, kulturi, umjetnosti i odgojno-obrazovnoj praksi su elementi na \u010dijem pobolj\u0161anju treba raditi svakodnevno kako bi se unaprijedio \u017eivot za su\u017eivot o \u010demu svjedo\u010de\u00a0 teme znanstvenih i stru\u010dnih radova ovog zbornika.<\/p>\n<p>Zna\u010dajan broj radova usmjeren je istra\u017eivanju razli\u010ditosti u kontekstu suvremenih kurikuluma koji oboga\u0107uju odgojno-obrazovnu praksu. Pojedini znanstveni radovi nagla\u0161avaju posebnost u odgojno-obrazovnoj brizi prema u\u010denicima koji manifestiraju posebnosti razli\u010ditih oblika i specifi\u010dnostima u odgoju i obrazovanju istra\u017euju\u0107i pri tom ADHD, pismenost gluhe djece, dvojezi\u010dnost i dr. s modelima podr\u0161ke razli\u010ditima. Interkulturalizam je nagla\u0161en i u umjetnosti te nekoliko radova elaborira va\u017enosti primjene tradicijske glazbe, posebno zavi\u010dajnoga folklornog izri\u010daja u nastavi i izvannastavnim aktivnostima.<\/p>\n<p>&nbsp;<\/p>\n<p>Urednik\/ci: Mlinarevi\u0107, Vesnica ; Brust Nemet, Maja; Husanovi\u0107 Pehar, Jasmina<\/p>\n<p>Izdava\u010d: Faculty of Education ; Croatian Academy of Sciences and Arts, the Centar for Scientific Work in Vinkovci<\/p>\n<p>Godina izdanja: 2021.<\/p>\n<p>Broj stranica: 380<\/p>\n<p>ISSN: 1849-7209<\/p>\n<\/div>","protected":false},"excerpt":{"rendered":"<p>Zbornik s 27 znanstvenih i stru\u010dnih radova i 48 autora\/ica iz zemlje i inozemstva, tiskan je na engleskom jeziku s relevantnim temama u podru\u010dju interkulturalne pedagogije iz razli\u010ditih disciplinarnih i interdisciplinarnih perspektiva na osnovi provedenih istra\u017eivanja te znanstvenih, akademskih i &hellip; <\/p>","protected":false},"featured_media":373,"template":"","meta":[],"product_brand":[],"product_cat":[23],"product_tag":[],"class_list":{"0":"post-372","1":"product","2":"type-product","3":"status-publish","4":"has-post-thumbnail","6":"product_cat-knjige","8":"first","9":"instock","10":"shipping-taxable","11":"purchasable","12":"product-type-simple"},"_links":{"self":[{"href":"https:\/\/www.foozos.hr\/en\/wp-json\/wp\/v2\/product\/372","targetHints":{"allow":["GET"]}}],"collection":[{"href":"https:\/\/www.foozos.hr\/en\/wp-json\/wp\/v2\/product"}],"about":[{"href":"https:\/\/www.foozos.hr\/en\/wp-json\/wp\/v2\/types\/product"}],"wp:featuredmedia":[{"embeddable":true,"href":"https:\/\/www.foozos.hr\/en\/wp-json\/wp\/v2\/media\/373"}],"wp:attachment":[{"href":"https:\/\/www.foozos.hr\/en\/wp-json\/wp\/v2\/media?parent=372"}],"wp:term":[{"taxonomy":"product_brand","embeddable":true,"href":"https:\/\/www.foozos.hr\/en\/wp-json\/wp\/v2\/product_brand?post=372"},{"taxonomy":"product_cat","embeddable":true,"href":"https:\/\/www.foozos.hr\/en\/wp-json\/wp\/v2\/product_cat?post=372"},{"taxonomy":"product_tag","embeddable":true,"href":"https:\/\/www.foozos.hr\/en\/wp-json\/wp\/v2\/product_tag?post=372"}],"curies":[{"name":"wp","href":"https:\/\/api.w.org\/{rel}","templated":true}]}}