{"id":374,"date":"2023-07-30T15:41:25","date_gmt":"2023-07-30T13:41:25","guid":{"rendered":"https:\/\/www.foozos.hr\/?post_type=product&#038;p=374"},"modified":"2024-11-22T14:21:15","modified_gmt":"2024-11-22T13:21:15","slug":"glazbena-pedagogija-u-svjetlu-sadasnjih-i-buducih-promjena-6-glazba-u-skoli-stanje-i-perspektive-zbornik-radova-sa-sestog-medunarodnog-simpozija-glazbenih-pedagoga","status":"publish","type":"product","link":"https:\/\/www.foozos.hr\/en\/product\/glazbena-pedagogija-u-svjetlu-sadasnjih-i-buducih-promjena-6-glazba-u-skoli-stanje-i-perspektive-zbornik-radova-sa-sestog-medunarodnog-simpozija-glazbenih-pedagoga\/","title":{"rendered":"Glazbena pedagogija u svjetlu sada\u0161njih i budu\u0107ih promjena 6 \u2013 Glazba u \u0161koli \u2013 stanje i perspektive \u2013 Zbornik radova sa \u0160estog me\u0111unarodnog simpozija glazbenih pedagoga"},"content":{"rendered":"<div class=\"product-description\">\n<p>Zbornik sa \u0161estog simpozija objavljen je u izdanju Fakulteta za odgojne i obrazovne znanosti i Sveu\u010dili\u0161ta Josipa Jurja Strossmayera u Osijeku. Svi radovi sa \u0161estog simpozija koji su zadovoljili u recenzentskome postupku nalaze se u ovome zborniku te u \u010dasopisu \u201e\u017divot i \u0161kola\u201c, vol. 64, br. 2. Radove iz zbornika potpisuju 42 autora. Kao i kod pripreme zbornika s prethodnih simpozija, veliku je\u00a0 pozornost posve\u0107ena kvaliteti radova, \u0161to zna\u010di da su svi radovi pro\u0161li postupak dvostruko slijepe recenzije. Zbornik sadr\u017ei \u00a022 rada na hrvatskom i 7 radova \u00a0na engleskome jeziku.<\/p>\n<p>Kako bi se \u010ditateljima olak\u0161ao odabir radova za \u010ditanje, radovi su razvrstani \u00a0u nekoliko tematskih cjelina. To su cjeline pod naslovima: Izazovi glazbenoga obrazovanja, Glazba i glazbeno obrazovanje u osnovnim i srednjim \u0161kolama, Glazbeno obrazovanje na visokoobrazovnim institucijama, U\u010denje glazbe u glazbenim \u0161kolama, Glazbeno obrazovanje odraslih i Glazbeni projekti.<\/p>\n<p>&nbsp;<\/p>\n<p>Urednik\/ci: Svalina, Vesna<\/p>\n<p>Izdava\u010d: Fakultet za odgojne i obrazovne znanosti<\/p>\n<p>Godina izdanja: 2020.<\/p>\n<p>Broj stranica: 462<\/p>\n<p>ISBN: 978-953-6965-93-9<\/p>\n<\/div>","protected":false},"excerpt":{"rendered":"<p>Zbornik sa \u0161estog simpozija objavljen je u izdanju Fakulteta za odgojne i obrazovne znanosti i Sveu\u010dili\u0161ta Josipa Jurja Strossmayera u Osijeku. Svi radovi sa \u0161estog simpozija koji su zadovoljili u recenzentskome postupku nalaze se u ovome zborniku te u \u010dasopisu &hellip; <\/p>","protected":false},"featured_media":375,"template":"","meta":[],"product_brand":[],"product_cat":[23],"product_tag":[],"class_list":{"0":"post-374","1":"product","2":"type-product","3":"status-publish","4":"has-post-thumbnail","6":"product_cat-knjige","8":"first","9":"instock","10":"shipping-taxable","11":"purchasable","12":"product-type-simple"},"_links":{"self":[{"href":"https:\/\/www.foozos.hr\/en\/wp-json\/wp\/v2\/product\/374","targetHints":{"allow":["GET"]}}],"collection":[{"href":"https:\/\/www.foozos.hr\/en\/wp-json\/wp\/v2\/product"}],"about":[{"href":"https:\/\/www.foozos.hr\/en\/wp-json\/wp\/v2\/types\/product"}],"wp:featuredmedia":[{"embeddable":true,"href":"https:\/\/www.foozos.hr\/en\/wp-json\/wp\/v2\/media\/375"}],"wp:attachment":[{"href":"https:\/\/www.foozos.hr\/en\/wp-json\/wp\/v2\/media?parent=374"}],"wp:term":[{"taxonomy":"product_brand","embeddable":true,"href":"https:\/\/www.foozos.hr\/en\/wp-json\/wp\/v2\/product_brand?post=374"},{"taxonomy":"product_cat","embeddable":true,"href":"https:\/\/www.foozos.hr\/en\/wp-json\/wp\/v2\/product_cat?post=374"},{"taxonomy":"product_tag","embeddable":true,"href":"https:\/\/www.foozos.hr\/en\/wp-json\/wp\/v2\/product_tag?post=374"}],"curies":[{"name":"wp","href":"https:\/\/api.w.org\/{rel}","templated":true}]}}