{"id":376,"date":"2023-07-30T15:43:26","date_gmt":"2023-07-30T13:43:26","guid":{"rendered":"https:\/\/www.foozos.hr\/?post_type=product&#038;p=376"},"modified":"2024-11-22T14:19:36","modified_gmt":"2024-11-22T13:19:36","slug":"dijete-i-djetinjstvo-teorija-i-praksa-predskolskoga-odgoja-zbornik-radova","status":"publish","type":"product","link":"https:\/\/www.foozos.hr\/en\/product\/dijete-i-djetinjstvo-teorija-i-praksa-predskolskoga-odgoja-zbornik-radova\/","title":{"rendered":"Dijete i djetinjstvo : teorija i praksa pred\u0161kolskoga odgoja : zbornik radova"},"content":{"rendered":"<div class=\"product-description\">\n<p>U radovima autora ovoga zbornika razmatraju se bitna pitanja pedago\u0161ke teorije i edukacijske prakse: pedago\u0161ka interpretacija i reinterpretacija fenomena djetinjstva, dijete i djetinjstvo u povijesti i postmodernisti\u010dkom dru\u0161tvu, prava djeteta i njegovo odrastanje u obiteljskom i institucionalnom okru\u017eenju, partnerstvo vrti\u0107a, obitelji i dru\u0161tvene zajednice, suvremeni mediji i dje\u010dji do\u017eivljaj svijeta, vrti\u0107ki kurikulumi i odgojna praksa, razvoj razli\u010ditih aspekata djetetove kompetencije, dje\u010dja igra i eksploracija, ekolo\u0161ki odgoj u vrti\u0107u, pred\u0161kolska edukacija nadarene djece, djeca s te\u0161ko\u0107ama i djeca manjina, koncepcija i sustav izobrazbe pred\u0161kolskih u\u010ditelja, njihovo uvo\u0111enje u profesiju, napredovanje i razvoj kompetencije.<\/p>\n<p>&nbsp;<\/p>\n<p>Urednik\/ci: Babi\u0107, Nada; Irovi\u0107, Stanislava<\/p>\n<p>Izdava\u010d: Visoka u\u010diteljska \u0161kola u Osijeku<\/p>\n<p>Godina izdanja: 2003.<\/p>\n<p>Broj stranica: 409<\/p>\n<p>ISBN: 953-6965-02-X<\/p>\n<\/div>","protected":false},"excerpt":{"rendered":"<p>U radovima autora ovoga zbornika razmatraju se bitna pitanja pedago\u0161ke teorije i edukacijske prakse: pedago\u0161ka interpretacija i reinterpretacija fenomena djetinjstva, dijete i djetinjstvo u povijesti i postmodernisti\u010dkom dru\u0161tvu, prava djeteta i njegovo odrastanje u obiteljskom i institucionalnom okru\u017eenju, partnerstvo vrti\u0107a, &hellip; <\/p>","protected":false},"featured_media":377,"template":"","meta":[],"product_brand":[],"product_cat":[23],"product_tag":[],"class_list":{"0":"post-376","1":"product","2":"type-product","3":"status-publish","4":"has-post-thumbnail","6":"product_cat-knjige","8":"first","9":"instock","10":"shipping-taxable","11":"purchasable","12":"product-type-simple"},"_links":{"self":[{"href":"https:\/\/www.foozos.hr\/en\/wp-json\/wp\/v2\/product\/376","targetHints":{"allow":["GET"]}}],"collection":[{"href":"https:\/\/www.foozos.hr\/en\/wp-json\/wp\/v2\/product"}],"about":[{"href":"https:\/\/www.foozos.hr\/en\/wp-json\/wp\/v2\/types\/product"}],"wp:featuredmedia":[{"embeddable":true,"href":"https:\/\/www.foozos.hr\/en\/wp-json\/wp\/v2\/media\/377"}],"wp:attachment":[{"href":"https:\/\/www.foozos.hr\/en\/wp-json\/wp\/v2\/media?parent=376"}],"wp:term":[{"taxonomy":"product_brand","embeddable":true,"href":"https:\/\/www.foozos.hr\/en\/wp-json\/wp\/v2\/product_brand?post=376"},{"taxonomy":"product_cat","embeddable":true,"href":"https:\/\/www.foozos.hr\/en\/wp-json\/wp\/v2\/product_cat?post=376"},{"taxonomy":"product_tag","embeddable":true,"href":"https:\/\/www.foozos.hr\/en\/wp-json\/wp\/v2\/product_tag?post=376"}],"curies":[{"name":"wp","href":"https:\/\/api.w.org\/{rel}","templated":true}]}}