{"id":378,"date":"2023-07-30T15:45:23","date_gmt":"2023-07-30T13:45:23","guid":{"rendered":"https:\/\/www.foozos.hr\/?post_type=product&#038;p=378"},"modified":"2024-11-22T13:45:24","modified_gmt":"2024-11-22T12:45:24","slug":"trideset-godina-obrazovanja-predskolskih-odgojitelja-u-osijeku","status":"publish","type":"product","link":"https:\/\/www.foozos.hr\/en\/product\/trideset-godina-obrazovanja-predskolskih-odgojitelja-u-osijeku\/","title":{"rendered":"Trideset godina obrazovanja pred\u0161kolskih odgojitelja u Osijeku"},"content":{"rendered":"<div class=\"product-description\">\n<p>Monografija donosi podatke o edukaciji pred\u0161kolskih odgojitelja u Osijeku tijekom tri desetlje\u0107a na Pedago\u0161koj akademiji, Pedago\u0161kom fakultetu te Visokoj u\u010diteljskoj \u0161koli.<\/p>\n<p>Temeljna pitanja na koja se poku\u0161ava odgovoriti u monografiji su: \u0161to je obilje\u017eilo visoko\u0161kolsko obrazovanje odgojitelja pred\u0161kolske djece u Osijeku, te \u0161to je vrijedno naslije\u0111e upotrebljivo u razvoju stru\u010dnoga i znanstvenog obrazovanja pred\u0161kolskih profesionalaca.<\/p>\n<p>Monografija je podijeljena na \u010detiri tematske cjeline: koncepcija studija, nastavni planovi i programi, studenti te stru\u010dna i znanstvena djelatnost Katedre pred\u0161kolskoga odgoja.<\/p>\n<p>&nbsp;<\/p>\n<p>Autorice: \u00a0Babi\u0107, Nada ; Irovi\u0107, Stanislava<\/p>\n<p>Izdava\u010d: Visoka u\u010diteljska \u0161kola<\/p>\n<p>Godina izdanja: 2004.<\/p>\n<p>Broj stranica: 78<\/p>\n<p>ISBN: 953-6965-06-2<\/p>\n<\/div>","protected":false},"excerpt":{"rendered":"<p>Monografija donosi podatke o edukaciji pred\u0161kolskih odgojitelja u Osijeku tijekom tri desetlje\u0107a na Pedago\u0161koj akademiji, Pedago\u0161kom fakultetu te Visokoj u\u010diteljskoj \u0161koli. Temeljna pitanja na koja se poku\u0161ava odgovoriti u monografiji su: \u0161to je obilje\u017eilo visoko\u0161kolsko obrazovanje odgojitelja pred\u0161kolske djece u &hellip; <\/p>","protected":false},"featured_media":379,"template":"","meta":[],"product_brand":[],"product_cat":[23],"product_tag":[],"class_list":{"0":"post-378","1":"product","2":"type-product","3":"status-publish","4":"has-post-thumbnail","6":"product_cat-knjige","8":"first","9":"instock","10":"shipping-taxable","11":"purchasable","12":"product-type-simple"},"_links":{"self":[{"href":"https:\/\/www.foozos.hr\/en\/wp-json\/wp\/v2\/product\/378","targetHints":{"allow":["GET"]}}],"collection":[{"href":"https:\/\/www.foozos.hr\/en\/wp-json\/wp\/v2\/product"}],"about":[{"href":"https:\/\/www.foozos.hr\/en\/wp-json\/wp\/v2\/types\/product"}],"wp:featuredmedia":[{"embeddable":true,"href":"https:\/\/www.foozos.hr\/en\/wp-json\/wp\/v2\/media\/379"}],"wp:attachment":[{"href":"https:\/\/www.foozos.hr\/en\/wp-json\/wp\/v2\/media?parent=378"}],"wp:term":[{"taxonomy":"product_brand","embeddable":true,"href":"https:\/\/www.foozos.hr\/en\/wp-json\/wp\/v2\/product_brand?post=378"},{"taxonomy":"product_cat","embeddable":true,"href":"https:\/\/www.foozos.hr\/en\/wp-json\/wp\/v2\/product_cat?post=378"},{"taxonomy":"product_tag","embeddable":true,"href":"https:\/\/www.foozos.hr\/en\/wp-json\/wp\/v2\/product_tag?post=378"}],"curies":[{"name":"wp","href":"https:\/\/api.w.org\/{rel}","templated":true}]}}