{"id":380,"date":"2023-07-30T15:46:33","date_gmt":"2023-07-30T13:46:33","guid":{"rendered":"https:\/\/www.foozos.hr\/?post_type=product&#038;p=380"},"modified":"2025-01-31T07:53:13","modified_gmt":"2025-01-31T06:53:13","slug":"dijete-i-visejezicnost-zbornik-radova-s-medunarodnoga-strucnoga-i-znanstvenoga-skupa-dijete-i-jezik-danas","status":"publish","type":"product","link":"https:\/\/www.foozos.hr\/en\/product\/dijete-i-visejezicnost-zbornik-radova-s-medunarodnoga-strucnoga-i-znanstvenoga-skupa-dijete-i-jezik-danas\/","title":{"rendered":"Dijete i vi\u0161ejezi\u010dnost : zbornik radova s me\u0111unarodnoga stru\u010dnoga i znanstvenoga skupa Dijete i jezik danas"},"content":{"rendered":"<div class=\"product-description\">\n<p>Znanstveni skup s me\u0111unarodnim sudjelovanjem <em>Dijete i jezik danas<\/em> za\u017eivio 2001. godine i prerastao u tradicionalno okupljanje doma\u0107ih i inozemnih znanstvenika prou\u010davatelja ranog u\u010denja jezika.<\/p>\n<p>Sredi\u0161nja tema ovoga zbornika je Vrjednovanje i samovrjednovanje u nastavi hrvatskoga i stranoga jezika za u\u010denike mla\u0111e \u0161kolske dobi. U ovom Zborniku svatko mo\u017ee prona\u0107i ne\u0161to \u0161to \u0107e produbiti znanje, potvrditi osobna iskustva i znanja, dati odgovor na poneko pitanje ili jednostavno zainteresirati za odre\u0111eni sadr\u017eaj.<\/p>\n<p>&nbsp;<\/p>\n<p>Urednik\/ci: Petrovi\u0107, Elvira; Smaji\u0107, Dubravka; Bagari\u0107, Vesna; Radi\u0161i\u0107, Mirna<\/p>\n<p>Izdava\u010d: U\u010diteljski fakultet u Osijeku<\/p>\n<p>Godina izdanja: 2006.<\/p>\n<p>Broj stranica: 396<\/p>\n<p>ISBN: 953-6965-08-9<\/p>\n<\/div>","protected":false},"excerpt":{"rendered":"<p>Znanstveni skup s me\u0111unarodnim sudjelovanjem Dijete i jezik danas za\u017eivio 2001. godine i prerastao u tradicionalno okupljanje doma\u0107ih i inozemnih znanstvenika prou\u010davatelja ranog u\u010denja jezika. Sredi\u0161nja tema ovoga zbornika je Vrjednovanje i samovrjednovanje u nastavi hrvatskoga i stranoga jezika za &hellip; <\/p>","protected":false},"featured_media":381,"template":"","meta":[],"product_brand":[],"product_cat":[23],"product_tag":[],"class_list":{"0":"post-380","1":"product","2":"type-product","3":"status-publish","4":"has-post-thumbnail","6":"product_cat-knjige","8":"first","9":"instock","10":"shipping-taxable","11":"purchasable","12":"product-type-simple"},"_links":{"self":[{"href":"https:\/\/www.foozos.hr\/en\/wp-json\/wp\/v2\/product\/380","targetHints":{"allow":["GET"]}}],"collection":[{"href":"https:\/\/www.foozos.hr\/en\/wp-json\/wp\/v2\/product"}],"about":[{"href":"https:\/\/www.foozos.hr\/en\/wp-json\/wp\/v2\/types\/product"}],"wp:featuredmedia":[{"embeddable":true,"href":"https:\/\/www.foozos.hr\/en\/wp-json\/wp\/v2\/media\/381"}],"wp:attachment":[{"href":"https:\/\/www.foozos.hr\/en\/wp-json\/wp\/v2\/media?parent=380"}],"wp:term":[{"taxonomy":"product_brand","embeddable":true,"href":"https:\/\/www.foozos.hr\/en\/wp-json\/wp\/v2\/product_brand?post=380"},{"taxonomy":"product_cat","embeddable":true,"href":"https:\/\/www.foozos.hr\/en\/wp-json\/wp\/v2\/product_cat?post=380"},{"taxonomy":"product_tag","embeddable":true,"href":"https:\/\/www.foozos.hr\/en\/wp-json\/wp\/v2\/product_tag?post=380"}],"curies":[{"name":"wp","href":"https:\/\/api.w.org\/{rel}","templated":true}]}}