{"id":382,"date":"2023-07-30T15:48:27","date_gmt":"2023-07-30T13:48:27","guid":{"rendered":"https:\/\/www.foozos.hr\/?post_type=product&#038;p=382"},"modified":"2025-04-06T14:56:57","modified_gmt":"2025-04-06T12:56:57","slug":"otvoreni-model-glazbene-nastave-u-praksi-osnovne-skole-slusanje-glazbe-i-pjevanje-metodicki-prirucnik-za-ucitelje-i-studente-glazbene-kulture-glazbene-pedagogije-i-primarnog","status":"publish","type":"product","link":"https:\/\/www.foozos.hr\/en\/product\/otvoreni-model-glazbene-nastave-u-praksi-osnovne-skole-slusanje-glazbe-i-pjevanje-metodicki-prirucnik-za-ucitelje-i-studente-glazbene-kulture-glazbene-pedagogije-i-primarnog\/","title":{"rendered":"Otvoreni model glazbene nastave u praksi osnovne \u0161kole : (Slu\u0161anje glazbe i pjevanje) : Metodi\u010dki priru\u010dnik za u\u010ditelje i studente glazbene kulture, glazbene pedagogije i primarnog"},"content":{"rendered":"<div class=\"product-description\">\n<p>Ovaj je priru\u010dnik plod akcijskog istra\u017eivanja koje je autorica obavila u Osnovnoj \u0161koli Franje Kre\u017eme u Osijeku \u0161kolske godine 2004.\/2005., primijeniv\u0161i ve\u0107 tada <em>otvoreni model glazbene nastave<\/em>.<\/p>\n<p>U priru\u010dniku se prikazuju izvedbeni planovi i programi svih razreda i daju opisi gotovo u obliku priprema za svaki nastavni sat u \u010detvrtim, petim, \u0161estim, sedmim i osmim razredima, stoga priru\u010dnik na izvjestan na\u010din anticipira \u201ehnosovski\u201c program nastave glazbe i mo\u017ee poslu\u017eiti budu\u0107em (i sada\u0161njem) nastavniku kao izravan putokaz za nastavni rad u svim razredima predmetne nastave u osnovnim \u0161kolama.<\/p>\n<p>Otvoreni model glazbene nastave dopu\u0161ta nastavniku da sam u velikoj mjeri osmisli nastavni program. Polazi od toga da je stari program sa svojih \u0161est nastavnih podru\u010dja: <em>glazbenim opismenjavanjem, pjevanjem, sviranjem, stvarala\u0161tvom, slu\u0161anjem glazbe <\/em>i<em> usvajanjem odre\u0111enih muzikolo\u0161kih znanja <\/em>bio nerealan i neostvariv te da je nu\u017eno vodio u \u201estvarala\u0161tvo\u201c u kojem u\u010denici nisu mogli nau\u010diti ni\u0161ta relevantno. U uvjetima postoje\u0107e satnice, predmeta, jedini je na\u010din dokidanja toga \u201esva\u0161tarstva\u201c upravo otvoreni model u kojemu \u0107e nastavnik odlu\u010diti \u0161to je glazbeno korisno za u\u010denike.<\/p>\n<p>&nbsp;<\/p>\n<p>Autor\/i: \u0160ulenti\u0107 Begi\u0107, Jasna<\/p>\n<p>Izdava\u010d: U\u010diteljski fakultet u Osijeku<\/p>\n<p>Godina izdanja: 2012.<\/p>\n<p>Broj stranica: 160<\/p>\n<p>ISBN: 978-953-6965-24-3<\/p>\n<\/div>","protected":false},"excerpt":{"rendered":"<p>Ovaj je priru\u010dnik plod akcijskog istra\u017eivanja koje je autorica obavila u Osnovnoj \u0161koli Franje Kre\u017eme u Osijeku \u0161kolske godine 2004.\/2005., primijeniv\u0161i ve\u0107 tada otvoreni model glazbene nastave. U priru\u010dniku se prikazuju izvedbeni planovi i programi svih razreda i daju opisi &hellip; <\/p>","protected":false},"featured_media":383,"template":"","meta":[],"product_brand":[],"product_cat":[23],"product_tag":[],"class_list":{"0":"post-382","1":"product","2":"type-product","3":"status-publish","4":"has-post-thumbnail","6":"product_cat-knjige","8":"first","9":"instock","10":"shipping-taxable","11":"purchasable","12":"product-type-simple"},"_links":{"self":[{"href":"https:\/\/www.foozos.hr\/en\/wp-json\/wp\/v2\/product\/382","targetHints":{"allow":["GET"]}}],"collection":[{"href":"https:\/\/www.foozos.hr\/en\/wp-json\/wp\/v2\/product"}],"about":[{"href":"https:\/\/www.foozos.hr\/en\/wp-json\/wp\/v2\/types\/product"}],"wp:featuredmedia":[{"embeddable":true,"href":"https:\/\/www.foozos.hr\/en\/wp-json\/wp\/v2\/media\/383"}],"wp:attachment":[{"href":"https:\/\/www.foozos.hr\/en\/wp-json\/wp\/v2\/media?parent=382"}],"wp:term":[{"taxonomy":"product_brand","embeddable":true,"href":"https:\/\/www.foozos.hr\/en\/wp-json\/wp\/v2\/product_brand?post=382"},{"taxonomy":"product_cat","embeddable":true,"href":"https:\/\/www.foozos.hr\/en\/wp-json\/wp\/v2\/product_cat?post=382"},{"taxonomy":"product_tag","embeddable":true,"href":"https:\/\/www.foozos.hr\/en\/wp-json\/wp\/v2\/product_tag?post=382"}],"curies":[{"name":"wp","href":"https:\/\/api.w.org\/{rel}","templated":true}]}}