{"id":384,"date":"2023-07-30T15:50:05","date_gmt":"2023-07-30T13:50:05","guid":{"rendered":"https:\/\/www.foozos.hr\/?post_type=product&#038;p=384"},"modified":"2024-11-22T13:20:46","modified_gmt":"2024-11-22T12:20:46","slug":"zene-u-dijelovima-drame","status":"publish","type":"product","link":"https:\/\/www.foozos.hr\/en\/product\/zene-u-dijelovima-drame\/","title":{"rendered":"\u017dene u dijelovima : drame"},"content":{"rendered":"<div class=\"product-description\">\n<p>\u010cetiri drame Mire Peri\u0107 Kraljik izvrsne su za kazali\u0161ni repertoar kojemu \u010desto nedostaju dobri \u017eenski tekstovi i slojeviti \u017eenski likovi. Drame su to dana\u0161nje, suvremene tematike. Sadr\u017eaj drama u nama budi zanimanje. Protkane su psihologijom i simbolikom i stvaraju puno\u0107u scenskog \u017eivota. Drame su vrsne, zanimljive i svakako vrijedne \u010ditateljske i gledateljske pozornosti.<\/p>\n<p>Drame Mire Peri\u0107 Kraljik odli\u010dna su podloga za kazali\u0161ni repertoar koji neprestano vape za \u017eenskim likovima ali su tako\u0111er pogodne i za kori\u0161tenje u pedago\u0161kom radu sa studentima.<\/p>\n<p>&nbsp;<\/p>\n<p>Autor\/i: Peri\u0107 Kraljik, Mira<\/p>\n<p>Izdava\u010d: U\u010diteljski fakultet u Osijeku<\/p>\n<p>Godina izdanja: 2012.<\/p>\n<p>Broj stranica: 135<\/p>\n<p>ISBN: 978-953-6965-23-6<\/p>\n<\/div>","protected":false},"excerpt":{"rendered":"<p>\u010cetiri drame Mire Peri\u0107 Kraljik izvrsne su za kazali\u0161ni repertoar kojemu \u010desto nedostaju dobri \u017eenski tekstovi i slojeviti \u017eenski likovi. Drame su to dana\u0161nje, suvremene tematike. Sadr\u017eaj drama u nama budi zanimanje. Protkane su psihologijom i simbolikom i stvaraju puno\u0107u &hellip; <\/p>","protected":false},"featured_media":385,"template":"","meta":[],"product_brand":[],"product_cat":[23],"product_tag":[],"class_list":{"0":"post-384","1":"product","2":"type-product","3":"status-publish","4":"has-post-thumbnail","6":"product_cat-knjige","8":"first","9":"instock","10":"shipping-taxable","11":"purchasable","12":"product-type-simple"},"_links":{"self":[{"href":"https:\/\/www.foozos.hr\/en\/wp-json\/wp\/v2\/product\/384","targetHints":{"allow":["GET"]}}],"collection":[{"href":"https:\/\/www.foozos.hr\/en\/wp-json\/wp\/v2\/product"}],"about":[{"href":"https:\/\/www.foozos.hr\/en\/wp-json\/wp\/v2\/types\/product"}],"wp:featuredmedia":[{"embeddable":true,"href":"https:\/\/www.foozos.hr\/en\/wp-json\/wp\/v2\/media\/385"}],"wp:attachment":[{"href":"https:\/\/www.foozos.hr\/en\/wp-json\/wp\/v2\/media?parent=384"}],"wp:term":[{"taxonomy":"product_brand","embeddable":true,"href":"https:\/\/www.foozos.hr\/en\/wp-json\/wp\/v2\/product_brand?post=384"},{"taxonomy":"product_cat","embeddable":true,"href":"https:\/\/www.foozos.hr\/en\/wp-json\/wp\/v2\/product_cat?post=384"},{"taxonomy":"product_tag","embeddable":true,"href":"https:\/\/www.foozos.hr\/en\/wp-json\/wp\/v2\/product_tag?post=384"}],"curies":[{"name":"wp","href":"https:\/\/api.w.org\/{rel}","templated":true}]}}