{"id":386,"date":"2023-07-30T15:51:29","date_gmt":"2023-07-30T13:51:29","guid":{"rendered":"https:\/\/www.foozos.hr\/?post_type=product&#038;p=386"},"modified":"2024-11-22T13:19:43","modified_gmt":"2024-11-22T12:19:43","slug":"izvannastavne-aktivnosti-u-skolskom-kurikulumu","status":"publish","type":"product","link":"https:\/\/www.foozos.hr\/en\/product\/izvannastavne-aktivnosti-u-skolskom-kurikulumu\/","title":{"rendered":"Izvannastavne aktivnosti u \u0161kolskom kurikulumu"},"content":{"rendered":"<div class=\"product-description\">\n<p>U ovoj su knjizi prikazane izvannastavne aktivnosti kao dio ukupne odgojno-obrazovne djelatnosti \u0161kole i slobodnog vremena u\u010denika. Dodan je vrlo va\u017ean i suvremen pogled iz perspektive kulture \u0161kole kao ukupnosti njezina socijalnog bi\u0107a obzirom na me\u0111usobni odnos glavnih \u010dimbenika procesa institucionalnog odgoja i obrazovanja.<\/p>\n<p>Vrlo suvremeno je obra\u0111eno mjesto, uloga i zada\u0107e izvannastavnih aktivnosti u \u0161kolskom kurikulumu koji se mukotrpno probija u teoriju i praksu na\u0161ega odgojno-obrazovnog sustava te na\u0161e ukupne obrazovne politike. Svojim su empirijskim istra\u017eivanjem autorice uspje\u0161no i komplementarno sintetizirale dosada\u0161nja istra\u017eivanja ove problematike te knjizi dale potrebnu dimenziju znanstvene homogenizacije pro\u0161lih dostignu\u0107a i sada\u0161njih stanja u ovom dijelu \u0161kolskog rada.<\/p>\n<p>Rije\u010d je o vrlo vrijednoj pedago\u0161koj knjizi koja aktualizira i pokriva jedno nedovoljno istra\u017eivano podru\u010dje rada \u0161kole, ali i podru\u010dje pedagogijske znanosti osobito s gledi\u0161ta kurikulumskog shva\u0107anja suradnje u\u010denika i u\u010ditelja na na\u010din kreativnih socijalnih kompetencija i odnosa.<\/p>\n<p>&nbsp;<\/p>\n<p>Autor\/i: Mlinarevi\u0107, Vesnica; Brust Nemet, Maja<\/p>\n<p>Izdava\u010d: U\u010diteljski fakultet u Osijeku<\/p>\n<p>Godina izdanja: 2012.<\/p>\n<p>Broj stranica: 290<\/p>\n<p>ISBN: 978-953-6965-28-1<\/p>\n<\/div>","protected":false},"excerpt":{"rendered":"<p>U ovoj su knjizi prikazane izvannastavne aktivnosti kao dio ukupne odgojno-obrazovne djelatnosti \u0161kole i slobodnog vremena u\u010denika. Dodan je vrlo va\u017ean i suvremen pogled iz perspektive kulture \u0161kole kao ukupnosti njezina socijalnog bi\u0107a obzirom na me\u0111usobni odnos glavnih \u010dimbenika procesa &hellip; <\/p>","protected":false},"featured_media":387,"template":"","meta":[],"product_brand":[],"product_cat":[23],"product_tag":[],"class_list":{"0":"post-386","1":"product","2":"type-product","3":"status-publish","4":"has-post-thumbnail","6":"product_cat-knjige","8":"first","9":"instock","10":"shipping-taxable","11":"purchasable","12":"product-type-simple"},"_links":{"self":[{"href":"https:\/\/www.foozos.hr\/en\/wp-json\/wp\/v2\/product\/386","targetHints":{"allow":["GET"]}}],"collection":[{"href":"https:\/\/www.foozos.hr\/en\/wp-json\/wp\/v2\/product"}],"about":[{"href":"https:\/\/www.foozos.hr\/en\/wp-json\/wp\/v2\/types\/product"}],"wp:featuredmedia":[{"embeddable":true,"href":"https:\/\/www.foozos.hr\/en\/wp-json\/wp\/v2\/media\/387"}],"wp:attachment":[{"href":"https:\/\/www.foozos.hr\/en\/wp-json\/wp\/v2\/media?parent=386"}],"wp:term":[{"taxonomy":"product_brand","embeddable":true,"href":"https:\/\/www.foozos.hr\/en\/wp-json\/wp\/v2\/product_brand?post=386"},{"taxonomy":"product_cat","embeddable":true,"href":"https:\/\/www.foozos.hr\/en\/wp-json\/wp\/v2\/product_cat?post=386"},{"taxonomy":"product_tag","embeddable":true,"href":"https:\/\/www.foozos.hr\/en\/wp-json\/wp\/v2\/product_tag?post=386"}],"curies":[{"name":"wp","href":"https:\/\/api.w.org\/{rel}","templated":true}]}}