{"id":388,"date":"2023-07-30T15:55:17","date_gmt":"2023-07-30T13:55:17","guid":{"rendered":"https:\/\/www.foozos.hr\/?post_type=product&#038;p=388"},"modified":"2024-11-22T13:18:46","modified_gmt":"2024-11-22T12:18:46","slug":"komunikacija-i-zastita-djecjih-likovnih-radova-u-skoli","status":"publish","type":"product","link":"https:\/\/www.foozos.hr\/en\/product\/komunikacija-i-zastita-djecjih-likovnih-radova-u-skoli\/","title":{"rendered":"Komunikacija i za\u0161tita dje\u010djih likovnih radova u \u0161koli"},"content":{"rendered":"<div class=\"product-description\">\n<p>U procesu obrazovanja i odgoja \u0161kole imaju veliku va\u017enost uvesti u\u010denike u svijet likovnosti, pru\u017eaju\u0107i im mogu\u0107nost eksperimentiranja. U\u010denici na taj na\u010din stvaraju i grade u vremenu i prostoru koji im poma\u017ee osmisliti svijet oko njih.<\/p>\n<p>Knjiga je sastavljena od deset poglavlja u kojima autorica govori o zna\u010daju u\u010deni\u010dkih radova i njihovoj za\u0161titi u \u0161kolama, arhiviranju i vrijednosti, mogu\u0107nostima komunikacije kroz izlo\u017ebe i virtualne galerije, te je dan prijedlog za\u0161tite dje\u010djih radova.<\/p>\n<p>Autorica nagla\u0161ava kako je vrlo va\u017eno na vrijeme prepoznati i shvatiti va\u017enost u\u010deni\u010dkih radova koji se nalaze u \u0161kolama jer su upravo oni svjedo\u010danstva obrazovne tradicije. Du\u017enost je osvijestiti njihovu likovnu kvalitetu kao i njihovo povijesno zna\u010denje te osigurati \u010duvanje i utvrditi odgovornost za njih.<\/p>\n<p>&nbsp;<\/p>\n<p>Autor\/i: Bre\u0161an, Davorka<\/p>\n<p>Izdava\u010d: U\u010diteljski fakultet u Osijeku<\/p>\n<p>Godina izdanja: 2012.<\/p>\n<p>Broj stranica: 87<\/p>\n<p>ISBN: 978-953-6965-26-7<\/p>\n<\/div>","protected":false},"excerpt":{"rendered":"<p>U procesu obrazovanja i odgoja \u0161kole imaju veliku va\u017enost uvesti u\u010denike u svijet likovnosti, pru\u017eaju\u0107i im mogu\u0107nost eksperimentiranja. U\u010denici na taj na\u010din stvaraju i grade u vremenu i prostoru koji im poma\u017ee osmisliti svijet oko njih. Knjiga je sastavljena od &hellip; <\/p>","protected":false},"featured_media":389,"template":"","meta":[],"product_brand":[],"product_cat":[23],"product_tag":[],"class_list":{"0":"post-388","1":"product","2":"type-product","3":"status-publish","4":"has-post-thumbnail","6":"product_cat-knjige","8":"first","9":"instock","10":"shipping-taxable","11":"purchasable","12":"product-type-simple"},"_links":{"self":[{"href":"https:\/\/www.foozos.hr\/en\/wp-json\/wp\/v2\/product\/388","targetHints":{"allow":["GET"]}}],"collection":[{"href":"https:\/\/www.foozos.hr\/en\/wp-json\/wp\/v2\/product"}],"about":[{"href":"https:\/\/www.foozos.hr\/en\/wp-json\/wp\/v2\/types\/product"}],"wp:featuredmedia":[{"embeddable":true,"href":"https:\/\/www.foozos.hr\/en\/wp-json\/wp\/v2\/media\/389"}],"wp:attachment":[{"href":"https:\/\/www.foozos.hr\/en\/wp-json\/wp\/v2\/media?parent=388"}],"wp:term":[{"taxonomy":"product_brand","embeddable":true,"href":"https:\/\/www.foozos.hr\/en\/wp-json\/wp\/v2\/product_brand?post=388"},{"taxonomy":"product_cat","embeddable":true,"href":"https:\/\/www.foozos.hr\/en\/wp-json\/wp\/v2\/product_cat?post=388"},{"taxonomy":"product_tag","embeddable":true,"href":"https:\/\/www.foozos.hr\/en\/wp-json\/wp\/v2\/product_tag?post=388"}],"curies":[{"name":"wp","href":"https:\/\/api.w.org\/{rel}","templated":true}]}}