{"id":390,"date":"2023-07-30T15:56:26","date_gmt":"2023-07-30T13:56:26","guid":{"rendered":"https:\/\/www.foozos.hr\/?post_type=product&#038;p=390"},"modified":"2024-11-22T13:17:38","modified_gmt":"2024-11-22T12:17:38","slug":"mentalni-korzet-spolna-politika-obrazovanja-zena-u-banskoj-hrvatskoj-1868-1918","status":"publish","type":"product","link":"https:\/\/www.foozos.hr\/en\/product\/mentalni-korzet-spolna-politika-obrazovanja-zena-u-banskoj-hrvatskoj-1868-1918\/","title":{"rendered":"Mentalni korzet : spolna politika obrazovanja \u017eena u Banskoj Hrvatskoj (1868-1918)"},"content":{"rendered":"<div class=\"product-description\">\n<p>Knjiga Mentalni korzet &#8211; Spolna politika obrazovanja \u017eena u Banskoj Hrvatskoj (1868-1918) djelomi\u010dno je prera\u0111ena doktorska disertacija koju je autor pod naslovom \u201eObrazovanje \u017eena u Banskoj Hrvatskoj (1868-1919)\u201c obranio 2006. godine na Filozofskom fakultetu u Zagrebu.<\/p>\n<p>Tekst knjige opsegom je manji od teksta doktorske disertacije jer se u knjizi autor uglavnom bavi problematikom spolne politike koju su \u0161kolske vlasti provodile unutar obrazovnog sustava tijekom druge polovice 19. i po\u010detkom 20. stolje\u0107a u Banskoj Hrvatskoj.<\/p>\n<p>Autor se prilikom istra\u017eivanja spolnih granica usredoto\u010dio na odgojno-obrazovne i pedago\u0161ke diskurse koji su podupirali i reproducirali tu spolnu granicu i bili glavni nositelji tada\u0161nje spolne politike \u0161kolstva.<\/p>\n<p>&nbsp;<\/p>\n<p>Autor\/i: \u017dupan, Dinko<\/p>\n<p>Izdava\u010d: U\u010diteljski fakultet u Osijeku, Institut za povijest, Podru\u017enica za povijest Slavonije, Srijema i Baranje<\/p>\n<p>Godina izdanja: 2013.<\/p>\n<p>Broj stranica: 231<\/p>\n<p>ISBN: 978-953-6965-33-5<\/p>\n<\/div>","protected":false},"excerpt":{"rendered":"<p>Knjiga Mentalni korzet &#8211; Spolna politika obrazovanja \u017eena u Banskoj Hrvatskoj (1868-1918) djelomi\u010dno je prera\u0111ena doktorska disertacija koju je autor pod naslovom \u201eObrazovanje \u017eena u Banskoj Hrvatskoj (1868-1919)\u201c obranio 2006. godine na Filozofskom fakultetu u Zagrebu. Tekst knjige opsegom je &hellip; <\/p>","protected":false},"featured_media":391,"template":"","meta":[],"product_brand":[],"product_cat":[23],"product_tag":[],"class_list":{"0":"post-390","1":"product","2":"type-product","3":"status-publish","4":"has-post-thumbnail","6":"product_cat-knjige","8":"first","9":"instock","10":"shipping-taxable","11":"purchasable","12":"product-type-simple"},"_links":{"self":[{"href":"https:\/\/www.foozos.hr\/en\/wp-json\/wp\/v2\/product\/390","targetHints":{"allow":["GET"]}}],"collection":[{"href":"https:\/\/www.foozos.hr\/en\/wp-json\/wp\/v2\/product"}],"about":[{"href":"https:\/\/www.foozos.hr\/en\/wp-json\/wp\/v2\/types\/product"}],"wp:featuredmedia":[{"embeddable":true,"href":"https:\/\/www.foozos.hr\/en\/wp-json\/wp\/v2\/media\/391"}],"wp:attachment":[{"href":"https:\/\/www.foozos.hr\/en\/wp-json\/wp\/v2\/media?parent=390"}],"wp:term":[{"taxonomy":"product_brand","embeddable":true,"href":"https:\/\/www.foozos.hr\/en\/wp-json\/wp\/v2\/product_brand?post=390"},{"taxonomy":"product_cat","embeddable":true,"href":"https:\/\/www.foozos.hr\/en\/wp-json\/wp\/v2\/product_cat?post=390"},{"taxonomy":"product_tag","embeddable":true,"href":"https:\/\/www.foozos.hr\/en\/wp-json\/wp\/v2\/product_tag?post=390"}],"curies":[{"name":"wp","href":"https:\/\/api.w.org\/{rel}","templated":true}]}}