{"id":393,"date":"2023-07-30T15:58:07","date_gmt":"2023-07-30T13:58:07","guid":{"rendered":"https:\/\/www.foozos.hr\/?post_type=product&#038;p=393"},"modified":"2024-11-22T13:16:41","modified_gmt":"2024-11-22T12:16:41","slug":"kulturom-nastave-po-uceniku","status":"publish","type":"product","link":"https:\/\/www.foozos.hr\/en\/product\/kulturom-nastave-po-uceniku\/","title":{"rendered":"Kulturom nastave (p)o u\u010deniku"},"content":{"rendered":"<div class=\"product-description\">\n<p>Ova znanstvena monografija donosi nove znanstvene spoznaje te kriti\u010dku analizu brojnih teorijskih rasprava o polo\u017eaju i odnosu u\u010denika i u\u010ditelja u nastavi te kao takva predstavlja originalan znanstveni rad iz podru\u010dja didaktike i \u0161kolske pedagogije.<\/p>\n<p>Monografija je namijenjena ponajprije u\u010diteljima, ali i svim ostalim pedago\u0161kim djelatnicima u hrvatskom obrazovnom sustavu, kao i studentima fakulteta inicijalnog obrazovanja u\u010ditelja i nastavnika. Ova knjiga im mo\u017ee pomo\u0107i u iscrpnijem analiziranju kulture nastave u Hrvatskoj, kao i u dono\u0161enju odluka glede uloga koju u\u010denici i u\u010ditelji grade oslanjaju\u0107i se na potrebne kompetencije.<\/p>\n<p>&nbsp;<\/p>\n<p>Autor\/i: Peko, An\u0111elka; Varga, Rahaela; Mlinarevi\u0107, Vesnica; Luka\u0161, Mirko; Munjiza, Emerik<\/p>\n<p>Izdava\u010d: U\u010diteljski fakultet u Osijeku<\/p>\n<p>Godina izdanja: 2014.<\/p>\n<p>Broj stranica: 241<\/p>\n<p>ISBN: 978-953-6965-38-0<\/p>\n<\/div>","protected":false},"excerpt":{"rendered":"<p>Ova znanstvena monografija donosi nove znanstvene spoznaje te kriti\u010dku analizu brojnih teorijskih rasprava o polo\u017eaju i odnosu u\u010denika i u\u010ditelja u nastavi te kao takva predstavlja originalan znanstveni rad iz podru\u010dja didaktike i \u0161kolske pedagogije. Monografija je namijenjena ponajprije u\u010diteljima, &hellip; <\/p>","protected":false},"featured_media":394,"template":"","meta":[],"product_brand":[],"product_cat":[23],"product_tag":[],"class_list":{"0":"post-393","1":"product","2":"type-product","3":"status-publish","4":"has-post-thumbnail","6":"product_cat-knjige","8":"first","9":"instock","10":"shipping-taxable","11":"purchasable","12":"product-type-simple"},"_links":{"self":[{"href":"https:\/\/www.foozos.hr\/en\/wp-json\/wp\/v2\/product\/393","targetHints":{"allow":["GET"]}}],"collection":[{"href":"https:\/\/www.foozos.hr\/en\/wp-json\/wp\/v2\/product"}],"about":[{"href":"https:\/\/www.foozos.hr\/en\/wp-json\/wp\/v2\/types\/product"}],"wp:featuredmedia":[{"embeddable":true,"href":"https:\/\/www.foozos.hr\/en\/wp-json\/wp\/v2\/media\/394"}],"wp:attachment":[{"href":"https:\/\/www.foozos.hr\/en\/wp-json\/wp\/v2\/media?parent=393"}],"wp:term":[{"taxonomy":"product_brand","embeddable":true,"href":"https:\/\/www.foozos.hr\/en\/wp-json\/wp\/v2\/product_brand?post=393"},{"taxonomy":"product_cat","embeddable":true,"href":"https:\/\/www.foozos.hr\/en\/wp-json\/wp\/v2\/product_cat?post=393"},{"taxonomy":"product_tag","embeddable":true,"href":"https:\/\/www.foozos.hr\/en\/wp-json\/wp\/v2\/product_tag?post=393"}],"curies":[{"name":"wp","href":"https:\/\/api.w.org\/{rel}","templated":true}]}}