{"id":395,"date":"2023-07-30T15:59:21","date_gmt":"2023-07-30T13:59:21","guid":{"rendered":"https:\/\/www.foozos.hr\/?post_type=product&#038;p=395"},"modified":"2026-01-28T13:00:24","modified_gmt":"2026-01-28T12:00:24","slug":"sicanske-rici","status":"publish","type":"product","link":"https:\/\/www.foozos.hr\/en\/product\/sicanske-rici\/","title":{"rendered":"Si\u010danske ri\u010di"},"content":{"rendered":"<div class=\"product-description\">\n<p>Knjiga je vrijedan doprinos pro\u0161irivanju tematike slavonskoga dijalekta. U prvom dijelu donosi \u00a0najrelevantnija prou\u010davanja i zaklju\u010dke vezane uz slavonski dijalekt op\u0107enito, dok su u drugom dijelu opisane jezi\u010dne osobitosti (fonolo\u0161ke, morfolo\u0161ke, sintakti\u010dke, tvorbene, leksi\u010dke) si\u010danskoga govora. Jezik i frazeologija opisana u ovom djelu otkriva osim jezi\u010dnih \u010dinjenica (etimologija rije\u010di, rasprostiranje rije\u010di) i izvanjezi\u010dnu zbilju, na\u010din \u017eivota u posavskom mjestu Si\u010de.<\/p>\n<p>Djelo sadr\u017ei i opse\u017ean rje\u010dnik si\u010danskoga govora.<\/p>\n<p>&nbsp;<\/p>\n<p>Autor\/i: Berbi\u0107 Kolar, Emina; Koleni\u0107, Ljiljana<\/p>\n<p>Izdava\u010d: U\u010diteljski fakultet u Osijeku<\/p>\n<p>Godina izdanja: 2014.<\/p>\n<p>Broj stranica: 318<\/p>\n<p>ISBN: 978-953-6965-40-3<\/p>\n<\/div>","protected":false},"excerpt":{"rendered":"<p>Knjiga je vrijedan doprinos pro\u0161irivanju tematike slavonskoga dijalekta. U prvom dijelu donosi \u00a0najrelevantnija prou\u010davanja i zaklju\u010dke vezane uz slavonski dijalekt op\u0107enito, dok su u drugom dijelu opisane jezi\u010dne osobitosti (fonolo\u0161ke, morfolo\u0161ke, sintakti\u010dke, tvorbene, leksi\u010dke) si\u010danskoga govora. Jezik i frazeologija opisana &hellip; <\/p>","protected":false},"featured_media":396,"template":"","meta":[],"product_brand":[],"product_cat":[23],"product_tag":[],"class_list":{"0":"post-395","1":"product","2":"type-product","3":"status-publish","4":"has-post-thumbnail","6":"product_cat-knjige","8":"first","9":"instock","10":"shipping-taxable","11":"purchasable","12":"product-type-simple"},"_links":{"self":[{"href":"https:\/\/www.foozos.hr\/en\/wp-json\/wp\/v2\/product\/395","targetHints":{"allow":["GET"]}}],"collection":[{"href":"https:\/\/www.foozos.hr\/en\/wp-json\/wp\/v2\/product"}],"about":[{"href":"https:\/\/www.foozos.hr\/en\/wp-json\/wp\/v2\/types\/product"}],"wp:featuredmedia":[{"embeddable":true,"href":"https:\/\/www.foozos.hr\/en\/wp-json\/wp\/v2\/media\/396"}],"wp:attachment":[{"href":"https:\/\/www.foozos.hr\/en\/wp-json\/wp\/v2\/media?parent=395"}],"wp:term":[{"taxonomy":"product_brand","embeddable":true,"href":"https:\/\/www.foozos.hr\/en\/wp-json\/wp\/v2\/product_brand?post=395"},{"taxonomy":"product_cat","embeddable":true,"href":"https:\/\/www.foozos.hr\/en\/wp-json\/wp\/v2\/product_cat?post=395"},{"taxonomy":"product_tag","embeddable":true,"href":"https:\/\/www.foozos.hr\/en\/wp-json\/wp\/v2\/product_tag?post=395"}],"curies":[{"name":"wp","href":"https:\/\/api.w.org\/{rel}","templated":true}]}}