{"id":397,"date":"2023-07-30T16:00:29","date_gmt":"2023-07-30T14:00:29","guid":{"rendered":"https:\/\/www.foozos.hr\/?post_type=product&#038;p=397"},"modified":"2024-11-22T13:13:46","modified_gmt":"2024-11-22T12:13:46","slug":"dijete-i-jezik-danas-dijete-i-mediji-zbornik-radova-sa-vii-znanstvenog-skupa-s-medunarodnim-sudjelovanjem","status":"publish","type":"product","link":"https:\/\/www.foozos.hr\/en\/product\/dijete-i-jezik-danas-dijete-i-mediji-zbornik-radova-sa-vii-znanstvenog-skupa-s-medunarodnim-sudjelovanjem\/","title":{"rendered":"Dijete i jezik danas : dijete i mediji : zbornik radova sa VII. znanstvenog skupa s me\u0111unarodnim sudjelovanjem"},"content":{"rendered":"<div class=\"product-description\">\n<p>Znanstveni skup s me\u0111unarodnim sudjelovanjem <em>Dijete i jezik danas<\/em> za\u017eivio 2001. godine i prerastao u tradicionalno okupljanje doma\u0107ih i inozemnih znanstvenika prou\u010davatelja ranog u\u010denja jezika.<\/p>\n<p>Zbornik sa 7. me\u0111unarodnog znanstvenog skupa, odr\u017eanoga u Osijeku 2013. godine, govori o djetetu, jeziku i medijima danas. Problematizira medijsku pismenost i medijski odgoj. Bavi se tako\u0111er i pitanjima mjesta i uloge informacijske i komunikacijske tehnologije u u\u010denju hrvatskoga i drugih jezika, utjecaja reklame na dana\u0161nju pismenost mladih i njihove komunikacijske kompetencije te govori o primjeni medija u suvremenoj nastavi jezika i drugih \u0161kolskih predmeta.<\/p>\n<p>&nbsp;<\/p>\n<p>Urednik\/ci: Smaji\u0107, Dubravka; Majdeni\u0107, Valentina<\/p>\n<p>Izdava\u010d: Fakultet za odgojne i obrazovne znanosti<\/p>\n<p>Godina izdanja: 2016.<\/p>\n<p>Broj stranica: 519<\/p>\n<p>ISBN: 978-953-6965-48-9<\/p>\n<\/div>","protected":false},"excerpt":{"rendered":"<p>Znanstveni skup s me\u0111unarodnim sudjelovanjem Dijete i jezik danas za\u017eivio 2001. godine i prerastao u tradicionalno okupljanje doma\u0107ih i inozemnih znanstvenika prou\u010davatelja ranog u\u010denja jezika. Zbornik sa 7. me\u0111unarodnog znanstvenog skupa, odr\u017eanoga u Osijeku 2013. godine, govori o djetetu, jeziku &hellip; <\/p>","protected":false},"featured_media":398,"template":"","meta":[],"product_brand":[],"product_cat":[23],"product_tag":[],"class_list":{"0":"post-397","1":"product","2":"type-product","3":"status-publish","4":"has-post-thumbnail","6":"product_cat-knjige","8":"first","9":"instock","10":"shipping-taxable","11":"purchasable","12":"product-type-simple"},"_links":{"self":[{"href":"https:\/\/www.foozos.hr\/en\/wp-json\/wp\/v2\/product\/397","targetHints":{"allow":["GET"]}}],"collection":[{"href":"https:\/\/www.foozos.hr\/en\/wp-json\/wp\/v2\/product"}],"about":[{"href":"https:\/\/www.foozos.hr\/en\/wp-json\/wp\/v2\/types\/product"}],"wp:featuredmedia":[{"embeddable":true,"href":"https:\/\/www.foozos.hr\/en\/wp-json\/wp\/v2\/media\/398"}],"wp:attachment":[{"href":"https:\/\/www.foozos.hr\/en\/wp-json\/wp\/v2\/media?parent=397"}],"wp:term":[{"taxonomy":"product_brand","embeddable":true,"href":"https:\/\/www.foozos.hr\/en\/wp-json\/wp\/v2\/product_brand?post=397"},{"taxonomy":"product_cat","embeddable":true,"href":"https:\/\/www.foozos.hr\/en\/wp-json\/wp\/v2\/product_cat?post=397"},{"taxonomy":"product_tag","embeddable":true,"href":"https:\/\/www.foozos.hr\/en\/wp-json\/wp\/v2\/product_tag?post=397"}],"curies":[{"name":"wp","href":"https:\/\/api.w.org\/{rel}","templated":true}]}}