{"id":399,"date":"2023-07-30T16:01:31","date_gmt":"2023-07-30T14:01:31","guid":{"rendered":"https:\/\/www.foozos.hr\/?post_type=product&#038;p=399"},"modified":"2025-07-11T19:22:46","modified_gmt":"2025-07-11T17:22:46","slug":"399","status":"publish","type":"product","link":"https:\/\/www.foozos.hr\/en\/product\/399\/","title":{"rendered":"Kurikulum nastave glazbene kulture i kompetencije u\u010ditelja za pou\u010davanje glazbe"},"content":{"rendered":"<div class=\"product-description\">\n<p>Povijesnim, komparativnim i empirijskim pristupom u knjizi se prikazuje kakvi su rezultati razvoja osnovne \u0161kole kad je rije\u010d o glazbenom obrazovanju i o razvoju nastave glazbene kulture na primarnom stupnju \u0161kolovanja, odnosno, u kojem bi se smjeru trebao nastaviti daljnji razvoj nastave glazbe u budu\u0107nosti. Prikazano je i koja su obilje\u017eja u\u010denja i pou\u010davanja u nastavi glazbe, kako se do sada organizirala nastava glazbene kulture kod nas i u svijetu, s kojim su se sve problemima susretali u\u010ditelji u vo\u0111enju te nastave te koji su postoje\u0107i na\u010dini kreiranja kurikuluma glazbene kulture u drugim europskim zemljama. Prikazano je i istra\u017eivanje u kojemu su sudionici bili u\u010ditelji primarnoga odgoja i obrazovanja te njihovi u\u010denici.<\/p>\n<p>Namjera je bila utvrditi koja su bitna obilje\u017eja nastave glazbene kulture, kako u\u010ditelji procjenjuju vlastite kompetencije za pou\u010davanje glazbe te kakve su mogu\u0107nosti za unapre\u0111enje glazbene nastave na primarnom stupnju obrazovanja.<\/p>\n<p>&nbsp;<\/p>\n<p>Autor\/i: Svalina, Vesna<\/p>\n<p>Izdava\u010d: Fakultet za odgojne i obrazovne znanosti<\/p>\n<p>Godina izdanja: 2015.<\/p>\n<p>Broj stranica: 272<\/p>\n<p>ISBN: 978-953-6965-41-0<\/p>\n<\/div>","protected":false},"excerpt":{"rendered":"<p>Povijesnim, komparativnim i empirijskim pristupom u knjizi se prikazuje kakvi su rezultati razvoja osnovne \u0161kole kad je rije\u010d o glazbenom obrazovanju i o razvoju nastave glazbene kulture na primarnom stupnju \u0161kolovanja, odnosno, u kojem bi se smjeru trebao nastaviti daljnji razvoj nastave glazbe u budu\u0107nosti.<\/p>","protected":false},"featured_media":400,"template":"","meta":[],"product_brand":[],"product_cat":[23],"product_tag":[],"class_list":{"0":"post-399","1":"product","2":"type-product","3":"status-publish","4":"has-post-thumbnail","6":"product_cat-knjige","8":"first","9":"instock","10":"shipping-taxable","11":"purchasable","12":"product-type-simple"},"_links":{"self":[{"href":"https:\/\/www.foozos.hr\/en\/wp-json\/wp\/v2\/product\/399","targetHints":{"allow":["GET"]}}],"collection":[{"href":"https:\/\/www.foozos.hr\/en\/wp-json\/wp\/v2\/product"}],"about":[{"href":"https:\/\/www.foozos.hr\/en\/wp-json\/wp\/v2\/types\/product"}],"wp:featuredmedia":[{"embeddable":true,"href":"https:\/\/www.foozos.hr\/en\/wp-json\/wp\/v2\/media\/400"}],"wp:attachment":[{"href":"https:\/\/www.foozos.hr\/en\/wp-json\/wp\/v2\/media?parent=399"}],"wp:term":[{"taxonomy":"product_brand","embeddable":true,"href":"https:\/\/www.foozos.hr\/en\/wp-json\/wp\/v2\/product_brand?post=399"},{"taxonomy":"product_cat","embeddable":true,"href":"https:\/\/www.foozos.hr\/en\/wp-json\/wp\/v2\/product_cat?post=399"},{"taxonomy":"product_tag","embeddable":true,"href":"https:\/\/www.foozos.hr\/en\/wp-json\/wp\/v2\/product_tag?post=399"}],"curies":[{"name":"wp","href":"https:\/\/api.w.org\/{rel}","templated":true}]}}