{"id":405,"date":"2023-07-30T16:05:53","date_gmt":"2023-07-30T14:05:53","guid":{"rendered":"https:\/\/www.foozos.hr\/?post_type=product&#038;p=405"},"modified":"2024-11-22T12:54:52","modified_gmt":"2024-11-22T11:54:52","slug":"primjena-otvorenog-modela-nastave-glazbe-u-prva-cetiri-razreda-osnovne-skole-metodicki-prirucnik-za-ucitelje-i-studente-primarnog-obrazovanja-glazbene-kulture-i-glazbene-pedagogije","status":"publish","type":"product","link":"https:\/\/www.foozos.hr\/en\/product\/primjena-otvorenog-modela-nastave-glazbe-u-prva-cetiri-razreda-osnovne-skole-metodicki-prirucnik-za-ucitelje-i-studente-primarnog-obrazovanja-glazbene-kulture-i-glazbene-pedagogije\/","title":{"rendered":"Primjena otvorenog modela nastave glazbe u prva \u010detiri razreda osnovne \u0161kole: Metodi\u010dki priru\u010dnik za u\u010ditelje i studente primarnog obrazovanja, glazbene kulture i glazbene pedagogije"},"content":{"rendered":"<div class=\"product-description\">\n<p>Priru\u010dnik <em>Primjena otvorenog modela nastave glazbe u prva \u010detiri razreda osnovne \u0161kole<\/em> je, na neki na\u010din, nadopuna priru\u010dnika pod nazivom Otvoreni model glazbene nastave u praksi osnovne \u0161kole (Slu\u0161anje glazbe i pjevanje), koji je objavila ista autorica. U tom prvom priru\u010dniku prikazuju se izvedbeni planovi i programi svih razreda i daju opisi za svaki nastavni sat od \u010detvrtog do osmog razreda osnovne \u0161kole, dok se u ovom priru\u010dniku, kao \u0161to se mo\u017ee vidjeti iz naslova, prikazuju izvedbeni planovi i programi svih razreda razredne nastave i daju opisi za svaki nastavni sat u prvim, drugim, tre\u0107im i \u010detvrtim razredima.<\/p>\n<p>Priru\u010dnik mo\u017ee poslu\u017eiti budu\u0107em (i sada\u0161njem) u\u010ditelju primarnog obrazovanja kao izravan putokaz za nastavni rad u svim razredima razredne nastave prema otvorenom modelu nastave glazbe.<\/p>\n<p>&nbsp;<\/p>\n<p>Autor\/i: Jasna \u0160ulenti\u0107-Begi\u0107<\/p>\n<p>Izdava\u010d: Fakultet za odgojne i obrazovne znanosti<\/p>\n<p>Godina izdanja: 2016.<\/p>\n<p>Broj stranica: 142<\/p>\n<p>ISBN: 978-953-6965-43-4<\/p>\n<\/div>","protected":false},"excerpt":{"rendered":"<p>Priru\u010dnik Primjena otvorenog modela nastave glazbe u prva \u010detiri razreda osnovne \u0161kole je, na neki na\u010din, nadopuna priru\u010dnika pod nazivom Otvoreni model glazbene nastave u praksi osnovne \u0161kole (Slu\u0161anje glazbe i pjevanje), koji je objavila ista autorica. U tom prvom &hellip; <\/p>","protected":false},"featured_media":406,"template":"","meta":[],"product_brand":[],"product_cat":[23],"product_tag":[],"class_list":{"0":"post-405","1":"product","2":"type-product","3":"status-publish","4":"has-post-thumbnail","6":"product_cat-knjige","8":"first","9":"instock","10":"shipping-taxable","11":"purchasable","12":"product-type-simple"},"_links":{"self":[{"href":"https:\/\/www.foozos.hr\/en\/wp-json\/wp\/v2\/product\/405","targetHints":{"allow":["GET"]}}],"collection":[{"href":"https:\/\/www.foozos.hr\/en\/wp-json\/wp\/v2\/product"}],"about":[{"href":"https:\/\/www.foozos.hr\/en\/wp-json\/wp\/v2\/types\/product"}],"wp:featuredmedia":[{"embeddable":true,"href":"https:\/\/www.foozos.hr\/en\/wp-json\/wp\/v2\/media\/406"}],"wp:attachment":[{"href":"https:\/\/www.foozos.hr\/en\/wp-json\/wp\/v2\/media?parent=405"}],"wp:term":[{"taxonomy":"product_brand","embeddable":true,"href":"https:\/\/www.foozos.hr\/en\/wp-json\/wp\/v2\/product_brand?post=405"},{"taxonomy":"product_cat","embeddable":true,"href":"https:\/\/www.foozos.hr\/en\/wp-json\/wp\/v2\/product_cat?post=405"},{"taxonomy":"product_tag","embeddable":true,"href":"https:\/\/www.foozos.hr\/en\/wp-json\/wp\/v2\/product_tag?post=405"}],"curies":[{"name":"wp","href":"https:\/\/api.w.org\/{rel}","templated":true}]}}