{"id":411,"date":"2023-07-30T16:10:38","date_gmt":"2023-07-30T14:10:38","guid":{"rendered":"https:\/\/www.foozos.hr\/?post_type=product&#038;p=411"},"modified":"2025-05-15T11:26:33","modified_gmt":"2025-05-15T09:26:33","slug":"kako-plivati-sveucilisni-udzbenik","status":"publish","type":"product","link":"https:\/\/www.foozos.hr\/en\/product\/kako-plivati-sveucilisni-udzbenik\/","title":{"rendered":"Kako plivati: sveu\u010dili\u0161ni ud\u017ebenik"},"content":{"rendered":"<div class=\"product-description\">\n<p>Sveobuhvatni sveu\u010dili\u0161ni ud\u017ebenik o plivanju sadr\u017ei pregled povijesti plivanja u Hrvatskoj i svijetu, kao i razvoja pojedinih\u00a0 pliva\u010dkih tehnika i stilova.<\/p>\n<p>U ud\u017ebeniku se tako\u0111er govori o zakonitostima pona\u0161anja tijela u vodi, a detaljno se \u00a0prikazuju\u00a0 metode i tehnike poduke nepliva\u010da te \u00a0primjena didakti\u010dkih pomagala za njihovu poduku.<\/p>\n<p>Ud\u017ebenik donosi mno\u0161tvo slikovnih priloga te detaljne planove i programe obuke nepliva\u010da na individualnoj i grupnoj razini, kao i\u00a0 primjenu igara u vodi. Prikazani su i postupci spa\u0161avanja na vodi te potrebna oprema.<\/p>\n<p>&nbsp;<\/p>\n<p>Autor\/i: Rastovski, Dra\u017een; Gr\u010di\u0107-Zub\u010devi\u0107, Nada; Szabo, Ivan<\/p>\n<p>Izdava\u010d: Fakultet za odgojne i obrazovne znanosti<\/p>\n<p>Godina izdanja: 2016.<\/p>\n<p>Broj stranica: 144<\/p>\n<p>ISBN: 978-953-6965-53-3<\/p>\n<\/div>","protected":false},"excerpt":{"rendered":"<p>Sveobuhvatni sveu\u010dili\u0161ni ud\u017ebenik o plivanju sadr\u017ei pregled povijesti plivanja u Hrvatskoj i svijetu, kao i razvoja pojedinih\u00a0 pliva\u010dkih tehnika i stilova. U ud\u017ebeniku se tako\u0111er govori o zakonitostima pona\u0161anja tijela u vodi, a detaljno se \u00a0prikazuju\u00a0 metode i tehnike poduke &hellip; <\/p>","protected":false},"featured_media":412,"template":"","meta":[],"product_brand":[],"product_cat":[23],"product_tag":[],"class_list":{"0":"post-411","1":"product","2":"type-product","3":"status-publish","4":"has-post-thumbnail","6":"product_cat-knjige","8":"first","9":"instock","10":"shipping-taxable","11":"purchasable","12":"product-type-simple"},"_links":{"self":[{"href":"https:\/\/www.foozos.hr\/en\/wp-json\/wp\/v2\/product\/411","targetHints":{"allow":["GET"]}}],"collection":[{"href":"https:\/\/www.foozos.hr\/en\/wp-json\/wp\/v2\/product"}],"about":[{"href":"https:\/\/www.foozos.hr\/en\/wp-json\/wp\/v2\/types\/product"}],"wp:featuredmedia":[{"embeddable":true,"href":"https:\/\/www.foozos.hr\/en\/wp-json\/wp\/v2\/media\/412"}],"wp:attachment":[{"href":"https:\/\/www.foozos.hr\/en\/wp-json\/wp\/v2\/media?parent=411"}],"wp:term":[{"taxonomy":"product_brand","embeddable":true,"href":"https:\/\/www.foozos.hr\/en\/wp-json\/wp\/v2\/product_brand?post=411"},{"taxonomy":"product_cat","embeddable":true,"href":"https:\/\/www.foozos.hr\/en\/wp-json\/wp\/v2\/product_cat?post=411"},{"taxonomy":"product_tag","embeddable":true,"href":"https:\/\/www.foozos.hr\/en\/wp-json\/wp\/v2\/product_tag?post=411"}],"curies":[{"name":"wp","href":"https:\/\/api.w.org\/{rel}","templated":true}]}}