{"id":414,"date":"2023-07-30T16:11:57","date_gmt":"2023-07-30T14:11:57","guid":{"rendered":"https:\/\/www.foozos.hr\/?post_type=product&#038;p=414"},"modified":"2024-11-22T12:42:24","modified_gmt":"2024-11-22T11:42:24","slug":"kreativnost-u-sveucilisnoj-nastavi","status":"publish","type":"product","link":"https:\/\/www.foozos.hr\/en\/product\/kreativnost-u-sveucilisnoj-nastavi\/","title":{"rendered":"Kreativnost u sveu\u010dili\u0161noj nastavi"},"content":{"rendered":"<div class=\"product-description\">\n<p>Radi se o vrijednom znanstvenom radu koji mo\u017ee koristiti sveu\u010dili\u0161nim nastavnicima u osmi\u0161ljavanju i pripremi kurikuluma i nastave te mo\u017ee biti iznimno koristan studentima u u\u010denju o fenomenu kreativnosti u nastavnom procesu koja je sve zastupljenija u kurikulumima obrazovanja budu\u0107ih nastavnika, u\u010ditelja i odgojitelja.<\/p>\n<p>Posebno znanstveno i stru\u010dno zanimljivim se isti\u010de poglavlje o odnosu kreativnosti i samoaktualizacije te kreativnosti i odgojne funkcije sveu\u010dili\u0161ne nastave, dok tako\u0111er vrijednim doprinosom ovoga rada se isti\u010du pitanja i zadatci namijenjeni profesorima i studentima nakon svakog poglavlja te brojni primjeri odnosno postupci koji mogu doprinijeti poticanju kreativnosti u (visoko)\u0161kolskoj nastavi. Osim samog fenomena kreativnosti, autorica u ovoj knjizi otvara i \u010ditav niz nedovoljno afirmiranih tema u nas koji se odnose na problematiku odgojne funkcije sveu\u010dili\u0161ne nastave, mogu\u0107nosti, potrebe i na\u010dina realiziranja visoko\u0161kolse nastave usmjerene na studenta, pitanje humora u nastavi te mogu\u0107nosti strukturiranja kvalitetne i suvremene visoko\u0161klske nastave koja uz poticanje ima i motiviraju\u0107u funkciju gdje se zna\u010dajna pa\u017enja obra\u0107a kvaliteti ozra\u010dja u visoko\u0161kolskoj nastavi.<\/p>\n<p>&nbsp;<\/p>\n<p>Autor\/i: Dubovicki, Snje\u017eana<\/p>\n<p>Izdava\u010d: Fakultet za odgojne i obrazovne znanosti<\/p>\n<p>Godina izdanja: 2017.<\/p>\n<p>Broj stranica: 188<\/p>\n<p>ISBN: 978-953-6965-53-3<\/p>\n<\/div>","protected":false},"excerpt":{"rendered":"<p>Radi se o vrijednom znanstvenom radu koji mo\u017ee koristiti sveu\u010dili\u0161nim nastavnicima u osmi\u0161ljavanju i pripremi kurikuluma i nastave te mo\u017ee biti iznimno koristan studentima u u\u010denju o fenomenu kreativnosti u nastavnom procesu koja je sve zastupljenija u kurikulumima obrazovanja budu\u0107ih &hellip; <\/p>","protected":false},"featured_media":415,"template":"","meta":[],"product_brand":[],"product_cat":[23],"product_tag":[],"class_list":{"0":"post-414","1":"product","2":"type-product","3":"status-publish","4":"has-post-thumbnail","6":"product_cat-knjige","8":"first","9":"instock","10":"shipping-taxable","11":"purchasable","12":"product-type-simple"},"_links":{"self":[{"href":"https:\/\/www.foozos.hr\/en\/wp-json\/wp\/v2\/product\/414","targetHints":{"allow":["GET"]}}],"collection":[{"href":"https:\/\/www.foozos.hr\/en\/wp-json\/wp\/v2\/product"}],"about":[{"href":"https:\/\/www.foozos.hr\/en\/wp-json\/wp\/v2\/types\/product"}],"wp:featuredmedia":[{"embeddable":true,"href":"https:\/\/www.foozos.hr\/en\/wp-json\/wp\/v2\/media\/415"}],"wp:attachment":[{"href":"https:\/\/www.foozos.hr\/en\/wp-json\/wp\/v2\/media?parent=414"}],"wp:term":[{"taxonomy":"product_brand","embeddable":true,"href":"https:\/\/www.foozos.hr\/en\/wp-json\/wp\/v2\/product_brand?post=414"},{"taxonomy":"product_cat","embeddable":true,"href":"https:\/\/www.foozos.hr\/en\/wp-json\/wp\/v2\/product_cat?post=414"},{"taxonomy":"product_tag","embeddable":true,"href":"https:\/\/www.foozos.hr\/en\/wp-json\/wp\/v2\/product_tag?post=414"}],"curies":[{"name":"wp","href":"https:\/\/api.w.org\/{rel}","templated":true}]}}