{"id":416,"date":"2023-07-30T16:12:57","date_gmt":"2023-07-30T14:12:57","guid":{"rendered":"https:\/\/www.foozos.hr\/?post_type=product&#038;p=416"},"modified":"2024-11-22T14:39:15","modified_gmt":"2024-11-22T13:39:15","slug":"fotografiranje-kao-postupak-u-nastavi-prirucnik-za-ucitelje-i-studente-uciteljskim-i-prirodoslovnim-studija","status":"publish","type":"product","link":"https:\/\/www.foozos.hr\/en\/product\/fotografiranje-kao-postupak-u-nastavi-prirucnik-za-ucitelje-i-studente-uciteljskim-i-prirodoslovnim-studija\/","title":{"rendered":"Fotografiranje kao postupak u nastavi \u2013 priru\u010dnik za u\u010ditelje i studente u\u010diteljskim i prirodoslovnim studija"},"content":{"rendered":"<div class=\"product-description\">\n<p>Priru\u010dnik predstavlja doprinos u razvoju vrijednosti fotografije u nastavnom procesu. Osim primarnog edukativnog sadr\u017eaja autori na vje\u0161t na\u010din \u010ditateljima nastoje usaditi i razviti i kulturno-estetske do\u017eivljaje kompozicije.<\/p>\n<p>Cilj je ovog priru\u010dnika na jednostavan i pregledan na\u010din pokazati mogu\u0107nosti primjene fotografije i fotografiranja prirode, biljaka i \u017eivotinja u razrednoj nastavi, osobito u nastavi Prirode i Biologije. Knjiga sadr\u017ei poglavlja: O fotoaparatima i fotografiji; Tehnike fotografiranja; Uloga fotoaparata i fotografije u nastavi Prirode i dru\u0161tva; Primjeri primjene fotografije i fotografiranja prirode; Zaklju\u010dno o fotografiji i fotografiranju u nastavi prirodoslovnih predmeta.<\/p>\n<p>&nbsp;<\/p>\n<p>Autor\/i: Ledin\u0161\u0107ak, Josip; Popovi\u0107, \u017deljko; Bogut, Irella; U\u017earevi\u0107, Zvonimir<\/p>\n<p>Izdava\u010d: Fakultet za odgojne i obrazovne znanosti<\/p>\n<p>Godina izdanja: 2017.<\/p>\n<p>Broj stranica: 96<\/p>\n<p>ISBN: 978-953-6965-54-0<\/p>\n<\/div>","protected":false},"excerpt":{"rendered":"<p>Priru\u010dnik predstavlja doprinos u razvoju vrijednosti fotografije u nastavnom procesu. Osim primarnog edukativnog sadr\u017eaja autori na vje\u0161t na\u010din \u010ditateljima nastoje usaditi i razviti i kulturno-estetske do\u017eivljaje kompozicije. Cilj je ovog priru\u010dnika na jednostavan i pregledan na\u010din pokazati mogu\u0107nosti primjene fotografije &hellip; <\/p>","protected":false},"featured_media":417,"template":"","meta":[],"product_brand":[],"product_cat":[23],"product_tag":[],"class_list":{"0":"post-416","1":"product","2":"type-product","3":"status-publish","4":"has-post-thumbnail","6":"product_cat-knjige","8":"first","9":"instock","10":"shipping-taxable","11":"purchasable","12":"product-type-simple"},"_links":{"self":[{"href":"https:\/\/www.foozos.hr\/en\/wp-json\/wp\/v2\/product\/416","targetHints":{"allow":["GET"]}}],"collection":[{"href":"https:\/\/www.foozos.hr\/en\/wp-json\/wp\/v2\/product"}],"about":[{"href":"https:\/\/www.foozos.hr\/en\/wp-json\/wp\/v2\/types\/product"}],"wp:featuredmedia":[{"embeddable":true,"href":"https:\/\/www.foozos.hr\/en\/wp-json\/wp\/v2\/media\/417"}],"wp:attachment":[{"href":"https:\/\/www.foozos.hr\/en\/wp-json\/wp\/v2\/media?parent=416"}],"wp:term":[{"taxonomy":"product_brand","embeddable":true,"href":"https:\/\/www.foozos.hr\/en\/wp-json\/wp\/v2\/product_brand?post=416"},{"taxonomy":"product_cat","embeddable":true,"href":"https:\/\/www.foozos.hr\/en\/wp-json\/wp\/v2\/product_cat?post=416"},{"taxonomy":"product_tag","embeddable":true,"href":"https:\/\/www.foozos.hr\/en\/wp-json\/wp\/v2\/product_tag?post=416"}],"curies":[{"name":"wp","href":"https:\/\/api.w.org\/{rel}","templated":true}]}}