{"id":420,"date":"2023-07-30T16:15:19","date_gmt":"2023-07-30T14:15:19","guid":{"rendered":"https:\/\/www.foozos.hr\/?post_type=product&#038;p=420"},"modified":"2024-11-21T16:26:04","modified_gmt":"2024-11-21T15:26:04","slug":"andeo-slomljena-krila","status":"publish","type":"product","link":"https:\/\/www.foozos.hr\/en\/product\/andeo-slomljena-krila\/","title":{"rendered":"An\u0111eo slomljena krila"},"content":{"rendered":"<p><span class=\"title\">\u00a0<\/span><\/p>\n<p>Autorica je ovim kratkim, dinami\u010dnim tekstom, oboga\u0107enim ma\u0161tovitim i dopadljivim ilustracijama likovnog umjetnika Gorana Kujund\u017ei\u0107a, poslala emotivnu, no sna\u017enu poruku o va\u017enosti ne samo brige za okoli\u0161 nego i ljubavi prema planetu. Pri\u010de poput ove izrazito su va\u017ene zbog toga \u0161to djecu od najranije dobi u\u010de podizanju ekolo\u0161ke svijesti i pravilnoga pona\u0161anja u skladu s prirodom.<\/p>\n<p>Neobi\u010dna pri\u010da o malom \u017eivom plavom planetu neobi\u010dnog imena i mekog srca kojem prijeti nestajanje. Pri\u010dom se opominje na o\u010duvanje Zemlje jer utjecaj ljudi ima dugotrajne posljedice na prirodnu ravnote\u017eu. Kako bi na\u0161a planeta i dalje bila plava i zelena, svaki na\u0161 doprinos je va\u017ean prema cilju da na\u0161oj djeci ostavimo najvrjedniju ba\u0161tinu, \u010distu i zdravu planetu Zemlju.<\/p>\n<p>Autor\/i: Klobu\u010dar, Antoaneta<\/p>\n<p>Izdava\u010d: Fakultet za odgojne i obrazovne znanosti , Ekonomski fakultet Osijek<\/p>\n<p>Godina izdanja: 2017.<\/p>\n<p>Broj stranica: nepag.<\/p>\n<p>ISBN: 978-953-253-145-9<\/p>","protected":false},"excerpt":{"rendered":"<p>\u00a0 Autorica je ovim kratkim, dinami\u010dnim tekstom, oboga\u0107enim ma\u0161tovitim i dopadljivim ilustracijama likovnog umjetnika Gorana Kujund\u017ei\u0107a, poslala emotivnu, no sna\u017enu poruku o va\u017enosti ne samo brige za okoli\u0161 nego i ljubavi prema planetu. Pri\u010de poput ove izrazito su va\u017ene zbog &hellip; <\/p>","protected":false},"featured_media":421,"template":"","meta":[],"product_brand":[],"product_cat":[23],"product_tag":[],"class_list":{"0":"post-420","1":"product","2":"type-product","3":"status-publish","4":"has-post-thumbnail","6":"product_cat-knjige","8":"first","9":"instock","10":"shipping-taxable","11":"purchasable","12":"product-type-simple"},"_links":{"self":[{"href":"https:\/\/www.foozos.hr\/en\/wp-json\/wp\/v2\/product\/420","targetHints":{"allow":["GET"]}}],"collection":[{"href":"https:\/\/www.foozos.hr\/en\/wp-json\/wp\/v2\/product"}],"about":[{"href":"https:\/\/www.foozos.hr\/en\/wp-json\/wp\/v2\/types\/product"}],"wp:featuredmedia":[{"embeddable":true,"href":"https:\/\/www.foozos.hr\/en\/wp-json\/wp\/v2\/media\/421"}],"wp:attachment":[{"href":"https:\/\/www.foozos.hr\/en\/wp-json\/wp\/v2\/media?parent=420"}],"wp:term":[{"taxonomy":"product_brand","embeddable":true,"href":"https:\/\/www.foozos.hr\/en\/wp-json\/wp\/v2\/product_brand?post=420"},{"taxonomy":"product_cat","embeddable":true,"href":"https:\/\/www.foozos.hr\/en\/wp-json\/wp\/v2\/product_cat?post=420"},{"taxonomy":"product_tag","embeddable":true,"href":"https:\/\/www.foozos.hr\/en\/wp-json\/wp\/v2\/product_tag?post=420"}],"curies":[{"name":"wp","href":"https:\/\/api.w.org\/{rel}","templated":true}]}}