{"id":422,"date":"2023-07-30T16:16:32","date_gmt":"2023-07-30T14:16:32","guid":{"rendered":"https:\/\/www.foozos.hr\/?post_type=product&#038;p=422"},"modified":"2025-10-01T09:36:04","modified_gmt":"2025-10-01T07:36:04","slug":"leksikon-slavonske-narodne-medicine-brodskog-posavlja","status":"publish","type":"product","link":"https:\/\/www.foozos.hr\/en\/product\/leksikon-slavonske-narodne-medicine-brodskog-posavlja\/","title":{"rendered":"Leksikon slavonske narodne medicine brodskog Posavlja"},"content":{"rendered":"<div class=\"product-description\">\n<p>Ova knjiga je namijenjena svima koji \u017eele u\u0107i u slavonsku pro\u0161lost i osjetiti slavonski duh. Njome smo se vratili u \u017eivot na\u0161ih predaka; lije\u010denja bolesti, vjerovanja, legendi te o\u017eivjeli i o\u010duvali slavonski dijalekt. Istra\u017eivanja su provedena u selima brodske Posavine, a razgovori s kaziva\u010dima provedeni su o razdoblju od 2012. do 2014. godine.<\/p>\n<p>Knjiga se sastoji od dva dijela: prvi dio abecednim redom prikazuje bolesti i na\u010dine njihova lije\u010denja u slavonskoj narodnoj medicini uz medicinsko obja\u0161njenje bolesti, a drugi dio prikazuje rje\u010dnik slavonskih govora rije\u010di koje smo koristili u prvom dijelu.<\/p>\n<p><em>Leksikon slavonske narodne medicine brodskog Posavlja<\/em> je vrijedna knjiga koja promi\u010de interdisciplinarnost (dijalektologija, etnologija, biomedicina, biologija).<\/p>\n<p>&nbsp;<\/p>\n<p>Autor\/i: Berbi\u0107 Kolar, Emina; \u0110uri\u0107, Tanja; Grozdanovi\u0107, Monika; Jagodar, Josip; Javor, Antun; Mihi\u0107, Ivana; Sudarevi\u0107, Katarina<\/p>\n<p>Izdava\u010d: Fakultet za odgojne i obrazovne znanosti<\/p>\n<p>Godina izdanja: 2017.<\/p>\n<p>Broj stranica: 133<\/p>\n<p>ISBN: 978-953-6965-55-7<\/p>\n<\/div>","protected":false},"excerpt":{"rendered":"<p>Ova knjiga je namijenjena svima koji \u017eele u\u0107i u slavonsku pro\u0161lost i osjetiti slavonski duh. Njome smo se vratili u \u017eivot na\u0161ih predaka; lije\u010denja bolesti, vjerovanja, legendi te o\u017eivjeli i o\u010duvali slavonski dijalekt. Istra\u017eivanja su provedena u selima brodske Posavine, &hellip; <\/p>","protected":false},"featured_media":423,"template":"","meta":[],"product_brand":[],"product_cat":[23],"product_tag":[],"class_list":{"0":"post-422","1":"product","2":"type-product","3":"status-publish","4":"has-post-thumbnail","6":"product_cat-knjige","8":"first","9":"instock","10":"shipping-taxable","11":"purchasable","12":"product-type-simple"},"_links":{"self":[{"href":"https:\/\/www.foozos.hr\/en\/wp-json\/wp\/v2\/product\/422","targetHints":{"allow":["GET"]}}],"collection":[{"href":"https:\/\/www.foozos.hr\/en\/wp-json\/wp\/v2\/product"}],"about":[{"href":"https:\/\/www.foozos.hr\/en\/wp-json\/wp\/v2\/types\/product"}],"wp:featuredmedia":[{"embeddable":true,"href":"https:\/\/www.foozos.hr\/en\/wp-json\/wp\/v2\/media\/423"}],"wp:attachment":[{"href":"https:\/\/www.foozos.hr\/en\/wp-json\/wp\/v2\/media?parent=422"}],"wp:term":[{"taxonomy":"product_brand","embeddable":true,"href":"https:\/\/www.foozos.hr\/en\/wp-json\/wp\/v2\/product_brand?post=422"},{"taxonomy":"product_cat","embeddable":true,"href":"https:\/\/www.foozos.hr\/en\/wp-json\/wp\/v2\/product_cat?post=422"},{"taxonomy":"product_tag","embeddable":true,"href":"https:\/\/www.foozos.hr\/en\/wp-json\/wp\/v2\/product_tag?post=422"}],"curies":[{"name":"wp","href":"https:\/\/api.w.org\/{rel}","templated":true}]}}