{"id":424,"date":"2023-07-30T16:17:37","date_gmt":"2023-07-30T14:17:37","guid":{"rendered":"https:\/\/www.foozos.hr\/?post_type=product&#038;p=424"},"modified":"2024-11-22T14:38:24","modified_gmt":"2024-11-22T13:38:24","slug":"bezimena-zbirka-kratkih-prica","status":"publish","type":"product","link":"https:\/\/www.foozos.hr\/en\/product\/bezimena-zbirka-kratkih-prica\/","title":{"rendered":"Bezimena \u2013 Zbirka kratkih pri\u010da"},"content":{"rendered":"<div class=\"product-description\">\n<p>Zrinka Vilc mlada je osje\u010dka autorica koja se knji\u017eevnoj sceni predstavlja zbirkom kratkim pri\u010da pod nazivom <em>Bezimena<\/em>. U jedanaest pri\u010da i razgovorom koji na trenutak djeluje kao dnevni\u010dki zapis, autorica progovara o svojim emotivnim stanjima, odnosno o onome pro\u017eivljenom\/do\u017eivljenom i preto\u010denom na papir. Forma kratke pri\u010de nametnula se autorici kao idealan okvir unutar kojega \u0107e odabrani <em>slice of life<\/em> do\u0107i do potpunog izra\u017eaja. Knjiga je namijenjena svim Bezimenama i Bezimenima ovoga svijeta. Nastajala je potaknuta \u010distim emocijama i istinskom \u017eeljom da se o njima progovori. Satkana je od pri\u010da i fotografija koje pripovijedaju o \u017eivotu Bezimenih.<\/p>\n<p>&nbsp;<\/p>\n<p>Autor\/i: Vilc, Zrinka<\/p>\n<p>Izdava\u010d: Fakultet za odgojne i obrazovne znanosti<\/p>\n<p>Godina izdanja: 2018.<\/p>\n<p>Broj stranica: 92<\/p>\n<p>ISBN: 978-953-6965-64-9<\/p>\n<\/div>","protected":false},"excerpt":{"rendered":"<p>Zrinka Vilc mlada je osje\u010dka autorica koja se knji\u017eevnoj sceni predstavlja zbirkom kratkim pri\u010da pod nazivom Bezimena. U jedanaest pri\u010da i razgovorom koji na trenutak djeluje kao dnevni\u010dki zapis, autorica progovara o svojim emotivnim stanjima, odnosno o onome pro\u017eivljenom\/do\u017eivljenom i &hellip; <\/p>","protected":false},"featured_media":425,"template":"","meta":[],"product_brand":[],"product_cat":[23],"product_tag":[],"class_list":{"0":"post-424","1":"product","2":"type-product","3":"status-publish","4":"has-post-thumbnail","6":"product_cat-knjige","8":"first","9":"instock","10":"shipping-taxable","11":"purchasable","12":"product-type-simple"},"_links":{"self":[{"href":"https:\/\/www.foozos.hr\/en\/wp-json\/wp\/v2\/product\/424","targetHints":{"allow":["GET"]}}],"collection":[{"href":"https:\/\/www.foozos.hr\/en\/wp-json\/wp\/v2\/product"}],"about":[{"href":"https:\/\/www.foozos.hr\/en\/wp-json\/wp\/v2\/types\/product"}],"wp:featuredmedia":[{"embeddable":true,"href":"https:\/\/www.foozos.hr\/en\/wp-json\/wp\/v2\/media\/425"}],"wp:attachment":[{"href":"https:\/\/www.foozos.hr\/en\/wp-json\/wp\/v2\/media?parent=424"}],"wp:term":[{"taxonomy":"product_brand","embeddable":true,"href":"https:\/\/www.foozos.hr\/en\/wp-json\/wp\/v2\/product_brand?post=424"},{"taxonomy":"product_cat","embeddable":true,"href":"https:\/\/www.foozos.hr\/en\/wp-json\/wp\/v2\/product_cat?post=424"},{"taxonomy":"product_tag","embeddable":true,"href":"https:\/\/www.foozos.hr\/en\/wp-json\/wp\/v2\/product_tag?post=424"}],"curies":[{"name":"wp","href":"https:\/\/api.w.org\/{rel}","templated":true}]}}