{"id":426,"date":"2023-07-30T16:18:35","date_gmt":"2023-07-30T14:18:35","guid":{"rendered":"https:\/\/www.foozos.hr\/?post_type=product&#038;p=426"},"modified":"2024-11-22T14:38:06","modified_gmt":"2024-11-22T13:38:06","slug":"glumacko-sazrijevanje","status":"publish","type":"product","link":"https:\/\/www.foozos.hr\/en\/product\/glumacko-sazrijevanje\/","title":{"rendered":"Gluma\u010dko sazrijevanje"},"content":{"rendered":"<div class=\"product-description\">\n<p>Ova knjiga se smatra oglednim primjerkom gluma\u010dkog stvarala\u010dkog procesa. Pripada rijetkim teatrolo\u0161kim knjigama u kojoj su autori glumci nastojali opisati, a time na neki na\u010din ujedno i samoanalizirati svoja dugogodi\u0161nja iskustva scenske prakse, odnosno vlastita iskustva procesa gluma\u010dkog stvarala\u0161tva.<\/p>\n<p>Autorica nepretenciozno provla\u010di kroz svoje impresije i znanstvenu, teorijsku misao o glumi kada govori u prvom licu jednine, i sebe kao autoricu i glumicu pozicionira u centar \u017eivota, isto kad kroz pitanja o glumi i lutkarstvu razgovara s glumcima, odnosno redateljima. Vjeruju\u0107i kako je glum\u010dev proces stvaranja zapravo neraskidiv od stvarnog \u017eivotnog iskustva koje je izme\u0111u ostalog materijal njegove kreacije, a kao profesorice smatraju\u0107i kako je prije svega ljudskog temelj pedago\u0161kog odnosa prema studentima, autorica u kratkim esejima poku\u0161ava razotkrit svoju tajnu gluma\u010dkog umije\u0107a i procesa stvaranja, ali velikim dijelom otvara i prostor govora i drugim kazali\u0161nim umjetnicima, rade\u0107i s glumcima i redateljima zanimljive intervjue.<\/p>\n<p>&nbsp;<\/p>\n<p>Autor\/i: Peri\u0107, Mira<\/p>\n<p>Izdava\u010d: Fakultet za odgojne i obrazovne znanosti<\/p>\n<p>Godina izdanja: 2018.<\/p>\n<p>Broj stranica: 149<\/p>\n<p>ISBN: 978-953-6965-70-0<\/p>\n<\/div>","protected":false},"excerpt":{"rendered":"<p>Ova knjiga se smatra oglednim primjerkom gluma\u010dkog stvarala\u010dkog procesa. Pripada rijetkim teatrolo\u0161kim knjigama u kojoj su autori glumci nastojali opisati, a time na neki na\u010din ujedno i samoanalizirati svoja dugogodi\u0161nja iskustva scenske prakse, odnosno vlastita iskustva procesa gluma\u010dkog stvarala\u0161tva. Autorica &hellip; <\/p>","protected":false},"featured_media":427,"template":"","meta":[],"product_brand":[],"product_cat":[23],"product_tag":[],"class_list":{"0":"post-426","1":"product","2":"type-product","3":"status-publish","4":"has-post-thumbnail","6":"product_cat-knjige","8":"first","9":"instock","10":"shipping-taxable","11":"purchasable","12":"product-type-simple"},"_links":{"self":[{"href":"https:\/\/www.foozos.hr\/en\/wp-json\/wp\/v2\/product\/426","targetHints":{"allow":["GET"]}}],"collection":[{"href":"https:\/\/www.foozos.hr\/en\/wp-json\/wp\/v2\/product"}],"about":[{"href":"https:\/\/www.foozos.hr\/en\/wp-json\/wp\/v2\/types\/product"}],"wp:featuredmedia":[{"embeddable":true,"href":"https:\/\/www.foozos.hr\/en\/wp-json\/wp\/v2\/media\/427"}],"wp:attachment":[{"href":"https:\/\/www.foozos.hr\/en\/wp-json\/wp\/v2\/media?parent=426"}],"wp:term":[{"taxonomy":"product_brand","embeddable":true,"href":"https:\/\/www.foozos.hr\/en\/wp-json\/wp\/v2\/product_brand?post=426"},{"taxonomy":"product_cat","embeddable":true,"href":"https:\/\/www.foozos.hr\/en\/wp-json\/wp\/v2\/product_cat?post=426"},{"taxonomy":"product_tag","embeddable":true,"href":"https:\/\/www.foozos.hr\/en\/wp-json\/wp\/v2\/product_tag?post=426"}],"curies":[{"name":"wp","href":"https:\/\/api.w.org\/{rel}","templated":true}]}}