{"id":428,"date":"2023-07-30T16:19:36","date_gmt":"2023-07-30T14:19:36","guid":{"rendered":"https:\/\/www.foozos.hr\/?post_type=product&#038;p=428"},"modified":"2024-11-22T14:37:53","modified_gmt":"2024-11-22T13:37:53","slug":"uzvik-i-veznik-vrste-rijeci-i-nadrecenicne-sluzbe","status":"publish","type":"product","link":"https:\/\/www.foozos.hr\/en\/product\/uzvik-i-veznik-vrste-rijeci-i-nadrecenicne-sluzbe\/","title":{"rendered":"Uzvik i veznik: vrste rije\u010di i (nad)re\u010deni\u010dne slu\u017ebe"},"content":{"rendered":"<div class=\"product-description\">\n<p>Uzvik i veznik: vrste rije\u010di i (nad)re\u010deni\u010dne slu\u017ebe pone\u0161to je dora\u0111ena ina\u010dica doktorskoga rada Kategorije i funkcije uzvika i veznika u hrvatskome jeziku pod mentorstvom prof.dr.sc. Ive Pranjkovi\u0107a s Filozofskog fakulteta u Zagrebu.<\/p>\n<p>U knjizi se donose vrijedne jezikoslovne spoznaje utemeljene na znanstvenome pristupu unutar suvremenih znanstvenih paradigmi. Posebna je teorijska vrijednost rada \u010dinjenica da je u njemu opisano i oprimjereno poimanje (i) vrsta rije\u010di kao prototipno ustrojenih gramati\u010dkih kategorija. Djelom se znanstveno doprinosi i kroatistici, i slavistici, ali i jezikoslovlju op\u0107enito pro\u0161irivanjem spoznaja o kategorizaciji rubnijih vrsta rije\u010di koje su osim zna\u010denjskih obilje\u017eja bitno odre\u0111ene svojom slu\u017ebom. Knjiga je prvi cjelovit i sustavan lingvisti\u010dki opis uzvika i veznika u hrvatskome jeziku.<\/p>\n<p>&nbsp;<\/p>\n<p>Autor\/i: Gligori\u0107, Igor Marko<\/p>\n<p>Izdava\u010d: Fakultet za odgojne i obrazovne znanosti<\/p>\n<p>Godina izdanja: 2018.<\/p>\n<p>Broj stranica: 224<\/p>\n<p>ISBN: 978-953-6965-67-0<\/p>\n<\/div>","protected":false},"excerpt":{"rendered":"<p>Uzvik i veznik: vrste rije\u010di i (nad)re\u010deni\u010dne slu\u017ebe pone\u0161to je dora\u0111ena ina\u010dica doktorskoga rada Kategorije i funkcije uzvika i veznika u hrvatskome jeziku pod mentorstvom prof.dr.sc. Ive Pranjkovi\u0107a s Filozofskog fakulteta u Zagrebu. U knjizi se donose vrijedne jezikoslovne spoznaje &hellip; <\/p>","protected":false},"featured_media":429,"template":"","meta":[],"product_brand":[],"product_cat":[23],"product_tag":[],"class_list":{"0":"post-428","1":"product","2":"type-product","3":"status-publish","4":"has-post-thumbnail","6":"product_cat-knjige","8":"first","9":"instock","10":"shipping-taxable","11":"purchasable","12":"product-type-simple"},"_links":{"self":[{"href":"https:\/\/www.foozos.hr\/en\/wp-json\/wp\/v2\/product\/428","targetHints":{"allow":["GET"]}}],"collection":[{"href":"https:\/\/www.foozos.hr\/en\/wp-json\/wp\/v2\/product"}],"about":[{"href":"https:\/\/www.foozos.hr\/en\/wp-json\/wp\/v2\/types\/product"}],"wp:featuredmedia":[{"embeddable":true,"href":"https:\/\/www.foozos.hr\/en\/wp-json\/wp\/v2\/media\/429"}],"wp:attachment":[{"href":"https:\/\/www.foozos.hr\/en\/wp-json\/wp\/v2\/media?parent=428"}],"wp:term":[{"taxonomy":"product_brand","embeddable":true,"href":"https:\/\/www.foozos.hr\/en\/wp-json\/wp\/v2\/product_brand?post=428"},{"taxonomy":"product_cat","embeddable":true,"href":"https:\/\/www.foozos.hr\/en\/wp-json\/wp\/v2\/product_cat?post=428"},{"taxonomy":"product_tag","embeddable":true,"href":"https:\/\/www.foozos.hr\/en\/wp-json\/wp\/v2\/product_tag?post=428"}],"curies":[{"name":"wp","href":"https:\/\/api.w.org\/{rel}","templated":true}]}}