{"id":430,"date":"2023-07-30T16:20:33","date_gmt":"2023-07-30T14:20:33","guid":{"rendered":"https:\/\/www.foozos.hr\/?post_type=product&#038;p=430"},"modified":"2024-11-22T14:37:39","modified_gmt":"2024-11-22T13:37:39","slug":"zbornik-radova-s-medunarodnog-znanstvenog-skupa-tadijino-stoljece-povijest-kultura-identitet","status":"publish","type":"product","link":"https:\/\/www.foozos.hr\/en\/product\/zbornik-radova-s-medunarodnog-znanstvenog-skupa-tadijino-stoljece-povijest-kultura-identitet\/","title":{"rendered":"Zbornik radova s me\u0111unarodnog znanstvenog skupa Tadijino stolje\u0107e: Povijest, kultura, identitet"},"content":{"rendered":"<div class=\"product-description\">\n<p>Zbornik radova posve\u0107en je Dragutinu Tadijanovi\u0107u koji je ve\u0107 za \u017eivota stekao status kanonskog knji\u017eevnika. U njemu se propituju Tadijanovi\u0107evo stvarala\u0161tvo, vrijeme u kojemu je nastajalo, kao i njegovo sveukupno djelovanje. Radovi koji se nalaze u Zborniku izniman su doprinos znanosti i struci. Zbog svoje inter\/transdisciplinarnosti Zbornik je namijenjen znanstvenicima i stru\u010dnjacima razli\u010ditih profila. Pritom je prije svega rije\u010d o filolozima, knji\u017eevnim komparatistima, slavistima, stilisti\u010darima te ostalim stru\u010dnjacima iz razli\u010ditih podru\u010dja koji su na neki na\u010din u svojemu radu usmjereni na Dragutina Tadijanovi\u0107a.<\/p>\n<p>Tematska raznovrsnost priloga u Zborniku pro\u0161iruje ciljanu skupnu te ga \u010dini zanimljivim i \u0161iroj javnosti: rije\u010d je o kanonskom autoru ovih prostora te dru\u0161tveno-povijesnom kontekstu za koji postoji interes i \u0161ire dru\u0161tvene zajednice.<\/p>\n<p>&nbsp;<\/p>\n<p>Urednik\/ci: Matanovi\u0107, Damir; Zielinski, Boguslaw; Turbi\u0107 Had\u017eagi\u0107, Amira; Berbi\u0107 Kolar, Emina<\/p>\n<p>Izdava\u010d: Fakultet za odgojne i obrazovne znanosti; Fakultet za poljsku i klasi\u010dnu filologiju u Poznanju<\/p>\n<p>Godina izdanja: 2018.<\/p>\n<p>Broj stranica: 217<\/p>\n<p>ISBN: 978-953-6965-69-4<\/p>\n<\/div>","protected":false},"excerpt":{"rendered":"<p>Zbornik radova posve\u0107en je Dragutinu Tadijanovi\u0107u koji je ve\u0107 za \u017eivota stekao status kanonskog knji\u017eevnika. U njemu se propituju Tadijanovi\u0107evo stvarala\u0161tvo, vrijeme u kojemu je nastajalo, kao i njegovo sveukupno djelovanje. Radovi koji se nalaze u Zborniku izniman su doprinos &hellip; <\/p>","protected":false},"featured_media":431,"template":"","meta":[],"product_brand":[],"product_cat":[23],"product_tag":[],"class_list":{"0":"post-430","1":"product","2":"type-product","3":"status-publish","4":"has-post-thumbnail","6":"product_cat-knjige","8":"first","9":"instock","10":"shipping-taxable","11":"purchasable","12":"product-type-simple"},"_links":{"self":[{"href":"https:\/\/www.foozos.hr\/en\/wp-json\/wp\/v2\/product\/430","targetHints":{"allow":["GET"]}}],"collection":[{"href":"https:\/\/www.foozos.hr\/en\/wp-json\/wp\/v2\/product"}],"about":[{"href":"https:\/\/www.foozos.hr\/en\/wp-json\/wp\/v2\/types\/product"}],"wp:featuredmedia":[{"embeddable":true,"href":"https:\/\/www.foozos.hr\/en\/wp-json\/wp\/v2\/media\/431"}],"wp:attachment":[{"href":"https:\/\/www.foozos.hr\/en\/wp-json\/wp\/v2\/media?parent=430"}],"wp:term":[{"taxonomy":"product_brand","embeddable":true,"href":"https:\/\/www.foozos.hr\/en\/wp-json\/wp\/v2\/product_brand?post=430"},{"taxonomy":"product_cat","embeddable":true,"href":"https:\/\/www.foozos.hr\/en\/wp-json\/wp\/v2\/product_cat?post=430"},{"taxonomy":"product_tag","embeddable":true,"href":"https:\/\/www.foozos.hr\/en\/wp-json\/wp\/v2\/product_tag?post=430"}],"curies":[{"name":"wp","href":"https:\/\/api.w.org\/{rel}","templated":true}]}}