{"id":432,"date":"2023-07-30T16:21:42","date_gmt":"2023-07-30T14:21:42","guid":{"rendered":"https:\/\/www.foozos.hr\/?post_type=product&#038;p=432"},"modified":"2024-11-22T14:36:34","modified_gmt":"2024-11-22T13:36:34","slug":"disleksija-i-disgrafija-odredenja-pristupi-i-smjernice","status":"publish","type":"product","link":"https:\/\/www.foozos.hr\/en\/product\/disleksija-i-disgrafija-odredenja-pristupi-i-smjernice\/","title":{"rendered":"Disleksija i disgrafija: odre\u0111enja, pristupi i smjernice"},"content":{"rendered":"<div class=\"product-description\">\n<p>Disleksija i disgrafija: odre\u0111enja, pristupi i smjernice knjiga je koja je proiza\u0161la iz zajedni\u010dkog bavljenja tim dvama jezi\u010dnim pojavama. Nastala je kao posljedica uo\u010davanja sve \u010de\u0161\u0107ih disleksi\u010dnih i disgrafi\u010dnih jezi\u010dnih pona\u0161anja djece mla\u0111e \u0161kolske dobi te kao reakcije na predmnijevanu (a ovdje i empirijski dokazanu) nedovoljnu educiranost\/informiranost stru\u010dnog kadra u odgojno-obrazovnim ustanovama o te\u0161ko\u0107ama koje se (sve \u010de\u0161\u0107e) javljaju pri ovladavanja dvjema iznimno slo\u017eenim te istovremeno iznimno va\u017enim jezi\u010dnim djelatnostima \u2013 \u010ditanjem i pisanjem.<\/p>\n<p>U priru\u010dniku autori navode pojmove disleksije i disgrafije te daju njihov pregled u me\u0111unarodnim klasifikacijama, kao i dokumentima koji ih odre\u0111uju. U djelu je razvidan osim teorijskog i prakti\u010dan dio u kojem autori istra\u017euju odnos sudionika odgojno-obrazovnog procesa prema fenomenima disleksije i disgrafije. Priru\u010dnik ima i dijelom popularan karakter jer progovara o va\u017enom i sve vi\u0161e prisutnim fenomenu u odgojno-obrazovnoj svakodnevnici koji svakako zaslu\u017euje pridanu mu pozornost u smislu destigmatizacije i demistifikacije.<\/p>\n<p>&nbsp;<\/p>\n<p>Autori\/i: Berbi\u0107, Kolar Emina; Gligori\u0107, Igor Marko; Ze\u010devi\u0107, Marta<\/p>\n<p>Izdava\u010d: Fakultet za odgojne i obrazovne znanosti<\/p>\n<p>Godina izdanja: 2018.<\/p>\n<p>Broj stranica: 121<\/p>\n<p>ISBN: 978-953-6965-63-2<\/p>\n<\/div>","protected":false},"excerpt":{"rendered":"<p>Disleksija i disgrafija: odre\u0111enja, pristupi i smjernice knjiga je koja je proiza\u0161la iz zajedni\u010dkog bavljenja tim dvama jezi\u010dnim pojavama. Nastala je kao posljedica uo\u010davanja sve \u010de\u0161\u0107ih disleksi\u010dnih i disgrafi\u010dnih jezi\u010dnih pona\u0161anja djece mla\u0111e \u0161kolske dobi te kao reakcije na predmnijevanu &hellip; <\/p>","protected":false},"featured_media":433,"template":"","meta":[],"product_brand":[],"product_cat":[23],"product_tag":[],"class_list":{"0":"post-432","1":"product","2":"type-product","3":"status-publish","4":"has-post-thumbnail","6":"product_cat-knjige","8":"first","9":"outofstock","10":"shipping-taxable","11":"purchasable","12":"product-type-simple"},"_links":{"self":[{"href":"https:\/\/www.foozos.hr\/en\/wp-json\/wp\/v2\/product\/432","targetHints":{"allow":["GET"]}}],"collection":[{"href":"https:\/\/www.foozos.hr\/en\/wp-json\/wp\/v2\/product"}],"about":[{"href":"https:\/\/www.foozos.hr\/en\/wp-json\/wp\/v2\/types\/product"}],"wp:featuredmedia":[{"embeddable":true,"href":"https:\/\/www.foozos.hr\/en\/wp-json\/wp\/v2\/media\/433"}],"wp:attachment":[{"href":"https:\/\/www.foozos.hr\/en\/wp-json\/wp\/v2\/media?parent=432"}],"wp:term":[{"taxonomy":"product_brand","embeddable":true,"href":"https:\/\/www.foozos.hr\/en\/wp-json\/wp\/v2\/product_brand?post=432"},{"taxonomy":"product_cat","embeddable":true,"href":"https:\/\/www.foozos.hr\/en\/wp-json\/wp\/v2\/product_cat?post=432"},{"taxonomy":"product_tag","embeddable":true,"href":"https:\/\/www.foozos.hr\/en\/wp-json\/wp\/v2\/product_tag?post=432"}],"curies":[{"name":"wp","href":"https:\/\/api.w.org\/{rel}","templated":true}]}}