{"id":434,"date":"2023-07-30T16:22:34","date_gmt":"2023-07-30T14:22:34","guid":{"rendered":"https:\/\/www.foozos.hr\/?post_type=product&#038;p=434"},"modified":"2024-11-22T14:36:50","modified_gmt":"2024-11-22T13:36:50","slug":"u-jezik-uronjeni-zbornik-posvecen-ireni-vodopiji","status":"publish","type":"product","link":"https:\/\/www.foozos.hr\/en\/product\/u-jezik-uronjeni-zbornik-posvecen-ireni-vodopiji\/","title":{"rendered":"U jezik uronjeni : zbornik posve\u0107en Ireni Vodopiji"},"content":{"rendered":"<div class=\"product-description\">\n<p>Zbornik radova <em>U jezik uronjeni<\/em> posve\u0107en profesorici Ireni Vodopiji, zna\u010dajan je doprinos suvremenoj filologiji iz dvaju razloga. Prvi je povod izdavanja, koje je potaknuo 28 znanstvenika da napi\u0161u svoje radove i tako iska\u017eu po\u0161tovanje kolegici pri zaokru\u017eivanju njezine profesionalne karijere, \u0161to je pohvalan iskaz stru\u010dne solidarnosti. Drugi je respektabilan doprinos struci: zbornik obuhva\u0107a 25 znanstvenih i stru\u010dnih radova razli\u010dite tematike (prete\u017eito kroatisti\u010dka podru\u010dja te op\u0107a lingvistika, vi\u0161ejezi\u010dnost i strani jezici) raspore\u0111en u 5 poglavlja.<\/p>\n<p>Koriste\u0107i se razli\u010ditim suvremenim teorijskim pristupima, autori Zbornika problematiziraju pojedina pitanja razli\u010ditih filolo\u0161kih podru\u010dja donose\u0107i uz nove znanstvene spoznaje i niz korisnih primjera u uputa koji se mogu primijeniti u nastavi jezika i knji\u017eevnosti, ne samo hrvatskog ve\u0107 i stranih jezika, ali i drugih predmeta.<\/p>\n<p>&nbsp;<\/p>\n<p>Urednik\/ci: Smaji\u0107, Dubravka; Krumes, Irena; Mance, Nina<\/p>\n<p>Izdava\u010d: Fakultet za odgojne i obrazovne znanosti<\/p>\n<p>Godina izdanja: 2018.<\/p>\n<p>Broj stranica: 369<\/p>\n<p>ISBN: 978-953-6965-72-4<\/p>\n<\/div>","protected":false},"excerpt":{"rendered":"<p>Zbornik radova U jezik uronjeni posve\u0107en profesorici Ireni Vodopiji, zna\u010dajan je doprinos suvremenoj filologiji iz dvaju razloga. Prvi je povod izdavanja, koje je potaknuo 28 znanstvenika da napi\u0161u svoje radove i tako iska\u017eu po\u0161tovanje kolegici pri zaokru\u017eivanju njezine profesionalne karijere, &hellip; <\/p>","protected":false},"featured_media":435,"template":"","meta":[],"product_brand":[],"product_cat":[23],"product_tag":[],"class_list":{"0":"post-434","1":"product","2":"type-product","3":"status-publish","4":"has-post-thumbnail","6":"product_cat-knjige","8":"first","9":"instock","10":"shipping-taxable","11":"purchasable","12":"product-type-simple"},"_links":{"self":[{"href":"https:\/\/www.foozos.hr\/en\/wp-json\/wp\/v2\/product\/434","targetHints":{"allow":["GET"]}}],"collection":[{"href":"https:\/\/www.foozos.hr\/en\/wp-json\/wp\/v2\/product"}],"about":[{"href":"https:\/\/www.foozos.hr\/en\/wp-json\/wp\/v2\/types\/product"}],"wp:featuredmedia":[{"embeddable":true,"href":"https:\/\/www.foozos.hr\/en\/wp-json\/wp\/v2\/media\/435"}],"wp:attachment":[{"href":"https:\/\/www.foozos.hr\/en\/wp-json\/wp\/v2\/media?parent=434"}],"wp:term":[{"taxonomy":"product_brand","embeddable":true,"href":"https:\/\/www.foozos.hr\/en\/wp-json\/wp\/v2\/product_brand?post=434"},{"taxonomy":"product_cat","embeddable":true,"href":"https:\/\/www.foozos.hr\/en\/wp-json\/wp\/v2\/product_cat?post=434"},{"taxonomy":"product_tag","embeddable":true,"href":"https:\/\/www.foozos.hr\/en\/wp-json\/wp\/v2\/product_tag?post=434"}],"curies":[{"name":"wp","href":"https:\/\/api.w.org\/{rel}","templated":true}]}}