{"id":438,"date":"2023-07-30T16:24:49","date_gmt":"2023-07-30T14:24:49","guid":{"rendered":"https:\/\/www.foozos.hr\/?post_type=product&#038;p=438"},"modified":"2024-11-22T14:36:09","modified_gmt":"2024-11-22T13:36:09","slug":"prirucnik-za-rad-s-ucenicima-s-teskocama-u-razvoju-u-srednjim-skolama","status":"publish","type":"product","link":"https:\/\/www.foozos.hr\/en\/product\/prirucnik-za-rad-s-ucenicima-s-teskocama-u-razvoju-u-srednjim-skolama\/","title":{"rendered":"Priru\u010dnik za rad s u\u010denicima s te\u0161ko\u0107ama u razvoju u srednjim \u0161kolama"},"content":{"rendered":"<div class=\"product-description\">\n<p>&nbsp;<\/p>\n<p>U <em>Priru\u010dniku za rad s djecom s te\u0161ko\u0107ama u razvoju u srednjim \u0161kolama<\/em> prvenstveno se htjelo prikazati postoje\u0107e stanje na podru\u010dju Slavonije kada je rije\u010d o inkluziji djece s te\u0161ko\u0107ama u razvoju u srednje \u0161kole, a za koje se vjeruje da se mo\u017ee u dobrom dijelu primijeniti i na ostatak Republike Hrvatske, a njegov najva\u017eniji doprinos smatra se upravo u davanju smjernica stru\u010dnim suradnicima, nastavnicima kao i roditeljima u radu s u\u010denicima s te\u0161ko\u0107ama u razvoju koji su uklju\u010deni u redovne srednje \u0161kole.<\/p>\n<p>Priru\u010dnik je nastao kao rezultat rada na projektu pod nazivom \u201eImplementacija inkluzije u srednje \u0161kole\u201c, \u010diji je \u00a0glavni cilj identifikacija prepreka u implementaciji inkluzije na srednjo\u0161kolskoj razini odgoja i obrazovanja \u0161to je rezultiralo nastankom samog Priru\u010dnika.<\/p>\n<p>Urednice: Velki, Tena; Romstein, Ksenija<\/p>\n<p>Izdava\u010d: Fakultet za odgojne i obrazovne znanosti<\/p>\n<p>Godina izdanja: 2018.<\/p>\n<p>Broj stranica: 192<\/p>\n<p>ISBN 978-953-6965-65-6<\/p>\n<\/div>","protected":false},"excerpt":{"rendered":"<p>&nbsp; U Priru\u010dniku za rad s djecom s te\u0161ko\u0107ama u razvoju u srednjim \u0161kolama prvenstveno se htjelo prikazati postoje\u0107e stanje na podru\u010dju Slavonije kada je rije\u010d o inkluziji djece s te\u0161ko\u0107ama u razvoju u srednje \u0161kole, a za koje se &hellip; <\/p>","protected":false},"featured_media":439,"template":"","meta":[],"product_brand":[],"product_cat":[23],"product_tag":[],"class_list":{"0":"post-438","1":"product","2":"type-product","3":"status-publish","4":"has-post-thumbnail","6":"product_cat-knjige","8":"first","9":"instock","10":"shipping-taxable","11":"purchasable","12":"product-type-simple"},"_links":{"self":[{"href":"https:\/\/www.foozos.hr\/en\/wp-json\/wp\/v2\/product\/438","targetHints":{"allow":["GET"]}}],"collection":[{"href":"https:\/\/www.foozos.hr\/en\/wp-json\/wp\/v2\/product"}],"about":[{"href":"https:\/\/www.foozos.hr\/en\/wp-json\/wp\/v2\/types\/product"}],"wp:featuredmedia":[{"embeddable":true,"href":"https:\/\/www.foozos.hr\/en\/wp-json\/wp\/v2\/media\/439"}],"wp:attachment":[{"href":"https:\/\/www.foozos.hr\/en\/wp-json\/wp\/v2\/media?parent=438"}],"wp:term":[{"taxonomy":"product_brand","embeddable":true,"href":"https:\/\/www.foozos.hr\/en\/wp-json\/wp\/v2\/product_brand?post=438"},{"taxonomy":"product_cat","embeddable":true,"href":"https:\/\/www.foozos.hr\/en\/wp-json\/wp\/v2\/product_cat?post=438"},{"taxonomy":"product_tag","embeddable":true,"href":"https:\/\/www.foozos.hr\/en\/wp-json\/wp\/v2\/product_tag?post=438"}],"curies":[{"name":"wp","href":"https:\/\/api.w.org\/{rel}","templated":true}]}}