{"id":440,"date":"2023-07-30T16:28:45","date_gmt":"2023-07-30T14:28:45","guid":{"rendered":"https:\/\/www.foozos.hr\/?post_type=product&#038;p=440"},"modified":"2024-11-22T14:35:34","modified_gmt":"2024-11-22T13:35:34","slug":"perolagana-noc","status":"publish","type":"product","link":"https:\/\/www.foozos.hr\/en\/product\/perolagana-noc\/","title":{"rendered":"Perolagana no\u0107"},"content":{"rendered":"<div class=\"product-description\">\n<p>Slikovnica Perolagana no\u0107 bavi se problemskim situacijama u \u017eivotu djevoj\u010dice Zare, ali i njezinim prijateljstvom s an\u0111elom Rubinom. Ova topla pri\u010da, puna emocija, na\u0107i \u0107e put do svakoga djeteta i njegovih roditelja i poslu\u017eiti kao izvrstan vodi\u010d studentima, u\u010diteljima i profesorima kako prepoznati situacije u kojima se dijete nalazi i kako mu pomo\u0107i.<\/p>\n<p>Pri\u010da Perolagana no\u0107 prepuru\u010dena je odgojiteljima i u\u010diteljima kao izuzetno zanimljiv i bogat sadr\u017eaj na kojemu mogu obraditi brojne teme iz razli\u010ditih nastavnih predmeta.<\/p>\n<p>Autor: Alar, Edita<\/p>\n<p>Izdava\u010d: Fakultet za odgojne i obrazovne znanosti<\/p>\n<p>Godina izdanja: 2019.<\/p>\n<p>Broj stranica: 21<\/p>\n<p>ISBN: 978-953-6965-79-3<\/p>\n<\/div>","protected":false},"excerpt":{"rendered":"<p>Slikovnica Perolagana no\u0107 bavi se problemskim situacijama u \u017eivotu djevoj\u010dice Zare, ali i njezinim prijateljstvom s an\u0111elom Rubinom. Ova topla pri\u010da, puna emocija, na\u0107i \u0107e put do svakoga djeteta i njegovih roditelja i poslu\u017eiti kao izvrstan vodi\u010d studentima, u\u010diteljima i &hellip; <\/p>","protected":false},"featured_media":441,"template":"","meta":[],"product_brand":[],"product_cat":[23],"product_tag":[],"class_list":{"0":"post-440","1":"product","2":"type-product","3":"status-publish","4":"has-post-thumbnail","6":"product_cat-knjige","8":"first","9":"instock","10":"shipping-taxable","11":"purchasable","12":"product-type-simple"},"_links":{"self":[{"href":"https:\/\/www.foozos.hr\/en\/wp-json\/wp\/v2\/product\/440","targetHints":{"allow":["GET"]}}],"collection":[{"href":"https:\/\/www.foozos.hr\/en\/wp-json\/wp\/v2\/product"}],"about":[{"href":"https:\/\/www.foozos.hr\/en\/wp-json\/wp\/v2\/types\/product"}],"wp:featuredmedia":[{"embeddable":true,"href":"https:\/\/www.foozos.hr\/en\/wp-json\/wp\/v2\/media\/441"}],"wp:attachment":[{"href":"https:\/\/www.foozos.hr\/en\/wp-json\/wp\/v2\/media?parent=440"}],"wp:term":[{"taxonomy":"product_brand","embeddable":true,"href":"https:\/\/www.foozos.hr\/en\/wp-json\/wp\/v2\/product_brand?post=440"},{"taxonomy":"product_cat","embeddable":true,"href":"https:\/\/www.foozos.hr\/en\/wp-json\/wp\/v2\/product_cat?post=440"},{"taxonomy":"product_tag","embeddable":true,"href":"https:\/\/www.foozos.hr\/en\/wp-json\/wp\/v2\/product_tag?post=440"}],"curies":[{"name":"wp","href":"https:\/\/api.w.org\/{rel}","templated":true}]}}