{"id":442,"date":"2023-07-30T16:30:19","date_gmt":"2023-07-30T14:30:19","guid":{"rendered":"https:\/\/www.foozos.hr\/?post_type=product&#038;p=442"},"modified":"2024-11-22T14:35:16","modified_gmt":"2024-11-22T13:35:16","slug":"bibliografija-zivota-i-skole-1982-2017","status":"publish","type":"product","link":"https:\/\/www.foozos.hr\/en\/product\/bibliografija-zivota-i-skole-1982-2017\/","title":{"rendered":"Bibliografija &#8220;\u017divota i \u0161kole&#8221; : 1982. &#8211; 2017."},"content":{"rendered":"<div class=\"product-description\">\n<p>&nbsp;<\/p>\n<p>Bibliografija je zna\u010dajna jer omogu\u0107uje ne samo br\u017ee pretra\u017eivanje informacija ve\u0107 i sveobuhvatnije tra\u017eenje na temelju sadr\u017eaja prema dijelovima, podru\u010djima, poglavljima i podpoglavljima. Omogu\u0107eno je tra\u017eenje informacija i pomo\u0107u autorskog kataloga \u010dlanaka i priloga. Autori nude niz prakti\u010dnih koristi budu\u0107im prosvjetnim djelatnicima (studentima) kao i \u0161irokom krugu djelatnika iz kulturne, prosvjetne i znanstvene zajednice.<\/p>\n<p>Posebna vrijednost ove Bibliografije jest u tome \u0161to autori podsje\u0107aju na va\u017enost \u010dasopisa u pro\u0161losti, njegovu ne samo hrvatsku zna\u010dajnost ve\u0107 i internacionalnu te daju prijedloge za budu\u0107nost.<\/p>\n<p>Autor\/i: Dubovicki, Snje\u017eana; Munjiza, Emerik<\/p>\n<p>Izdava\u010d: Fakultet za odgojne i obrazovne znanosti<\/p>\n<p>Godina izdanja: 2019.<\/p>\n<p>Broj stranica: 200<\/p>\n<p>ISBN: 978-953-6965-89-2<\/p>\n<p>&nbsp;<\/p>\n<p>&nbsp;<\/p>\n<\/div>","protected":false},"excerpt":{"rendered":"<p>&nbsp; Bibliografija je zna\u010dajna jer omogu\u0107uje ne samo br\u017ee pretra\u017eivanje informacija ve\u0107 i sveobuhvatnije tra\u017eenje na temelju sadr\u017eaja prema dijelovima, podru\u010djima, poglavljima i podpoglavljima. Omogu\u0107eno je tra\u017eenje informacija i pomo\u0107u autorskog kataloga \u010dlanaka i priloga. Autori nude niz prakti\u010dnih koristi &hellip; <\/p>","protected":false},"featured_media":443,"template":"","meta":[],"product_brand":[],"product_cat":[23],"product_tag":[],"class_list":{"0":"post-442","1":"product","2":"type-product","3":"status-publish","4":"has-post-thumbnail","6":"product_cat-knjige","8":"first","9":"instock","10":"shipping-taxable","11":"purchasable","12":"product-type-simple"},"_links":{"self":[{"href":"https:\/\/www.foozos.hr\/en\/wp-json\/wp\/v2\/product\/442","targetHints":{"allow":["GET"]}}],"collection":[{"href":"https:\/\/www.foozos.hr\/en\/wp-json\/wp\/v2\/product"}],"about":[{"href":"https:\/\/www.foozos.hr\/en\/wp-json\/wp\/v2\/types\/product"}],"wp:featuredmedia":[{"embeddable":true,"href":"https:\/\/www.foozos.hr\/en\/wp-json\/wp\/v2\/media\/443"}],"wp:attachment":[{"href":"https:\/\/www.foozos.hr\/en\/wp-json\/wp\/v2\/media?parent=442"}],"wp:term":[{"taxonomy":"product_brand","embeddable":true,"href":"https:\/\/www.foozos.hr\/en\/wp-json\/wp\/v2\/product_brand?post=442"},{"taxonomy":"product_cat","embeddable":true,"href":"https:\/\/www.foozos.hr\/en\/wp-json\/wp\/v2\/product_cat?post=442"},{"taxonomy":"product_tag","embeddable":true,"href":"https:\/\/www.foozos.hr\/en\/wp-json\/wp\/v2\/product_tag?post=442"}],"curies":[{"name":"wp","href":"https:\/\/api.w.org\/{rel}","templated":true}]}}