{"id":444,"date":"2023-07-30T16:31:21","date_gmt":"2023-07-30T14:31:21","guid":{"rendered":"https:\/\/www.foozos.hr\/?post_type=product&#038;p=444"},"modified":"2024-11-22T14:34:57","modified_gmt":"2024-11-22T13:34:57","slug":"izazovi-digitalnog-svijeta","status":"publish","type":"product","link":"https:\/\/www.foozos.hr\/en\/product\/izazovi-digitalnog-svijeta\/","title":{"rendered":"Izazovi digitalnog svijeta"},"content":{"rendered":"<div class=\"product-description\">\n<p>&nbsp;<\/p>\n<p>Izazovi digitalnog svijeta sveu\u010dili\u0161ni je interdisciplinarni ud\u017ebenik koji je rezultat vi\u0161egodi\u0161njeg znanstvenog istra\u017eivanja, a obuhva\u0107a in\u017eenjere, psihologe i pravnike-doktore znanosti i priznate stru\u010dnjake u svojim podru\u010djima.<\/p>\n<p>Ukupno 14 autora s razli\u010ditih fakulteta Sveu\u010dili\u0161ta J. J. Strossmayera u Osijeku te Sveu\u010dili\u0161ta u Zagrebu napisalo je ukupno 12 poglavlja koja obuhva\u0107aju pregled psiholo\u0161kih, pravnih i tehni\u010dkih aspekata informacijske sigurnosti i za\u0161tite privatnosti i op\u0107enito digitalnog svijeta. Osim analize trenutnog stanja te prikaza uzro\u010dno-posljedi\u010dnih odnosa izme\u0111u pona\u0161anja i rizika od mogu\u0107ih posljedica, navedene su i preporuke za za\u0161titu pojedinaca.<\/p>\n<p>Ud\u017ebenik je namijenjen svim korisnicima informacijsko-komunikacijskih sustava koji se u svojem svakodnevnom radu i aktivnostima susre\u0107u s raznim problemima digitalnog doba, od proboja informacijske sigurnosti, odnosno otu\u0111enja i kra\u0111e digitalnih podataka te njihove zloupotrebe, do razli\u010ditih oblika zlostavljanja novim informacijsko-komunikacijskim tehnologijama.<\/p>\n<p>&nbsp;<\/p>\n<p>Urednik\/ci: Velki, Tena; \u0160oli\u0107, Kre\u0161imir<\/p>\n<p>Izdava\u010d: Fakultet za odgojne i obrazovne znanosti<\/p>\n<p>Godina izdanja: 2019.<\/p>\n<p>Broj stranica: 314<\/p>\n<p>ISBN: 978-953-6965-88-5<\/p>\n<\/div>","protected":false},"excerpt":{"rendered":"<p>&nbsp; Izazovi digitalnog svijeta sveu\u010dili\u0161ni je interdisciplinarni ud\u017ebenik koji je rezultat vi\u0161egodi\u0161njeg znanstvenog istra\u017eivanja, a obuhva\u0107a in\u017eenjere, psihologe i pravnike-doktore znanosti i priznate stru\u010dnjake u svojim podru\u010djima. Ukupno 14 autora s razli\u010ditih fakulteta Sveu\u010dili\u0161ta J. J. Strossmayera u Osijeku te &hellip; <\/p>","protected":false},"featured_media":445,"template":"","meta":[],"product_brand":[],"product_cat":[23],"product_tag":[],"class_list":{"0":"post-444","1":"product","2":"type-product","3":"status-publish","4":"has-post-thumbnail","6":"product_cat-knjige","8":"first","9":"instock","10":"shipping-taxable","11":"purchasable","12":"product-type-simple"},"_links":{"self":[{"href":"https:\/\/www.foozos.hr\/en\/wp-json\/wp\/v2\/product\/444","targetHints":{"allow":["GET"]}}],"collection":[{"href":"https:\/\/www.foozos.hr\/en\/wp-json\/wp\/v2\/product"}],"about":[{"href":"https:\/\/www.foozos.hr\/en\/wp-json\/wp\/v2\/types\/product"}],"wp:featuredmedia":[{"embeddable":true,"href":"https:\/\/www.foozos.hr\/en\/wp-json\/wp\/v2\/media\/445"}],"wp:attachment":[{"href":"https:\/\/www.foozos.hr\/en\/wp-json\/wp\/v2\/media?parent=444"}],"wp:term":[{"taxonomy":"product_brand","embeddable":true,"href":"https:\/\/www.foozos.hr\/en\/wp-json\/wp\/v2\/product_brand?post=444"},{"taxonomy":"product_cat","embeddable":true,"href":"https:\/\/www.foozos.hr\/en\/wp-json\/wp\/v2\/product_cat?post=444"},{"taxonomy":"product_tag","embeddable":true,"href":"https:\/\/www.foozos.hr\/en\/wp-json\/wp\/v2\/product_tag?post=444"}],"curies":[{"name":"wp","href":"https:\/\/api.w.org\/{rel}","templated":true}]}}