{"id":446,"date":"2023-07-30T16:32:20","date_gmt":"2023-07-30T14:32:20","guid":{"rendered":"https:\/\/www.foozos.hr\/?post_type=product&#038;p=446"},"modified":"2025-03-20T07:04:19","modified_gmt":"2025-03-20T06:04:19","slug":"dijete-i-jezik-danas-razvoj-pismenosti-u-materinskom-i-inom-jeziku-zbornik-sa-znanstvenoga-skupa-s-medunarodnim-sudjelovanjem","status":"publish","type":"product","link":"https:\/\/www.foozos.hr\/en\/product\/dijete-i-jezik-danas-razvoj-pismenosti-u-materinskom-i-inom-jeziku-zbornik-sa-znanstvenoga-skupa-s-medunarodnim-sudjelovanjem\/","title":{"rendered":"Dijete i jezik danas : razvoj pismenosti u materinskom i inom jeziku : zbornik sa znanstvenoga skupa s me\u0111unarodnim sudjelovanjem"},"content":{"rendered":"<div class=\"product-description\">\n<p>&nbsp;<\/p>\n<p>Znanstveni skup s me\u0111unarodnim sudjelovanjem <em>Dijete i jezik danas<\/em> za\u017eivio 2001. godine i prerastao u tradicionalno okupljanje doma\u0107ih i inozemnih znanstvenika prou\u010davatelja ranog u\u010denja jezika.<\/p>\n<p>Zbornik radova sa 8. me\u0111unarodnog znanstvenog skupa <em>Dijete i jezik danas<\/em>, odr\u017eanog 1. i 2. prosinca 2017. godine u Osijeku donosi radove hrvatskih i inozemnih znanstvenika koji govore o pismenosti u materinskom i inom jeziku, a glavne teme koje obra\u0111uje su: izranjaju\u0107a pismenost, razvoj funkcionalne pismenosti, me\u0111ujezi\u010dni utjecaji, jezi\u010dni krajobraz i razvoj pismenosti.<\/p>\n<p>Urednik\/ci: Majdeni\u0107, Valentina; Trtanj, Ivana; \u017divkovi\u0107 Zebec, Valentina<\/p>\n<p>Izdava\u010d: Fakultet za odgojne i obrazovne znanosti<\/p>\n<p>Godina izdanja: 2019.<\/p>\n<p>Broj stranica: 225<\/p>\n<p>ISBN: 978-953-6965-73-1<\/p>\n<p>&nbsp;<\/p>\n<p>&nbsp;<\/p>\n<\/div>","protected":false},"excerpt":{"rendered":"<p>&nbsp; Znanstveni skup s me\u0111unarodnim sudjelovanjem Dijete i jezik danas za\u017eivio 2001. godine i prerastao u tradicionalno okupljanje doma\u0107ih i inozemnih znanstvenika prou\u010davatelja ranog u\u010denja jezika. Zbornik radova sa 8. me\u0111unarodnog znanstvenog skupa Dijete i jezik danas, odr\u017eanog 1. i &hellip; <\/p>","protected":false},"featured_media":447,"template":"","meta":[],"product_brand":[],"product_cat":[23],"product_tag":[],"class_list":{"0":"post-446","1":"product","2":"type-product","3":"status-publish","4":"has-post-thumbnail","6":"product_cat-knjige","8":"first","9":"instock","10":"shipping-taxable","11":"purchasable","12":"product-type-simple"},"_links":{"self":[{"href":"https:\/\/www.foozos.hr\/en\/wp-json\/wp\/v2\/product\/446","targetHints":{"allow":["GET"]}}],"collection":[{"href":"https:\/\/www.foozos.hr\/en\/wp-json\/wp\/v2\/product"}],"about":[{"href":"https:\/\/www.foozos.hr\/en\/wp-json\/wp\/v2\/types\/product"}],"wp:featuredmedia":[{"embeddable":true,"href":"https:\/\/www.foozos.hr\/en\/wp-json\/wp\/v2\/media\/447"}],"wp:attachment":[{"href":"https:\/\/www.foozos.hr\/en\/wp-json\/wp\/v2\/media?parent=446"}],"wp:term":[{"taxonomy":"product_brand","embeddable":true,"href":"https:\/\/www.foozos.hr\/en\/wp-json\/wp\/v2\/product_brand?post=446"},{"taxonomy":"product_cat","embeddable":true,"href":"https:\/\/www.foozos.hr\/en\/wp-json\/wp\/v2\/product_cat?post=446"},{"taxonomy":"product_tag","embeddable":true,"href":"https:\/\/www.foozos.hr\/en\/wp-json\/wp\/v2\/product_tag?post=446"}],"curies":[{"name":"wp","href":"https:\/\/api.w.org\/{rel}","templated":true}]}}