{"id":448,"date":"2023-07-30T16:33:17","date_gmt":"2023-07-30T14:33:17","guid":{"rendered":"https:\/\/www.foozos.hr\/?post_type=product&#038;p=448"},"modified":"2024-11-22T14:34:08","modified_gmt":"2024-11-22T13:34:08","slug":"education-and-training-as-basis-for-future-employment-proceedings-from-international-conference","status":"publish","type":"product","link":"https:\/\/www.foozos.hr\/en\/product\/education-and-training-as-basis-for-future-employment-proceedings-from-international-conference\/","title":{"rendered":"Education and training as basis for future employment : proceedings from International conference"},"content":{"rendered":"<div class=\"product-description\">\n<p>Zbornik radova Education and training as basis for future employment nastao je kao rezultat me\u0111unarodne znanstvene konferencije odr\u017eane 21.-22. rujna 2017. godine\u00a0 u Japanu, \u00a0a u organizaciji \u00a0Fakulteta za odgojne i obrazovne znanosti i Sveu\u010dili\u0161ta Wakayama, Japan.<\/p>\n<p>Zbornik donosi radove znanstvenika iz razli\u010ditih podru\u010dja znanosti, a propituju teme tradicionalnog i novog obrazovanja, mogu\u0107nosti \u00a0primjene futurolo\u0161kih metoda u pou\u010davanju te \u00a0inkluzivnoga obrazovanja.<\/p>\n<p>Tako\u0111er \u00a0obra\u0111uje i teme\u00a0 interkulturalnog obrazovanju u europskom kontekstu, mogu\u0107nosti zapo\u0161ljavanja u budu\u0107nosti te potrebe novih studijskih programa u skladu s dru\u0161tvenim promjenama.<\/p>\n<p>&nbsp;<\/p>\n<p>Urednici: Matanovi\u0107, Damir; Uemura, Arata<\/p>\n<p>Izdava\u010d: J. J. Strossmayer University of Osijek, Faculty of Education ; Wakayama University Japan, Faculty of Economics<\/p>\n<p>Godina izdanja: 2019.<\/p>\n<p>Broj stranica: 191<\/p>\n<p>ISBN: 978-9536365-85-4<\/p>\n<\/div>","protected":false},"excerpt":{"rendered":"<p>Zbornik radova Education and training as basis for future employment nastao je kao rezultat me\u0111unarodne znanstvene konferencije odr\u017eane 21.-22. rujna 2017. godine\u00a0 u Japanu, \u00a0a u organizaciji \u00a0Fakulteta za odgojne i obrazovne znanosti i Sveu\u010dili\u0161ta Wakayama, Japan. Zbornik donosi radove &hellip; <\/p>","protected":false},"featured_media":449,"template":"","meta":[],"product_brand":[],"product_cat":[23],"product_tag":[],"class_list":{"0":"post-448","1":"product","2":"type-product","3":"status-publish","4":"has-post-thumbnail","6":"product_cat-knjige","8":"first","9":"instock","10":"shipping-taxable","11":"purchasable","12":"product-type-simple"},"_links":{"self":[{"href":"https:\/\/www.foozos.hr\/en\/wp-json\/wp\/v2\/product\/448","targetHints":{"allow":["GET"]}}],"collection":[{"href":"https:\/\/www.foozos.hr\/en\/wp-json\/wp\/v2\/product"}],"about":[{"href":"https:\/\/www.foozos.hr\/en\/wp-json\/wp\/v2\/types\/product"}],"wp:featuredmedia":[{"embeddable":true,"href":"https:\/\/www.foozos.hr\/en\/wp-json\/wp\/v2\/media\/449"}],"wp:attachment":[{"href":"https:\/\/www.foozos.hr\/en\/wp-json\/wp\/v2\/media?parent=448"}],"wp:term":[{"taxonomy":"product_brand","embeddable":true,"href":"https:\/\/www.foozos.hr\/en\/wp-json\/wp\/v2\/product_brand?post=448"},{"taxonomy":"product_cat","embeddable":true,"href":"https:\/\/www.foozos.hr\/en\/wp-json\/wp\/v2\/product_cat?post=448"},{"taxonomy":"product_tag","embeddable":true,"href":"https:\/\/www.foozos.hr\/en\/wp-json\/wp\/v2\/product_tag?post=448"}],"curies":[{"name":"wp","href":"https:\/\/api.w.org\/{rel}","templated":true}]}}