{"id":450,"date":"2023-07-30T16:34:34","date_gmt":"2023-07-30T14:34:34","guid":{"rendered":"https:\/\/www.foozos.hr\/?post_type=product&#038;p=450"},"modified":"2026-02-22T20:16:32","modified_gmt":"2026-02-22T19:16:32","slug":"metodicki-pristup-nastavi-prinosi-razvoju-metodika-nastavnih-predmeta-osnovnoskolskog-srednjoskolskog-i-visokoskolskog-obrazovanja","status":"publish","type":"product","link":"https:\/\/www.foozos.hr\/en\/product\/metodicki-pristup-nastavi-prinosi-razvoju-metodika-nastavnih-predmeta-osnovnoskolskog-srednjoskolskog-i-visokoskolskog-obrazovanja\/","title":{"rendered":"Metodi\u010dki pristup nastavi &#8211; Prinosi razvoju metodika nastavnih predmeta osnovno\u0161kolskog, srednjo\u0161kolskog i visoko\u0161kolskog obrazovanja"},"content":{"rendered":"<div class=\"product-description\">\n<p>Svrha je ovoga ud\u017ebenika omogu\u0107iti\/pomo\u0107i u\u010diteljima, nastavnicima, asistentima, znanstvenim novacima, ali i sveu\u010dili\u0161nim nastavnicima u stvaranju i kreiranju nastavnih programa i nastave u cilju \u0161to uspje\u0161nijeg pou\u010davanja.<\/p>\n<p>Cilj je ud\u017ebenika poticati aktivan pristup u\u010denju, samostalnost u radu, kriti\u010dki odnos prema teorijama, konceptima i dimenzijama odgoja i obrazovanja, prema rezultatima vlastitih uradaka i uradaka drugih, timski rad i posebice pristup stjecanju znanja u konkretnim odgojno-obrazovnim situacijama. Sadr\u017eaj je usmjeren na jednu od osam temeljnih kompetencija za cjelo\u017eivotno u\u010denje-u\u010diti kako u\u010diti.<\/p>\n<p>&nbsp;<\/p>\n<p>Autor\/i: Bori\u0107, Edita; Bori\u0107 Letica, Ivana<\/p>\n<p>Izdava\u010d: Fakultet za odgojne i obrazovne znanosti<\/p>\n<p>Godina izdanja: 2019.<\/p>\n<p>Broj stranica: 271<\/p>\n<p>ISBN: 978-953-6965-81-6<\/p>\n<\/div>","protected":false},"excerpt":{"rendered":"<p>Svrha je ovoga ud\u017ebenika omogu\u0107iti\/pomo\u0107i u\u010diteljima, nastavnicima, asistentima, znanstvenim novacima, ali i sveu\u010dili\u0161nim nastavnicima u stvaranju i kreiranju nastavnih programa i nastave u cilju \u0161to uspje\u0161nijeg pou\u010davanja. Cilj je ud\u017ebenika poticati aktivan pristup u\u010denju, samostalnost u radu, kriti\u010dki odnos prema &hellip; <\/p>","protected":false},"featured_media":451,"template":"","meta":[],"product_brand":[],"product_cat":[23],"product_tag":[],"class_list":{"0":"post-450","1":"product","2":"type-product","3":"status-publish","4":"has-post-thumbnail","6":"product_cat-knjige","8":"first","9":"instock","10":"shipping-taxable","11":"purchasable","12":"product-type-simple"},"_links":{"self":[{"href":"https:\/\/www.foozos.hr\/en\/wp-json\/wp\/v2\/product\/450","targetHints":{"allow":["GET"]}}],"collection":[{"href":"https:\/\/www.foozos.hr\/en\/wp-json\/wp\/v2\/product"}],"about":[{"href":"https:\/\/www.foozos.hr\/en\/wp-json\/wp\/v2\/types\/product"}],"wp:featuredmedia":[{"embeddable":true,"href":"https:\/\/www.foozos.hr\/en\/wp-json\/wp\/v2\/media\/451"}],"wp:attachment":[{"href":"https:\/\/www.foozos.hr\/en\/wp-json\/wp\/v2\/media?parent=450"}],"wp:term":[{"taxonomy":"product_brand","embeddable":true,"href":"https:\/\/www.foozos.hr\/en\/wp-json\/wp\/v2\/product_brand?post=450"},{"taxonomy":"product_cat","embeddable":true,"href":"https:\/\/www.foozos.hr\/en\/wp-json\/wp\/v2\/product_cat?post=450"},{"taxonomy":"product_tag","embeddable":true,"href":"https:\/\/www.foozos.hr\/en\/wp-json\/wp\/v2\/product_tag?post=450"}],"curies":[{"name":"wp","href":"https:\/\/api.w.org\/{rel}","templated":true}]}}