{"id":452,"date":"2023-07-30T16:35:29","date_gmt":"2023-07-30T14:35:29","guid":{"rendered":"https:\/\/www.foozos.hr\/?post_type=product&#038;p=452"},"modified":"2026-03-26T16:04:18","modified_gmt":"2026-03-26T15:04:18","slug":"likovna-kultura-i-likovne-tehnike-sveucilisni-udzbenik-za-1-godinu-integriranoga-preddiplomskoga-i-diplomskoga-uciteljskoga-studija","status":"publish","type":"product","link":"https:\/\/www.foozos.hr\/en\/product\/likovna-kultura-i-likovne-tehnike-sveucilisni-udzbenik-za-1-godinu-integriranoga-preddiplomskoga-i-diplomskoga-uciteljskoga-studija\/","title":{"rendered":"Likovna kultura i likovne tehnike : sveu\u010dili\u0161ni ud\u017ebenik za 1. godinu integriranoga preddiplomskoga i diplomskoga U\u010diteljskoga studija"},"content":{"rendered":"<div class=\"product-description\">\n<p>Ovaj sveu\u010dili\u0161ni ud\u017ebenik \u00a0prvenstveno je \u00a0namijenjena studentima, budu\u0107im u\u010diteljima i odgajateljima, ali mo\u017ee prona\u0107i i \u0161iru primjenu.<\/p>\n<p>Ud\u017ebenik se sastoji od dvaju poglavlja: Likovnog jezika i Likovnih tehnika, uz veliki broj primjera likovno-umjetni\u010dkih djela s poja\u0161njenjima te primjera iz same nastavne prakse. Reprodukcije su pri oblikovanju ovoga ud\u017ebenika s namjerom smanjene, kako bi slu\u017eile samo kao informacija i pri tome potaknule korisnike da sami istra\u017euju sve opse\u017eniju internetsku bazu podataka. Sva likovno-umjetni\u010dka teorija, kojom se bavi u ovoj knjizi, trebala bi poslu\u017eiti (budu\u0107im) u\u010diteljima kao priru\u010dnik za nastavu i oblikovanje kvalitetne pripreme.<\/p>\n<p>&nbsp;<\/p>\n<p>Autor: \u0160o\u0161i\u0107, Marko<\/p>\n<p>Izdava\u010d: Fakultet za odgojne i obrazovne znanosti<\/p>\n<p>Godina izdanja: 2019.<\/p>\n<p>Broj stranica: 97<\/p>\n<p>ISBN: 978-953-6965-75-5<\/p>\n<\/div>","protected":false},"excerpt":{"rendered":"<p>Ovaj sveu\u010dili\u0161ni ud\u017ebenik \u00a0prvenstveno je \u00a0namijenjena studentima, budu\u0107im u\u010diteljima i odgajateljima, ali mo\u017ee prona\u0107i i \u0161iru primjenu. Ud\u017ebenik se sastoji od dvaju poglavlja: Likovnog jezika i Likovnih tehnika, uz veliki broj primjera likovno-umjetni\u010dkih djela s poja\u0161njenjima te primjera iz same &hellip; <\/p>","protected":false},"featured_media":453,"template":"","meta":[],"product_brand":[],"product_cat":[23],"product_tag":[],"class_list":{"0":"post-452","1":"product","2":"type-product","3":"status-publish","4":"has-post-thumbnail","6":"product_cat-knjige","8":"first","9":"instock","10":"shipping-taxable","11":"purchasable","12":"product-type-simple"},"_links":{"self":[{"href":"https:\/\/www.foozos.hr\/en\/wp-json\/wp\/v2\/product\/452","targetHints":{"allow":["GET"]}}],"collection":[{"href":"https:\/\/www.foozos.hr\/en\/wp-json\/wp\/v2\/product"}],"about":[{"href":"https:\/\/www.foozos.hr\/en\/wp-json\/wp\/v2\/types\/product"}],"wp:featuredmedia":[{"embeddable":true,"href":"https:\/\/www.foozos.hr\/en\/wp-json\/wp\/v2\/media\/453"}],"wp:attachment":[{"href":"https:\/\/www.foozos.hr\/en\/wp-json\/wp\/v2\/media?parent=452"}],"wp:term":[{"taxonomy":"product_brand","embeddable":true,"href":"https:\/\/www.foozos.hr\/en\/wp-json\/wp\/v2\/product_brand?post=452"},{"taxonomy":"product_cat","embeddable":true,"href":"https:\/\/www.foozos.hr\/en\/wp-json\/wp\/v2\/product_cat?post=452"},{"taxonomy":"product_tag","embeddable":true,"href":"https:\/\/www.foozos.hr\/en\/wp-json\/wp\/v2\/product_tag?post=452"}],"curies":[{"name":"wp","href":"https:\/\/api.w.org\/{rel}","templated":true}]}}