{"id":454,"date":"2023-07-30T16:36:28","date_gmt":"2023-07-30T14:36:28","guid":{"rendered":"https:\/\/www.foozos.hr\/?post_type=product&#038;p=454"},"modified":"2026-01-22T20:49:41","modified_gmt":"2026-01-22T19:49:41","slug":"s-hrvatskim-na-ti-zbirka-zadataka-iz-hrvatskoga-jezika-za-studente-uciteljskih-i-predskolskih-studija","status":"publish","type":"product","link":"https:\/\/www.foozos.hr\/en\/product\/s-hrvatskim-na-ti-zbirka-zadataka-iz-hrvatskoga-jezika-za-studente-uciteljskih-i-predskolskih-studija\/","title":{"rendered":"S hrvatskim na ti &#8211; Zbirka zadataka iz hrvatskoga jezika za studente u\u010diteljskih i pred\u0161kolskih studija"},"content":{"rendered":"<div class=\"product-description\">\n<p>&nbsp;<\/p>\n<p>Zbirka se sastoji od raznolikih zadataka i rje\u0161enja zadataka vezanih uz sljede\u0107a podru\u010dja: Glas, glasovne promjene i naglasci, Vrste i oblici rije\u010di, Re\u010denica i re\u010deni\u010dni dijelovi, Pravopis te Lektoriranje i jezi\u010dni savjeti. Ova pravopisno-gramati\u010dka zbirka omogu\u0107uje lak\u0161e usvajanje jezi\u010dnih pravila i zakonitosti.<\/p>\n<p>Pozama\u0161an broj zadataka i raspon njihove te\u017eine od jednostavnih prema slo\u017eenijima, nude vam mogu\u0107nost da odaberete zadatke koji su vam trenuta\u010dno potrebni, ali i koji odgovaraju va\u0161em trenuta\u010dnom znanju odre\u0111enog dijela gradiva. Rje\u0161enja zadataka pomo\u0107i \u0107e vam da u svakom trenutku mo\u017eete provjeriti svoj napredak i uspjeh. Koriste\u0107i se njome, ne mo\u017eete drugo nego biti s hrvatskim na ti.<\/p>\n<p>&nbsp;<\/p>\n<p>Autor: Trtanj, Ivana<\/p>\n<p>Izdava\u010d: Fakultet za odgojne i obrazovne znanosti<\/p>\n<p>Godina izdanja: 2019.<\/p>\n<p>Broj stranica: 96<\/p>\n<p>ISBN: 978-953-6965-83-0<\/p>\n<\/div>","protected":false},"excerpt":{"rendered":"<p>&nbsp; Zbirka se sastoji od raznolikih zadataka i rje\u0161enja zadataka vezanih uz sljede\u0107a podru\u010dja: Glas, glasovne promjene i naglasci, Vrste i oblici rije\u010di, Re\u010denica i re\u010deni\u010dni dijelovi, Pravopis te Lektoriranje i jezi\u010dni savjeti. Ova pravopisno-gramati\u010dka zbirka omogu\u0107uje lak\u0161e usvajanje jezi\u010dnih &hellip; <\/p>","protected":false},"featured_media":455,"template":"","meta":[],"product_brand":[],"product_cat":[23],"product_tag":[],"class_list":{"0":"post-454","1":"product","2":"type-product","3":"status-publish","4":"has-post-thumbnail","6":"product_cat-knjige","8":"first","9":"instock","10":"shipping-taxable","11":"purchasable","12":"product-type-simple"},"_links":{"self":[{"href":"https:\/\/www.foozos.hr\/en\/wp-json\/wp\/v2\/product\/454","targetHints":{"allow":["GET"]}}],"collection":[{"href":"https:\/\/www.foozos.hr\/en\/wp-json\/wp\/v2\/product"}],"about":[{"href":"https:\/\/www.foozos.hr\/en\/wp-json\/wp\/v2\/types\/product"}],"wp:featuredmedia":[{"embeddable":true,"href":"https:\/\/www.foozos.hr\/en\/wp-json\/wp\/v2\/media\/455"}],"wp:attachment":[{"href":"https:\/\/www.foozos.hr\/en\/wp-json\/wp\/v2\/media?parent=454"}],"wp:term":[{"taxonomy":"product_brand","embeddable":true,"href":"https:\/\/www.foozos.hr\/en\/wp-json\/wp\/v2\/product_brand?post=454"},{"taxonomy":"product_cat","embeddable":true,"href":"https:\/\/www.foozos.hr\/en\/wp-json\/wp\/v2\/product_cat?post=454"},{"taxonomy":"product_tag","embeddable":true,"href":"https:\/\/www.foozos.hr\/en\/wp-json\/wp\/v2\/product_tag?post=454"}],"curies":[{"name":"wp","href":"https:\/\/api.w.org\/{rel}","templated":true}]}}